
{"id":4953,"date":"2017-10-02T10:09:25","date_gmt":"2017-10-02T10:09:25","guid":{"rendered":"http:\/\/eu.hero.ca\/?page_id=4953"},"modified":"2017-10-02T10:09:25","modified_gmt":"2017-10-02T10:09:25","slug":"mission","status":"publish","type":"page","link":"https:\/\/eu.hero.ca\/de\/mission\/","title":{"rendered":"MISSION"},"content":{"rendered":"<p>[et_pb_section bb_built=&#8220;1&#8243; fullwidth=&#8220;on&#8220; specialty=&#8220;off&#8220; _builder_version=&#8220;3.0.51&#8243;][et_pb_fullwidth_image admin_label=&#8220;Banda intestazione&#8220; _builder_version=&#8220;3.0.51&#8243; src=&#8220;https:\/\/eu.hero.ca\/wp-content\/uploads\/2017\/03\/colors_slim.jpg&#8220; show_in_lightbox=&#8220;off&#8220; url_new_window=&#8220;off&#8220; use_overlay=&#8220;off&#8220; border_style=&#8220;solid&#8220; animation=&#8220;left&#8220; \/][\/et_pb_section][et_pb_section bb_built=&#8220;1&#8243; admin_label=&#8220;Sezione&#8220; fullwidth=&#8220;on&#8220; specialty=&#8220;off&#8220;][et_pb_fullwidth_header admin_label=&#8220;Intestazione a Larghezza Piena&#8220; title=&#8220;MISSION &amp; VISION&#8220; background_layout=&#8220;dark&#8220; text_orientation=&#8220;center&#8220; header_fullscreen=&#8220;off&#8220; header_scroll_down=&#8220;off&#8220; background_url=&#8220;https:\/\/eu.hero.ca\/wp-content\/uploads\/2017\/02\/hero_mission.jpg&#8220; background_overlay_color=&#8220;rgba(38,38,38,0.81)&#8220; content_orientation=&#8220;center&#8220; image_orientation=&#8220;center&#8220; custom_button_one=&#8220;off&#8220; button_one_letter_spacing=&#8220;0&#8243; button_one_icon_placement=&#8220;right&#8220; button_one_letter_spacing_hover=&#8220;0&#8243; custom_button_two=&#8220;off&#8220; button_two_letter_spacing=&#8220;0&#8243; button_two_icon_placement=&#8220;right&#8220; button_two_letter_spacing_hover=&#8220;0&#8243; background_image=&#8220;https:\/\/eu.hero.ca\/wp-content\/uploads\/2017\/02\/hero_mission.jpg&#8220; _builder_version=&#8220;3.0.51&#8243; \/][\/et_pb_section][et_pb_section bb_built=&#8220;1&#8243; admin_label=&#8220;section&#8220; inner_shadow=&#8220;off&#8220; parallax=&#8220;off&#8220;][et_pb_row admin_label=&#8220;row&#8220; background_position=&#8220;top_left&#8220; background_repeat=&#8220;repeat&#8220; background_size=&#8220;initial&#8220;][et_pb_column type=&#8220;1_3&#8243;][et_pb_image admin_label=&#8220;Immagine&#8220; src=&#8220;https:\/\/eu.hero.ca\/wp-content\/uploads\/2017\/02\/hero_mission.jpg&#8220; show_in_lightbox=&#8220;off&#8220; url_new_window=&#8220;off&#8220; use_overlay=&#8220;off&#8220; animation=&#8220;left&#8220; sticky=&#8220;off&#8220; align=&#8220;left&#8220; force_fullwidth=&#8220;off&#8220; always_center_on_mobile=&#8220;on&#8220; use_border_color=&#8220;off&#8220; border_color=&#8220;#ffffff&#8220; border_style=&#8220;solid&#8220; \/][\/et_pb_column][et_pb_column type=&#8220;2_3&#8243;][et_pb_text admin_label=&#8220;Testo&#8220; background_layout=&#8220;light&#8220; border_style=&#8220;solid&#8220; background_position=&#8220;top_left&#8220; background_repeat=&#8220;repeat&#8220; background_size=&#8220;initial&#8220; _builder_version=&#8220;3.0.76&#8243;]<\/p>\n<p>&nbsp;<\/p>\n<h1>MISSION<\/h1>\n<p>HERO befasst sich im Wesentlichen mit der Planung, Entwicklung, Herstellung und dem Vertrieb von Dosier- und Mischanlagen, die den vielf\u00e4ltigen Anforderungen der Farb- und Lack-, der Fahrzeug-, Chemie- und Pharma- sowie der Kosmetikindustrie weltweit entgegenkommen.<\/p>\n<p>HERO bietet dar\u00fcber hinaus einen kompletten Service, sowohl, was die Planung, als auch, was die technische Unterst\u00fctzung seiner international ans\u00e4ssigen Kundschaft betrifft.<\/p>\n<h1><\/h1>\n<h1>VISION<\/h1>\n<p>Unser Ziel ist es, innovative Dosier- und Mischanlagen zu entwickeln, mit dem Bestreben, auf dem Markt in F\u00fchrung zu gehen.<\/p>\n<p>&nbsp;<\/p>\n<p>[\/et_pb_text][\/et_pb_column][\/et_pb_row][\/et_pb_section]<\/p>\n","protected":false},"excerpt":{"rendered":"<p>&nbsp; MISSION HERO befasst sich im Wesentlichen mit der Planung, Entwicklung, Herstellung und dem Vertrieb von Dosier- und Mischanlagen, die den vielf\u00e4ltigen Anforderungen der Farb- und Lack-, der Fahrzeug-, Chemie- und Pharma- sowie der Kosmetikindustrie weltweit entgegenkommen. HERO bietet dar\u00fcber hinaus einen kompletten Service, sowohl, was die Planung, als auch, was die technische Unterst\u00fctzung seiner [&hellip;]<\/p>\n","protected":false},"author":1,"featured_media":0,"parent":0,"menu_order":0,"comment_status":"closed","ping_status":"closed","template":"","meta":{"_et_pb_use_builder":"on","_et_pb_old_content":"","_et_gb_content_width":"","footnotes":""},"class_list":["post-4953","page","type-page","status-publish","hentry"],"_links":{"self":[{"href":"https:\/\/eu.hero.ca\/de\/wp-json\/wp\/v2\/pages\/4953","targetHints":{"allow":["GET"]}}],"collection":[{"href":"https:\/\/eu.hero.ca\/de\/wp-json\/wp\/v2\/pages"}],"about":[{"href":"https:\/\/eu.hero.ca\/de\/wp-json\/wp\/v2\/types\/page"}],"author":[{"embeddable":true,"href":"https:\/\/eu.hero.ca\/de\/wp-json\/wp\/v2\/users\/1"}],"replies":[{"embeddable":true,"href":"https:\/\/eu.hero.ca\/de\/wp-json\/wp\/v2\/comments?post=4953"}],"version-history":[{"count":0,"href":"https:\/\/eu.hero.ca\/de\/wp-json\/wp\/v2\/pages\/4953\/revisions"}],"wp:attachment":[{"href":"https:\/\/eu.hero.ca\/de\/wp-json\/wp\/v2\/media?parent=4953"}],"curies":[{"name":"wp","href":"https:\/\/api.w.org\/{rel}","templated":true}]}}