
{"id":6041,"date":"2017-10-06T10:06:16","date_gmt":"2017-10-06T10:06:16","guid":{"rendered":"http:\/\/eu.hero.ca\/geschichte\/"},"modified":"2017-10-06T10:06:17","modified_gmt":"2017-10-06T10:06:17","slug":"geschichte","status":"publish","type":"page","link":"https:\/\/eu.hero.ca\/de\/geschichte\/","title":{"rendered":"GESCHICHTE"},"content":{"rendered":"<p>[et_pb_section bb_built=&#8220;1&#8243; admin_label=&#8220;Section&#8220; fullwidth=&#8220;on&#8220; specialty=&#8220;off&#8220; _builder_version=&#8220;3.0.51&#8243; global_module=&#8220;4602&#8243;][et_pb_fullwidth_image admin_label=&#8220;Banda intestazione&#8220; global_parent=&#8220;4602&#8243; _builder_version=&#8220;3.0.51&#8243; src=&#8220;https:\/\/eu.hero.ca\/wp-content\/uploads\/2017\/03\/colors_slim.jpg&#8220; show_in_lightbox=&#8220;off&#8220; url_new_window=&#8220;off&#8220; use_overlay=&#8220;off&#8220; border_style=&#8220;solid&#8220; animation=&#8220;left&#8220; \/][\/et_pb_section][et_pb_section bb_built=&#8220;1&#8243; admin_label=&#8220;Sezione&#8220; fullwidth=&#8220;on&#8220; specialty=&#8220;off&#8220;][et_pb_fullwidth_header admin_label=&#8220;Intestazione a Larghezza Piena&#8220; title=&#8220;GESCHICHTE&#8220; background_layout=&#8220;dark&#8220; text_orientation=&#8220;center&#8220; header_fullscreen=&#8220;off&#8220; header_scroll_down=&#8220;off&#8220; background_url=&#8220;https:\/\/eu.hero.ca\/wp-content\/uploads\/2017\/02\/hero_History.jpg&#8220; background_overlay_color=&#8220;rgba(38,38,38,0.81)&#8220; content_orientation=&#8220;center&#8220; image_orientation=&#8220;center&#8220; custom_button_one=&#8220;off&#8220; button_one_letter_spacing=&#8220;0&#8243; button_one_icon_placement=&#8220;right&#8220; button_one_letter_spacing_hover=&#8220;0&#8243; custom_button_two=&#8220;off&#8220; button_two_letter_spacing=&#8220;0&#8243; button_two_icon_placement=&#8220;right&#8220; button_two_letter_spacing_hover=&#8220;0&#8243; background_image=&#8220;https:\/\/eu.hero.ca\/wp-content\/uploads\/2017\/02\/hero_History.jpg&#8220; _builder_version=&#8220;3.0.51&#8243; \/][\/et_pb_section][et_pb_section bb_built=&#8220;1&#8243; admin_label=&#8220;section&#8220; inner_shadow=&#8220;off&#8220; parallax=&#8220;off&#8220;][et_pb_row admin_label=&#8220;row&#8220; background_position=&#8220;top_left&#8220; background_repeat=&#8220;repeat&#8220; background_size=&#8220;initial&#8220;][et_pb_column type=&#8220;1_2&#8243;][et_pb_text admin_label=&#8220;Testo&#8220; background_layout=&#8220;light&#8220; text_orientation=&#8220;left&#8220; border_style=&#8220;solid&#8220; background_position=&#8220;top_left&#8220; background_repeat=&#8220;repeat&#8220; background_size=&#8220;initial&#8220; _builder_version=&#8220;3.0.51&#8243;]<\/p>\n<h1><strong>Geschichte<\/strong><\/h1>\n<p><strong>1969: <\/strong>HERO entsteht in Kanada als Hersteller von Lackspr\u00fchger\u00e4ten Airless f\u00fcr die M\u00e4rkte in Nordamerika.<\/p>\n<p><strong>1977: <\/strong>HERO schlie\u00dft eine Vereinbarung mit der Firma \u201cStrastint\u201d, einem australischen Hersteller von manuellen Farbdosierern, f\u00fcr den Vertrieb in ganz Nordamerika ab<\/p>\n<p><strong>1994: <\/strong>HERO realisiert die ersten manuellen Farbdosierer (Serie 2000)<\/p>\n<p><strong>2003: <\/strong>entsteht NiT in Italien, dank des Unternehmergeistes von ihrem Gr\u00fcnder, Alessandro Sacchet, zur Herstellung von automatischen Farbdosierern, sowohl f\u00fcr Verkaufsstellen als auch zur Verwendung in der Industrie<\/p>\n<p><strong>2004: <\/strong>NiT realisiert TEO, den ersten Farbdosierer f\u00fcr Einsteiger<\/p>\n<p><strong>2007:<\/strong> HERO und NiT vereinen Erfahrung und Innovation, um eine globale Realit\u00e4t aufzubauen, die in der Lage ist, die Spitze des Marktes zu erklimmen<\/p>\n<p><strong>2015:<\/strong> HERO wird ein multinationales Unternehmen mit 100% italienischem Kapital<\/p>\n<p><strong>2017: <\/strong>Entsteht die Abteilung Marketing und Kommunikation von HERO, die von der neuen Identit\u00e4t ausgeht, um den Herausforderungen auf globaler Ebene entgegenzutreten<\/p>\n<p>&nbsp;<\/p>\n<p>[\/et_pb_text][\/et_pb_column][et_pb_column type=&#8220;1_2&#8243;][et_pb_divider admin_label=&#8220;Modulo Separatore&#8220; color=&#8220;#ffffff&#8220; show_divider=&#8220;off&#8220; height=&#8220;5&#8243; disabled=&#8220;off&#8220; disabled_on=&#8220;on||&#8220; divider_style=&#8220;solid&#8220; divider_position=&#8220;top&#8220; hide_on_mobile=&#8220;on&#8220; \/][et_pb_image admin_label=&#8220;Immagine&#8220; src=&#8220;https:\/\/eu.hero.ca\/wp-content\/uploads\/2017\/02\/hero_History.jpg&#8220; show_in_lightbox=&#8220;off&#8220; url_new_window=&#8220;off&#8220; use_overlay=&#8220;off&#8220; animation=&#8220;left&#8220; sticky=&#8220;off&#8220; align=&#8220;left&#8220; force_fullwidth=&#8220;off&#8220; always_center_on_mobile=&#8220;on&#8220; use_border_color=&#8220;off&#8220; border_color=&#8220;#ffffff&#8220; border_style=&#8220;solid&#8220; \/][\/et_pb_column][\/et_pb_row][\/et_pb_section]<\/p>\n","protected":false},"excerpt":{"rendered":"<p>Geschichte 1969: HERO entsteht in Kanada als Hersteller von Lackspr\u00fchger\u00e4ten Airless f\u00fcr die M\u00e4rkte in Nordamerika. 1977: HERO schlie\u00dft eine Vereinbarung mit der Firma \u201cStrastint\u201d, einem australischen Hersteller von manuellen Farbdosierern, f\u00fcr den Vertrieb in ganz Nordamerika ab 1994: HERO realisiert die ersten manuellen Farbdosierer (Serie 2000) 2003: entsteht NiT in Italien, dank des Unternehmergeistes [&hellip;]<\/p>\n","protected":false},"author":1,"featured_media":0,"parent":0,"menu_order":0,"comment_status":"closed","ping_status":"closed","template":"","meta":{"_et_pb_use_builder":"on","_et_pb_old_content":"","_et_gb_content_width":"","footnotes":""},"class_list":["post-6041","page","type-page","status-publish","hentry"],"_links":{"self":[{"href":"https:\/\/eu.hero.ca\/de\/wp-json\/wp\/v2\/pages\/6041","targetHints":{"allow":["GET"]}}],"collection":[{"href":"https:\/\/eu.hero.ca\/de\/wp-json\/wp\/v2\/pages"}],"about":[{"href":"https:\/\/eu.hero.ca\/de\/wp-json\/wp\/v2\/types\/page"}],"author":[{"embeddable":true,"href":"https:\/\/eu.hero.ca\/de\/wp-json\/wp\/v2\/users\/1"}],"replies":[{"embeddable":true,"href":"https:\/\/eu.hero.ca\/de\/wp-json\/wp\/v2\/comments?post=6041"}],"version-history":[{"count":0,"href":"https:\/\/eu.hero.ca\/de\/wp-json\/wp\/v2\/pages\/6041\/revisions"}],"wp:attachment":[{"href":"https:\/\/eu.hero.ca\/de\/wp-json\/wp\/v2\/media?parent=6041"}],"curies":[{"name":"wp","href":"https:\/\/api.w.org\/{rel}","templated":true}]}}