
{"id":6044,"date":"2017-10-06T10:33:01","date_gmt":"2017-10-06T10:33:01","guid":{"rendered":"http:\/\/eu.hero.ca\/software\/"},"modified":"2017-11-10T11:28:19","modified_gmt":"2017-11-10T11:28:19","slug":"software","status":"publish","type":"page","link":"https:\/\/eu.hero.ca\/de\/software\/","title":{"rendered":"SOFTWARE"},"content":{"rendered":"<p>[et_pb_section bb_built=&#8220;1&#8243; admin_label=&#8220;Section&#8220; fullwidth=&#8220;on&#8220; specialty=&#8220;off&#8220; _builder_version=&#8220;3.0.51&#8243; global_module=&#8220;4602&#8243;][et_pb_fullwidth_image admin_label=&#8220;Banda intestazione&#8220; global_parent=&#8220;4602&#8243; _builder_version=&#8220;3.0.51&#8243; src=&#8220;https:\/\/eu.hero.ca\/wp-content\/uploads\/2017\/03\/colors_slim.jpg&#8220; show_in_lightbox=&#8220;off&#8220; url_new_window=&#8220;off&#8220; use_overlay=&#8220;off&#8220; border_style=&#8220;solid&#8220; animation=&#8220;left&#8220; \/][\/et_pb_section][et_pb_section bb_built=&#8220;1&#8243; admin_label=&#8220;Sezione&#8220; fullwidth=&#8220;on&#8220; specialty=&#8220;off&#8220;][et_pb_fullwidth_header admin_label=&#8220;Intestazione a Larghezza Piena&#8220; title=&#8220;SOFTWARE&#8220; background_layout=&#8220;dark&#8220; text_orientation=&#8220;center&#8220; header_fullscreen=&#8220;off&#8220; header_scroll_down=&#8220;off&#8220; background_url=&#8220;https:\/\/eu.hero.ca\/wp-content\/uploads\/2017\/05\/hero_sw_bg.jpg&#8220; background_overlay_color=&#8220;rgba(25,25,25,0.73)&#8220; content_orientation=&#8220;center&#8220; image_orientation=&#8220;center&#8220; custom_button_one=&#8220;off&#8220; button_one_letter_spacing=&#8220;0&#8243; button_one_icon_placement=&#8220;right&#8220; button_one_letter_spacing_hover=&#8220;0&#8243; custom_button_two=&#8220;off&#8220; button_two_letter_spacing=&#8220;0&#8243; button_two_icon_placement=&#8220;right&#8220; button_two_letter_spacing_hover=&#8220;0&#8243; background_image=&#8220;https:\/\/eu.hero.ca\/wp-content\/uploads\/2017\/02\/tintwise_hero.jpg&#8220; _builder_version=&#8220;3.0.51&#8243; \/][\/et_pb_section][et_pb_section bb_built=&#8220;1&#8243; admin_label=&#8220;Sezione&#8220; fullwidth=&#8220;off&#8220; specialty=&#8220;off&#8220;][et_pb_row admin_label=&#8220;Riga&#8220; background_position=&#8220;top_left&#8220; background_repeat=&#8220;repeat&#8220; background_size=&#8220;initial&#8220;][et_pb_column type=&#8220;1_2&#8243;][et_pb_text admin_label=&#8220;Testo&#8220; background_layout=&#8220;light&#8220; text_orientation=&#8220;left&#8220; border_style=&#8220;solid&#8220; background_position=&#8220;top_left&#8220; background_repeat=&#8220;repeat&#8220; background_size=&#8220;initial&#8220; _builder_version=&#8220;3.0.51&#8243;]<\/p>\n<h2>TINTWISE POS<\/h2>\n<p>Die TintWise POS ist die Steuersoftware f\u00fcr alle automatischen Farbmesser von HERO. Die TintWise POS ist heute ein hervorstechendes Produkt von HERO und wird vom globalen Markt als eine der besten Softwares f\u00fcr Verkaufsstellen anerkannt:<\/p>\n<ul>\n<li>sie wurde zu 100% von HERO entwickelt und produziert<\/li>\n<li>Bei allen Farbmischer im Lieferumfang<\/li>\n<li>Individuelle Anpassung f\u00fcr alle Bed\u00fcrfnisse<\/li>\n<li>EINFACH und INTUITIV<\/li>\n<\/ul>\n<p><strong>\u00a0<\/strong><\/p>\n<p><strong>Wesentliche Eigenschaften der Software:<\/strong><\/p>\n<ul>\n<li>Formeldatenbankverwaltung<\/li>\n<\/ul>\n<p>&#8211; Auswahl und Dosierung der Formeln schnell und benutzerfreundlich<\/p>\n<p>&#8211; Detaillierte Preisverwaltung, mit der M\u00f6glichkeit der Berechnung von Gewinnen, MwSt. und Rabatten<\/p>\n<p>&#8211; Erstellung von individuellen Formeln<\/p>\n<ul>\n<li>Etikettenausdruck<\/li>\n<\/ul>\n<p>&#8211; Individuelle Gestaltung der Etiketten<\/p>\n<ul>\n<li>Login-Verwaltung<\/li>\n<\/ul>\n<p>&#8211; M\u00f6glichkeit der individuellen Gestaltung der Login-Stufen und entsprechende Beschr\u00e4nkungen<\/p>\n<ul>\n<li>Report-Verwaltung<\/li>\n<\/ul>\n<p>&#8211; Automatische Speicherung der Reports nach jeder Dosierung<\/p>\n<p>&#8211; M\u00f6glichkeit eines Report-Abrufs zur Wiederholung einer bestehenden Formel<\/p>\n<ul>\n<li>Statistik-Verwaltung<\/li>\n<\/ul>\n<p>&#8211; Verbrauchsstatistiken<\/p>\n<p>&#8211; Datenexport auf Excel<\/p>\n<ul>\n<li>Backup<\/li>\n<\/ul>\n<p>&#8211; Erstellung einer durchf\u00fchrbaren Installationsdatei von einem Backup<\/p>\n<p>&#8211; Der Backup erm\u00f6glicht die schnelle Wiederherstellung der Daten im Fall einer St\u00f6rung am PC<\/p>\n<p>&#8211; Der Backup kann dazu verwendet werden, um die Installation einer zweiten Maschine mit \u00e4hnlichen Eigenschaften zu beschleunigen.<\/p>\n<ul>\n<li>Maschinensteuerung<\/li>\n<\/ul>\n<p>&#8211; Optimierte Topfsteuerung, Kalibrierung, Wartung und Dosierung je nach Typologie der Maschine<\/p>\n<p>&nbsp;<\/p>\n<p>&nbsp;<\/p>\n<p>&nbsp;<\/p>\n<p>[\/et_pb_text][\/et_pb_column][et_pb_column type=&#8220;1_2&#8243;][et_pb_text admin_label=&#8220;Testo&#8220; background_layout=&#8220;light&#8220; text_orientation=&#8220;left&#8220; border_style=&#8220;solid&#8220; background_position=&#8220;top_left&#8220; background_repeat=&#8220;repeat&#8220; background_size=&#8220;initial&#8220; _builder_version=&#8220;3.0.51&#8243;]<\/p>\n<h2>TINTWISE LAB<\/h2>\n<p>TintWise LAB ist die von HERO entwickelte Labor-Software, die zur Vereinfachung der Aktualisierung der Formeldatenbank, zur Hinzuf\u00fcgung von neuen Formeln und neuen Produkten, sowie zur Korrektur der bestehenden Werte, dient.<\/p>\n<ul>\n<li>Es wird die Aktualisierungschronologie beibehalten, womit bei Bedarf die fr\u00fcheren Versionen konsultiert werden k\u00f6nnen.<\/li>\n<li>Die Aktualisierungen erfolgen in Form von sich selbstinstallierenden durchf\u00fchrbaren Dateien, wodurch sie dem Benutzer der Software TintWise_POS so weit wie m\u00f6glich vereinfacht werden.<\/li>\n<li>Falls dem TintWise_POS eine Internet-Verbindung zur Verf\u00fcgung steht, k\u00f6nnen die Aktualisierungen auch von der Entfernung aus konfiguriert werden, um die Austeilung zu optimieren.<\/li>\n<li>Es besteht die M\u00f6glichkeit, eine Formel von Hand einzugeben und zu ver\u00e4ndern, oder aber einen Formelblock zu importieren.<\/li>\n<li>Die Standard-\u00dcbertragung sieht die Dateneingabe anhand einer Excel-Datei vor.<\/li>\n<li>Die Software kann individuell angepasst werden, um die Daten aus einem beliebigen Dateiformat zu \u00fcbertragen, eine \u00fcberaus gesch\u00e4tzte Eigenschaft, da sie dadurch sehr VIELSEITIG und BENUTZERFREUNDLICH wird.<\/li>\n<\/ul>\n<p>&nbsp;<\/p>\n<p>[\/et_pb_text][et_pb_image admin_label=&#8220;Immagine&#8220; src=&#8220;https:\/\/eu.hero.ca\/wp-content\/uploads\/2017\/05\/hero_pc_tintwise.jpg&#8220; show_in_lightbox=&#8220;off&#8220; url_new_window=&#8220;off&#8220; use_overlay=&#8220;off&#8220; animation=&#8220;left&#8220; sticky=&#8220;off&#8220; align=&#8220;left&#8220; force_fullwidth=&#8220;off&#8220; always_center_on_mobile=&#8220;on&#8220; use_border_color=&#8220;off&#8220; border_color=&#8220;#ffffff&#8220; border_style=&#8220;solid&#8220; \/][\/et_pb_column][\/et_pb_row][\/et_pb_section]<\/p>\n","protected":false},"excerpt":{"rendered":"<p>TINTWISE POS Die TintWise POS ist die Steuersoftware f\u00fcr alle automatischen Farbmesser von HERO. Die TintWise POS ist heute ein hervorstechendes Produkt von HERO und wird vom globalen Markt als eine der besten Softwares f\u00fcr Verkaufsstellen anerkannt: sie wurde zu 100% von HERO entwickelt und produziert Bei allen Farbmischer im Lieferumfang Individuelle Anpassung f\u00fcr alle [&hellip;]<\/p>\n","protected":false},"author":1,"featured_media":0,"parent":0,"menu_order":0,"comment_status":"closed","ping_status":"closed","template":"","meta":{"_et_pb_use_builder":"on","_et_pb_old_content":"","_et_gb_content_width":"","footnotes":""},"class_list":["post-6044","page","type-page","status-publish","hentry"],"_links":{"self":[{"href":"https:\/\/eu.hero.ca\/de\/wp-json\/wp\/v2\/pages\/6044","targetHints":{"allow":["GET"]}}],"collection":[{"href":"https:\/\/eu.hero.ca\/de\/wp-json\/wp\/v2\/pages"}],"about":[{"href":"https:\/\/eu.hero.ca\/de\/wp-json\/wp\/v2\/types\/page"}],"author":[{"embeddable":true,"href":"https:\/\/eu.hero.ca\/de\/wp-json\/wp\/v2\/users\/1"}],"replies":[{"embeddable":true,"href":"https:\/\/eu.hero.ca\/de\/wp-json\/wp\/v2\/comments?post=6044"}],"version-history":[{"count":0,"href":"https:\/\/eu.hero.ca\/de\/wp-json\/wp\/v2\/pages\/6044\/revisions"}],"wp:attachment":[{"href":"https:\/\/eu.hero.ca\/de\/wp-json\/wp\/v2\/media?parent=6044"}],"curies":[{"name":"wp","href":"https:\/\/api.w.org\/{rel}","templated":true}]}}