
{"id":6066,"date":"2017-10-09T15:35:05","date_gmt":"2017-10-09T15:35:05","guid":{"rendered":"http:\/\/eu.hero.ca\/cookies-info\/"},"modified":"2017-10-09T15:35:05","modified_gmt":"2017-10-09T15:35:05","slug":"cookies-info","status":"publish","type":"page","link":"https:\/\/eu.hero.ca\/de\/cookies-info\/","title":{"rendered":"Cookies info"},"content":{"rendered":"<div class=\"container\">\n<div id=\"content-area\" class=\"clearfix\">\n<div id=\"left-area\">\n<article id=\"post-184\" class=\"post-184 page type-page status-publish hentry\">\n<h1 class=\"entry-title main_title\">Cookie-Richtlinien<\/h1>\n<div class=\"entry-content\">\n<p>Gem\u00e4\u00df der europ\u00e4ischen Gesetzgebung in Kraft, ist die Verwendung von Cookies innerhalb einer Website unterliegen detaillierte Regelung.<br \/>\nDieses Dokument ergibt sich aus der Notwendigkeit, mit dieser Verordnung nachzukommen.<br \/>\nWas ist ein Cookie<\/p>\n<p>Ein Cookie ist eine Textzeichenfolge, die der Benutzer sendet die Website besucht (in der Regel der Browser) f\u00fcr viele Zwecke.<br \/>\nNach den Richtlinien des Datenschutzbeauftragten der Privatsph\u00e4re Cookies k\u00f6nnen sie in technischen und Profilierung unterteilt werden.<br \/>\nDie erste Kategorie umfasst f\u00fcr die Zwecke von dieser Website geschickt Cookies streng zur Navigation verwandt.<br \/>\nDies kann die Navigations Cookies oder Session, die die normale Navigation und Nutzung der Website zu gew\u00e4hrleisten, oder Analytics Cookies, die auf der Anzahl der Benutzer gesammelten Informationen werden verwendet, um zu sammeln oder, wie sie die Website besuchen, oder der Funktionalit\u00e4t Cookies , verwendet, um die Vision von der Website in Abh\u00e4ngigkeit von bestimmten Kriterien (zB Sprache) zu verbessern.<br \/>\nF\u00fcr diese Art von Cookies ist nicht der vorherigen Zustimmung vom Benutzer zu ihrer Installation oder Kommunikation ist erforderlich, um Schutzbeauftragten erforderlich, aber es ist notwendig, diese Politik zu formulieren.<\/p>\n<p>Die zweite Kategorie umfasst die Cookies mit dem Ziel verwendet, um den Benutzer, um das Profil gezielte Werbung auf Basis von deren Surfgewohnheiten.<\/p>\n<p><strong>Wer sendet Cookies<\/strong><\/p>\n<p>Cookies k\u00f6nnen von der Website gesendet werden, oder durch Dritte Dienstleistungen, auf die die Website selbst ruht. Die Betreiber der Seiten verantwortlich f\u00fcr Cookies gesendet direkt, w\u00e4hrend diejenigen, die von Dritten gesendet, die Herkunft und die Referenz-Link auf die Politik gegeben werden.<br \/>\nSie geh\u00f6ren zu den Websites von Drittanbietern auch die Google Analytics-Cookies, die verwendet werden, nicht personenbezogene Daten zur Navigation zu sammeln, und geh\u00f6ren zu den technischen Cookies.<\/p>\n<p><strong>Wie zum Beispiel Cookies, um diese Seite?<\/strong><\/p>\n<p>In dieser Website werden wir technische Cookies, Session-Typ, und Drittanbieter-Cookies von Google Analytics verwendet.<\/p>\n<p>Session-Cookies werden verwendet, um den Benutzer in der durchgef\u00fchrten Pr\u00fcfung gemacht \u00dcberblick \u00fcber die Entscheidungen zu halten.<\/p>\n<p><strong>Third-Party-Cookies<\/strong><\/p>\n<p>Der Besuch einer Website, die Sie von Cookies erhalten k\u00f6nnen sowohl die besuchte Seite (Eigent\u00fcmer) und von Websites, die von anderen Organisationen (Dritten) laufen.<\/p>\n<p>Ein bemerkenswertes Beispiel ist die Anwesenheit von \u201eSocial Plugin\u201c f\u00fcr Facebook, Twitter, Google+ und LinkedIn. Es ist Teile der Seite direkt von diesen Seiten und in die Host-Site generiert besuchten. Die h\u00e4ufigste Nutzung von Social Plugin ist auf den Austausch von Inhalten in sozialen Netzwerken ausgerichtet.<\/p>\n<p>Das Vorhandensein dieser Plugins beinhaltet die \u00dcbertragung von Cookies zu und von allen von Dritten betrieben werden Websites. Die Informationen, die von \u201eThird Party Management\u201c gesammelt werden so durch die relevanten Informationen geregelt bitte verweisen. Um zu gew\u00e4hrleisten, mehr Transparenz und Komfort, sind unter den Web-Adressen von verschiedenen Informationen und Methoden berichtet Cookies f\u00fcr die Handhabung.<\/p>\n<p>Informationen Facebook: https:\/\/www.facebook.com\/help\/cookies\/<\/p>\n<p>Twitter Informationen: https:\/\/support.twitter.com\/articles\/20170514<\/p>\n<p>Linkedin Informationen: https:\/\/www.linkedin.com\/legal\/cookie-policy<\/p>\n<p>Informationen Google+: http:\/\/www.google.it\/intl\/it\/policies\/technologies\/cookies\/<\/p>\n<p><strong> Google Analytics<\/strong><\/p>\n<p>Diese Website benutzt Google Analytics, einen Webanalysedienst der Google Inc. ( \u201eGoogle\u201c). Google Analytics verwendet \u201eCookies\u201c, Textdateien, die auf Ihrem Computer gespeichert werden und die Website eine Analyse der Benutzung der Website. Die Informationen, die durch den Cookie erzeugten Informationen \u00fcber Ihre Benutzung dieser Website (einschlie\u00dflich Ihrer anonymen IP-Adresse) wird an einen Server von Google in den USA \u00fcbertragen und dort gespeichert. Google wird diese Informationen f\u00fcr den Zweck der Nutzung der Website auszuwerten, um f\u00fcr die Betreiber Reports \u00fcber die Websiteaktivit\u00e4ten zusammenzustellen und andere Dienstleistungen im Zusammenhang mit der Website-Aktivit\u00e4ten und die Nutzung des Internets. Auch wird Google diese Informationen an Dritte \u00fcbertragen, sofern dies gesetzlich vorgeschrieben oder soweit Dritte diese Daten im Auftrag von Google verarbeiten. Google wird in keinem Fall Ihre IP-Adresse mit anderen Daten von Google in Verbindung bringen. Sie k\u00f6nnen die Installation der Cookies durch eine entsprechende Einstellung Ihrer Browser-Software, aber bitte beachten Sie, dass, wenn Sie dies tun, Sie nicht in der Lage ist, alle Funktionen dieser Seite nutzen zu k\u00f6nnen. Durch die Nutzung dieser Website erkl\u00e4ren Sie sich mit der Bearbeitung der \u00fcber Sie erhobenen Daten durch Google in der Art und Weise und zuvor benannten Zweck einverstanden.<br \/>\nWie kann ich die Installation der Cookies \u00fcberpr\u00fcfen?<\/p>\n<p>Die Cookies speichern keine pers\u00f6nlichen Informationen \u00fcber einen Benutzer und jede identifizierbare Daten werden nicht gespeichert. Wenn Sie die Verwendung von Cookies deaktivieren Sie die Einstellungen Ihres Computers m\u00fcssen gestalten das L\u00f6schen aller Cookies einstellen oder eine Warnmeldung zu aktivieren, wenn Cookies gespeichert werden. Um fortzufahren, ohne die Anwendung von Cookies modifizieren einfach mit der Navigation fort.<\/p>\n<p>Zus\u00e4tzlich zu dem, was in diesem Dokument angegeben ist, kann der Benutzer die Einstellungen f\u00fcr Cookies direkt in Ihren Browser zu verwalten und zu verhindern \u2013 zum Beispiel -, dass Dritte installieren k\u00f6nnen. \u00dcber Ihren Browser-Einstellungen k\u00f6nnen Sie auch l\u00f6schen, die in der Vergangenheit installierte Cookies, einschlie\u00dflich Cookies, in denen schlie\u00dflich ist die Installation Erlaubnis von Cookies von dieser Seite gespeichert.<\/p>\n<p>Es ist wichtig zu beachten, dass alle Cookies zu deaktivieren, wird der Betrieb dieser Website kann beeintr\u00e4chtigt werden.<\/p>\n<p><strong>Kann ich Cookies deaktivieren?<\/strong><\/p>\n<p>In der Standardeinstellung werden Cookies in jedem Browser aktivieren.<br \/>\nWarum nicht verwenden, um dies f\u00fcr den Anwender begrenzt und verhindert, dass in Zeiten, Zugang zu einigen Seiten zu haben.<\/p>\n<p>Und\u00a0 es ist m\u00f6glich, Cookies zus\u00e4tzlich zu Google Analytics in Ihrem Browser zu deaktivieren. Um das zu erreichen, m\u00fcssen Add-ons f\u00fcr den Browser verwendet werden, um diese herunterzuladen und zu installieren (falls die Installation mehrere Browser verwenden, m\u00fcssen auf allen getragen werden). Diese Komponente kann von den Google-Servern zu dieser Adresse heruntergeladen werden: https:\/\/tools.google.com\/dlpage\/gaoptout\/<\/p>\n<p>F\u00fcr weitere Fragen wenden Sie sich bitte an den Administrator.<\/p>\n<\/div>\n<\/article>\n<\/div>\n<\/div>\n<\/div>\n","protected":false},"excerpt":{"rendered":"<p>Cookie-Richtlinien Gem\u00e4\u00df der europ\u00e4ischen Gesetzgebung in Kraft, ist die Verwendung von Cookies innerhalb einer Website unterliegen detaillierte Regelung. Dieses Dokument ergibt sich aus der Notwendigkeit, mit dieser Verordnung nachzukommen. Was ist ein Cookie Ein Cookie ist eine Textzeichenfolge, die der Benutzer sendet die Website besucht (in der Regel der Browser) f\u00fcr viele Zwecke. Nach den [&hellip;]<\/p>\n","protected":false},"author":1,"featured_media":0,"parent":0,"menu_order":0,"comment_status":"closed","ping_status":"closed","template":"","meta":{"_et_pb_use_builder":"","_et_pb_old_content":"","_et_gb_content_width":"","footnotes":""},"class_list":["post-6066","page","type-page","status-publish","hentry"],"_links":{"self":[{"href":"https:\/\/eu.hero.ca\/de\/wp-json\/wp\/v2\/pages\/6066","targetHints":{"allow":["GET"]}}],"collection":[{"href":"https:\/\/eu.hero.ca\/de\/wp-json\/wp\/v2\/pages"}],"about":[{"href":"https:\/\/eu.hero.ca\/de\/wp-json\/wp\/v2\/types\/page"}],"author":[{"embeddable":true,"href":"https:\/\/eu.hero.ca\/de\/wp-json\/wp\/v2\/users\/1"}],"replies":[{"embeddable":true,"href":"https:\/\/eu.hero.ca\/de\/wp-json\/wp\/v2\/comments?post=6066"}],"version-history":[{"count":0,"href":"https:\/\/eu.hero.ca\/de\/wp-json\/wp\/v2\/pages\/6066\/revisions"}],"wp:attachment":[{"href":"https:\/\/eu.hero.ca\/de\/wp-json\/wp\/v2\/media?parent=6066"}],"curies":[{"name":"wp","href":"https:\/\/api.w.org\/{rel}","templated":true}]}}