
{"id":6067,"date":"2017-10-09T15:52:38","date_gmt":"2017-10-09T15:52:38","guid":{"rendered":"http:\/\/eu.hero.ca\/privacy-policy-and-legal-terms\/"},"modified":"2017-10-09T15:59:27","modified_gmt":"2017-10-09T15:59:27","slug":"privacy-policy-and-legal-terms","status":"publish","type":"page","link":"https:\/\/eu.hero.ca\/de\/privacy-policy-and-legal-terms\/","title":{"rendered":"Privacy policy and legal terms"},"content":{"rendered":"<div class=\"container\">\n<div id=\"content-area\" class=\"clearfix\">\n<div id=\"left-area\">\n<article id=\"post-2\" class=\"post-2 page type-page status-publish hentry\">\n<h1 class=\"entry-title main_title\">Datenschutz<\/h1>\n<div class=\"entry-content\">\n<p>Der Zugang zu einigen Bereichen der Website und \/ oder die Anforderung von Informationen oder Dienstleistungen, die von Website-Nutzer k\u00f6nnen auf Vorlage von personenbezogenen Daten abh\u00e4ngig verarbeitet von HERO, als Data Controller, findet in kein Gem\u00e4\u00df Gesetz. 196\/2003 \u201eCode in Bezug auf den Schutz personenbezogener Daten\u201c (im Folgenden \u201eKodex\u201c).<br \/>\nDiese Information soll dem Anwender erlauben, zu wissen, noch bevor Sie die verschiedenen Abschnitte der Website und auf ihre Daten zugreifen, wie HERO pers\u00f6nlichen Daten der Nutzer verarbeitet und Sie m\u00fcssen noch die Benutzer nimmt Vision, bevor er seine pers\u00f6nlichen Daten f\u00fcllen die R\u00e4ume in den verschiedenen Bereichen der Website gibt.<br \/>\nBei der Verwendung der Website, werden die folgenden Informationen immer aufgezeichnet und gespeichert: den Namen Ihres Internet Service Providers, den Browser, der Quelle-Website auf unserer Website und die Seiten angefordert. Wir nutzen diese Informationen f\u00fcr statistische Zwecke der Website-Nutzung um Messungen und die Website auf die Bed\u00fcrfnisse anzupassen.<br \/>\n<strong>Ziele der Behandlung<\/strong><br \/>\nEntsprechend den Anforderungen von Zeit zu Zeit durch die verschiedenen Abschnitte der Website zugreifen, der die Zwecke der Verarbeitung pers\u00f6nlicher Daten in das Online-Formular direkt von den Nutzern zur Verf\u00fcgung gestellt durch das Ausf\u00fcllen werden die folgenden:<\/p>\n<p>a) zu erm\u00f6glichen Registrierung auf der Website, die f\u00fcr den Zugriff auf bestimmte Bereiche der Website selbst notwendig ist, und zu liefern und zu verwalten, die verschiedenen angebotenen Dienste;<\/p>\n<p>b) vorherige Zustimmung und bis auf Widerruf, zur Durchf\u00fchrung von Marketing-Aktivit\u00e4ten (wie zum Beispiel, aber nicht beschr\u00e4nkt auf, Werbe-und Werbematerial zu senden, die Durchf\u00fchrung von bezogene Analyse auf registrierte Benutzer, die HERO erm\u00f6glichen ., um die Produkte und Dienstleistungen f\u00fcr seine Kunden) angeboten zu verbessern; und dies auch per E-Mail, Fax, MMS- und SMS-vor ausdr\u00fcckliche Zustimmung und bis auf Widerruf;<\/p>\n<p>c) Newsletter zu versenden Updates \u00fcber die neuesten Nachrichten von der Website zu erhalten;<\/p>\n<p>d) als Reaktion auf Benutzeranforderungen im Hinblick auf die HERO ( \u201eKontakt\u201c Seite).<br \/>\nBenutzer-Registrierung auf der Website f\u00fcr die Erbringung bestimmter Dienstleistungen angeboten nicht erforderlich von HERO. Um jedoch mit Ihren W\u00fcnschen f\u00fcr solche Dienste zu erf\u00fcllen, werden sie gebeten, pers\u00f6nliche Daten zur Verf\u00fcgung zu stellen, die nur f\u00fcr verwandte Zwecke verarbeitet werden und f\u00fcr die unbedingt notwendige Zeit.<\/p>\n<p><strong>Behandlungsverfahren<\/strong><\/p>\n<p>Pers\u00f6nliche Daten werden in einem weitgehend automatisierten Form behandelt werden, mit Logik streng auf die genannten Zwecke verwandt.<\/p>\n<p><strong>Natur der pers\u00f6nlichen Daten der Nutzer Zuordnung<\/strong><\/p>\n<p>Das Versagen, teilweise oder falsch Eingabe von personenbezogenen Daten f\u00fcr bestimmte Dienste erforderlich, die f\u00fcr die Erf\u00fcllung Ihrer Anforderungen notwendig sind, machen es unm\u00f6glich, zu laufen.<br \/>\nKategorien personenbezogener Daten verarbeitet<br \/>\nNeben den pers\u00f6nlichen Daten stammen direkt von den Benutzern (wie Name, Postanschrift, E-Mail usw.), w\u00e4hrend bei der Website, die verwendeten Computersysteme und Software-Verfahren die Website selbst indirekt erwerben bestimmte personenbezogene Daten zu betreiben die \u00dcbertragung von denen bei der Verwendung von Internet-Kommunikationsprotokollen. Diese Daten werden ausschlie\u00dflich zum Zwecke der anonymen statistischen Erhebungen verarbeitet.<br \/>\nPersonenbezogene Daten d\u00fcrfen, um die Aufmerksamkeit der Mitarbeiter oder Mitarbeiter der Eigent\u00fcmer, der, arbeiten unter der direkten Aufsicht des letzteren gebracht werden, sie sind verantwortlich und zust\u00e4ndig f\u00fcr die Behandlung gem\u00e4\u00df den Artikeln. 29 und 30 des Kodex und geeignete Betriebsanweisungen erhalten; das gleiche passieren wird \u2013 durch vom Eigent\u00fcmer bestellt Manager \u2013 gegen Mitarbeiter oder Mitarbeiter.<\/p>\n<p><strong>Kommunikation oder Verbreitung von pers\u00f6nlichen Daten der Nutzer<\/strong><\/p>\n<p>Pers\u00f6nliche Daten, die durch das Ausf\u00fcllen des Online-Formular direkt von den Benutzern geliefert werden d\u00fcrfen nicht an Dritte weitergegeben oder verbreitet werden und offen gelegt werden.<\/p>\n<p><strong>Minderj\u00e4hrige<\/strong><\/p>\n<p>Die Weitergabe personenbezogener Daten eines Kindes muss von einem Elternteil oder einer Person mit Autorit\u00e4t \u00fcber die Minderj\u00e4hrigen genehmigt werden.<\/p>\n<div class=\"container\">\n<div id=\"content-area\" class=\"clearfix\">\n<div id=\"left-area\">\n<article id=\"post-182\" class=\"post-182 page type-page status-publish hentry\">\n<h1 class=\"entry-title main_title\">Rechtliches<\/h1>\n<div class=\"entry-content\">\n<h5><strong>COPYRIGHT<\/strong><\/h5>\n<p>Die Website www.eu.hero.ca wird von HERO verwaltet. Vorbehaltlich spezifischer Indikationen sind alle Inhalte, einschliesslich Dokumente, Bildern, Zeichnungen Eigentum von HERO. Der Inhalt dieser Website wird durch die Gesetze \u00fcber Autorenrechte gesch\u00fctzt und es ist nicht gestattet den Inhalt oder die Markenbezeichnungen zu kopieren, zu ver\u00f6ffentlichen oder weiterzugeben ohne die ausdr\u00fcckliche, schriftliche Autorisierung durch HERO.<\/p>\n<p><strong>VERANTWORTUNG<\/strong><\/p>\n<p>RM Stampi srl \u00fcbernimmt keinerlei Verantwortung f\u00fcr eventuelle Fehler oder Unterlassungen oder f\u00fcr eventuelle Sch\u00e4den, die aus der Lesung oder der Benutzung der auf www.eu.hero.ca oder auf mit anderen verbundenen Websites ver\u00f6ffentlichten Informationen entstehen k\u00f6nnten<\/p>\n<p><strong>LINKS<\/strong><\/p>\n<p>Es ist m\u00f6glich \u00fcber andere Verbindungen auf www.eu.hero.ca zuzugreifen, solange diese die Inhalte nicht kopieren und einen geeigneten Inhalt f\u00fcr Minderj\u00e4hrige unter 18 Jahren aufweisen<\/p>\n<p>Informationen nach Gesetz 88\/2009 und Art. 2250 und 2497-bis des ital. B\u00fcrgerlichen Gesetzbuches<\/p>\n<\/div>\n<\/article>\n<\/div>\n<\/div>\n<\/div>\n<\/div>\n<\/article>\n<\/div>\n<\/div>\n<\/div>\n","protected":false},"excerpt":{"rendered":"<p>Datenschutz Der Zugang zu einigen Bereichen der Website und \/ oder die Anforderung von Informationen oder Dienstleistungen, die von Website-Nutzer k\u00f6nnen auf Vorlage von personenbezogenen Daten abh\u00e4ngig verarbeitet von HERO, als Data Controller, findet in kein Gem\u00e4\u00df Gesetz. 196\/2003 \u201eCode in Bezug auf den Schutz personenbezogener Daten\u201c (im Folgenden \u201eKodex\u201c). Diese Information soll dem Anwender [&hellip;]<\/p>\n","protected":false},"author":1,"featured_media":0,"parent":0,"menu_order":0,"comment_status":"closed","ping_status":"closed","template":"","meta":{"_et_pb_use_builder":"","_et_pb_old_content":"","_et_gb_content_width":"","footnotes":""},"class_list":["post-6067","page","type-page","status-publish","hentry"],"_links":{"self":[{"href":"https:\/\/eu.hero.ca\/de\/wp-json\/wp\/v2\/pages\/6067","targetHints":{"allow":["GET"]}}],"collection":[{"href":"https:\/\/eu.hero.ca\/de\/wp-json\/wp\/v2\/pages"}],"about":[{"href":"https:\/\/eu.hero.ca\/de\/wp-json\/wp\/v2\/types\/page"}],"author":[{"embeddable":true,"href":"https:\/\/eu.hero.ca\/de\/wp-json\/wp\/v2\/users\/1"}],"replies":[{"embeddable":true,"href":"https:\/\/eu.hero.ca\/de\/wp-json\/wp\/v2\/comments?post=6067"}],"version-history":[{"count":0,"href":"https:\/\/eu.hero.ca\/de\/wp-json\/wp\/v2\/pages\/6067\/revisions"}],"wp:attachment":[{"href":"https:\/\/eu.hero.ca\/de\/wp-json\/wp\/v2\/media?parent=6067"}],"curies":[{"name":"wp","href":"https:\/\/api.w.org\/{rel}","templated":true}]}}