
{"id":6113,"date":"2017-10-10T13:27:47","date_gmt":"2017-10-10T13:27:47","guid":{"rendered":"http:\/\/eu.hero.ca\/a100\/"},"modified":"2022-06-21T08:38:50","modified_gmt":"2022-06-21T08:38:50","slug":"a100","status":"publish","type":"page","link":"https:\/\/eu.hero.ca\/de\/a100\/","title":{"rendered":"A100"},"content":{"rendered":"<p>[et_pb_section fb_built=&#8220;1&#8243; fullwidth=&#8220;on&#8220; admin_label=&#8220;Sezione&#8220; _builder_version=&#8220;3.22&#8243; global_colors_info=&#8220;{}&#8220;][et_pb_fullwidth_header title=&#8220;FAMILIE ARCHIMEDE &#8220; subhead=&#8220;A100 &#8211; DER KOMPAKTE&#8220; content_max_width=&#8220;none&#8220; admin_label=&#8220;Intestazione a Larghezza Piena&#8220; _builder_version=&#8220;3.16&#8243; background_color=&#8220;rgba(255, 255, 255, 0)&#8220; use_background_color_gradient=&#8220;on&#8220; background_image=&#8220;https:\/\/eu.hero.ca\/wp-content\/uploads\/2017\/03\/sfondo-low-poly-rosso.jpg&#8220; background_url=&#8220;https:\/\/eu.hero.ca\/wp-content\/uploads\/2017\/03\/sfondo-low-poly-rosso.jpg&#8220; button_one_letter_spacing_hover=&#8220;0&#8243; button_two_letter_spacing_hover=&#8220;0&#8243; global_colors_info=&#8220;{}&#8220; button_one_text_size__hover_enabled=&#8220;off&#8220; button_two_text_size__hover_enabled=&#8220;off&#8220; button_one_text_color__hover_enabled=&#8220;off&#8220; button_two_text_color__hover_enabled=&#8220;off&#8220; button_one_border_width__hover_enabled=&#8220;off&#8220; button_two_border_width__hover_enabled=&#8220;off&#8220; button_one_border_color__hover_enabled=&#8220;off&#8220; button_two_border_color__hover_enabled=&#8220;off&#8220; button_one_border_radius__hover_enabled=&#8220;off&#8220; button_two_border_radius__hover_enabled=&#8220;off&#8220; button_one_letter_spacing__hover_enabled=&#8220;on&#8220; button_one_letter_spacing__hover=&#8220;0&#8243; button_two_letter_spacing__hover_enabled=&#8220;on&#8220; button_two_letter_spacing__hover=&#8220;0&#8243; button_one_bg_color__hover_enabled=&#8220;off&#8220; button_two_bg_color__hover_enabled=&#8220;off&#8220;][\/et_pb_fullwidth_header][\/et_pb_section][et_pb_section fb_built=&#8220;1&#8243; admin_label=&#8220;section&#8220; _builder_version=&#8220;3.22&#8243; custom_padding=&#8220;||0px|&#8220; transparent_background=&#8220;off&#8220; make_fullwidth=&#8220;off&#8220; use_custom_width=&#8220;off&#8220; width_unit=&#8220;on&#8220; global_colors_info=&#8220;{}&#8220;][et_pb_row admin_label=&#8220;Riga&#8220; _builder_version=&#8220;3.25&#8243; background_size=&#8220;initial&#8220; background_position=&#8220;top_left&#8220; background_repeat=&#8220;repeat&#8220; global_colors_info=&#8220;{}&#8220;][et_pb_column type=&#8220;4_4&#8243; _builder_version=&#8220;3.25&#8243; custom_padding=&#8220;|||&#8220; global_colors_info=&#8220;{}&#8220; custom_padding__hover=&#8220;|||&#8220;][et_pb_text admin_label=&#8220;Testo&#8220; _builder_version=&#8220;3.27.4&#8243; module_alignment=&#8220;left&#8220; border_style=&#8220;solid&#8220; global_colors_info=&#8220;{}&#8220;]<\/p>\n<h1>A100 &#8211; DER KOMPAKTE<\/h1>\n<p>[\/et_pb_text][\/et_pb_column][\/et_pb_row][et_pb_row admin_label=&#8220;Riga&#8220; _builder_version=&#8220;3.25&#8243; background_size=&#8220;initial&#8220; background_position=&#8220;top_left&#8220; background_repeat=&#8220;repeat&#8220; global_colors_info=&#8220;{}&#8220; column_structure=&#8220;1_2,1_2&#8243;][et_pb_column type=&#8220;1_2&#8243; _builder_version=&#8220;3.25&#8243; custom_padding=&#8220;|||&#8220; global_colors_info=&#8220;{}&#8220; custom_padding__hover=&#8220;|||&#8220;][et_pb_image src=&#8220;https:\/\/eu.hero.ca\/wp-content\/uploads\/2017\/06\/A100-stand.jpg&#8220; align_tablet=&#8220;center&#8220; align_last_edited=&#8220;on|desktop&#8220; admin_label=&#8220;Immagine&#8220; _builder_version=&#8220;3.23&#8243; max_width=&#8220;500px&#8220; animation_style=&#8220;slide&#8220; animation_direction=&#8220;left&#8220; animation_duration=&#8220;500ms&#8220; animation_intensity_slide=&#8220;10%&#8220; border_style=&#8220;solid&#8220; sticky=&#8220;off&#8220; always_center_on_mobile=&#8220;on&#8220; global_colors_info=&#8220;{}&#8220; align_phone=&#8220;center&#8220;][\/et_pb_image][\/et_pb_column][et_pb_column type=&#8220;1_2&#8243; _builder_version=&#8220;3.25&#8243; custom_padding=&#8220;|||&#8220; global_colors_info=&#8220;{}&#8220; custom_padding__hover=&#8220;|||&#8220;][et_pb_text admin_label=&#8220;Testo&#8220; _builder_version=&#8220;3.27.4&#8243; background_size=&#8220;initial&#8220; background_position=&#8220;top_left&#8220; background_repeat=&#8220;repeat&#8220; module_alignment=&#8220;left&#8220; use_border_color=&#8220;off&#8220; border_color=&#8220;#ffffff&#8220; border_style=&#8220;solid&#8220; global_colors_info=&#8220;{}&#8220;]<\/p>\n<h3><span class=\"fontstyle0\">TECHNISCHE EIGENSCHAFTEN<br \/>\n<\/span><\/h3>\n<p>[\/et_pb_text][et_pb_text admin_label=&#8220;Testo&#8220; _builder_version=&#8220;3.27.4&#8243; module_alignment=&#8220;left&#8220; border_style=&#8220;solid&#8220; global_colors_info=&#8220;{}&#8220;]<span class=\"fontstyle0\">Automatischer Farbmischer mit der Dosiertechnologie der Exzenterschneckenpumpen (PCP), die durch internationale Patente<br \/>\ngesch\u00fctzt ist.<\/span><\/p>\n<p><span class=\"fontstyle0\">Die Familie Archimede reicht vom kleinsten automatischen Farbmischer weltweit, der die Gr\u00f6\u00dfe eines Druckers hat, bis hin zu einem<br \/>\nHochleistungsfarbmischer mit Simultandosierung f\u00fcr Farbgesch\u00e4fte.<\/span><span class=\"fontstyle0\"><br \/>\n<\/span><\/p>\n<p><span class=\"fontstyle0\">Der A100 in der Version mit integriertem R\u00fcttler, mit dem Namen Pitagora (AS100), ist einzigartig in seiner Art, da er die maximale Optimierung des Raumbed\u00fcrfnisses in einer Verkaufsstelle erm\u00f6glicht.<\/span><\/p>\n<p><span class=\"fontstyle0\"><strong>PLUS<\/strong><br \/>\n\u2022 dosierbare Mindestmenge 1\/1000 \ufb02. oz. (0,03 ml)<br \/>\n\u2022 bis zu 24 Kanister<br \/>\n\u2022 KEINE Rekalibrierung erforderlich<br \/>\n\u2022 leichtes F\u00fcllen der Kanister<br \/>\n\u2022 wartungsfreundlich<br \/>\n\u2022 Laserleitsystem<br \/>\n\u2022 Ethernet-Verbindung und Vorbereitung zum kabellosen Einsatz<br \/>\n\u2022 das kompakteste Farbmischer- und R\u00fcttler -Set der Welt (AS100)<\/span><br \/>\n[\/et_pb_text][et_pb_button button_url=&#8220;https:\/\/eu.hero.ca\/wp-content\/uploads\/PDF\/ENG_A100.pdf&#8220; url_new_window=&#8220;on&#8220; button_text=&#8220;Download data sheet&#8220; button_alignment=&#8220;left&#8220; _builder_version=&#8220;3.16&#8243; background_layout=&#8220;dark&#8220; button_letter_spacing_hover=&#8220;0&#8243; global_colors_info=&#8220;{}&#8220; button_text_size__hover_enabled=&#8220;off&#8220; button_one_text_size__hover_enabled=&#8220;off&#8220; button_two_text_size__hover_enabled=&#8220;off&#8220; button_text_color__hover_enabled=&#8220;off&#8220; button_one_text_color__hover_enabled=&#8220;off&#8220; button_two_text_color__hover_enabled=&#8220;off&#8220; button_border_width__hover_enabled=&#8220;off&#8220; button_one_border_width__hover_enabled=&#8220;off&#8220; button_two_border_width__hover_enabled=&#8220;off&#8220; button_border_color__hover_enabled=&#8220;off&#8220; button_one_border_color__hover_enabled=&#8220;off&#8220; button_two_border_color__hover_enabled=&#8220;off&#8220; button_border_radius__hover_enabled=&#8220;off&#8220; button_one_border_radius__hover_enabled=&#8220;off&#8220; button_two_border_radius__hover_enabled=&#8220;off&#8220; button_letter_spacing__hover_enabled=&#8220;on&#8220; button_letter_spacing__hover=&#8220;0&#8243; button_one_letter_spacing__hover_enabled=&#8220;off&#8220; button_two_letter_spacing__hover_enabled=&#8220;off&#8220; button_bg_color__hover_enabled=&#8220;off&#8220; button_one_bg_color__hover_enabled=&#8220;off&#8220; button_two_bg_color__hover_enabled=&#8220;off&#8220;][\/et_pb_button][\/et_pb_column][\/et_pb_row][\/et_pb_section][et_pb_section fb_built=&#8220;1&#8243; _builder_version=&#8220;3.22&#8243; global_colors_info=&#8220;{}&#8220;][et_pb_row admin_label=&#8220;Riga&#8220; _builder_version=&#8220;3.25&#8243; background_size=&#8220;initial&#8220; background_position=&#8220;top_left&#8220; background_repeat=&#8220;repeat&#8220; custom_padding=&#8220;0px|||&#8220; make_fullwidth=&#8220;off&#8220; use_custom_width=&#8220;off&#8220; width_unit=&#8220;on&#8220; global_colors_info=&#8220;{}&#8220;][et_pb_column type=&#8220;4_4&#8243; _builder_version=&#8220;3.25&#8243; custom_padding=&#8220;|||&#8220; global_colors_info=&#8220;{}&#8220; custom_padding__hover=&#8220;|||&#8220;][et_pb_gallery gallery_ids=&#8220;6680,3918,6677,3917,4161,4055,4058,3919&#8243; posts_number=&#8220;8&#8243; show_title_and_caption=&#8220;off&#8220; zoom_icon_color=&#8220;#545454&#8243; admin_label=&#8220;Galleria&#8220; _builder_version=&#8220;3.0.89&#8243; pagination_font_size_tablet=&#8220;51&#8243; pagination_line_height_tablet=&#8220;2&#8243; border_style=&#8220;solid&#8220; global_colors_info=&#8220;{}&#8220;][\/et_pb_gallery][\/et_pb_column][\/et_pb_row][\/et_pb_section][et_pb_section fb_built=&#8220;1&#8243; admin_label=&#8220;Sezione&#8220; _builder_version=&#8220;3.22&#8243; background_color=&#8220;#e0e0e0&#8243; custom_padding=&#8220;0px|||&#8220; transparent_background=&#8220;off&#8220; make_fullwidth=&#8220;off&#8220; use_custom_width=&#8220;off&#8220; width_unit=&#8220;on&#8220; global_colors_info=&#8220;{}&#8220;][et_pb_row admin_label=&#8220;Riga&#8220; _builder_version=&#8220;3.25&#8243; background_size=&#8220;initial&#8220; background_position=&#8220;top_left&#8220; background_repeat=&#8220;repeat&#8220; make_fullwidth=&#8220;off&#8220; use_custom_width=&#8220;off&#8220; width_unit=&#8220;on&#8220; global_colors_info=&#8220;{}&#8220; column_structure=&#8220;1_2,1_2&#8243;][et_pb_column type=&#8220;1_2&#8243; _builder_version=&#8220;3.25&#8243; custom_padding=&#8220;|||&#8220; global_colors_info=&#8220;{}&#8220; custom_padding__hover=&#8220;|||&#8220;][et_pb_text admin_label=&#8220;Testo&#8220; _builder_version=&#8220;3.27.4&#8243; module_alignment=&#8220;left&#8220; custom_padding=&#8220;|||5px&#8220; border_style=&#8220;solid&#8220; global_colors_info=&#8220;{}&#8220;]<\/p>\n<h2><span class=\"fontstyle0\">TECHNISCHE EIGENSCHAFTEN<br \/><\/span><\/h2>\n<p><strong> <span class=\"fontstyle0\">Dosiersystem<\/span> <\/strong><br \/><span class=\"fontstyle0\">Volumetrisch sequenziell <\/span><span class=\"fontstyle0\">(oder gravimetrisch f\u00fcr<br \/>Anwendungen im Labor)<\/span><\/p>\n<p><strong> <span class=\"fontstyle0\">Anzahl der Schaltungen<\/span> <\/strong><br \/><span class=\"fontstyle0\">Bis zu 16<\/span><\/p>\n<p><strong> <span class=\"fontstyle0\">Dosierprinzip<\/span> <\/strong><br \/><span class=\"fontstyle0\">Exzenterschneckenpumpen (PCP)<\/span><\/p>\n<p><strong><span class=\"fontstyle0\">Kanisterkapazit\u00e4t<\/span><br \/><\/strong>2 Liter<\/p>\n<p><strong> <span class=\"fontstyle0\">Maximale Durch\ufb02ussmenge<\/span> <\/strong><br \/>0,15 L\/min*<\/p>\n<p><strong> <span class=\"fontstyle0\">Durchschnittliche Pr\u00e4zision<\/span> <\/strong><br \/>+\/-1%\u00a0*<\/p>\n<p><strong> <span class=\"fontstyle0\">Mindestdosierungsmenge<\/span> <\/strong><br \/>1\/1000 fl. oz. (0,03 ml)*<\/p>\n<p><strong> <span class=\"fontstyle0\">D\u00fcsenverschlussystem<\/span> <\/strong><br \/><span class=\"fontstyle0\">Automatischer Luftbefeuchterkappe, fest geschlossen<\/span><\/p>\n<p><strong><span class=\"fontstyle0\">Dosenpositionierung<\/span><br \/><\/strong> <span class=\"fontstyle0\">Ebene manuell positionierbar<\/span><\/p>\n<p><strong> <span class=\"fontstyle0\">Dosenmindesth\u00f6he<\/span><br \/><\/strong> <span class=\"fontstyle0\">Keine Einschr\u00e4nkung<\/span><\/p>\n<p><strong> <span class=\"fontstyle0\">Maximale Dosenh\u00f6he<\/span> <\/strong><br \/>445 mm<\/p>\n<p><strong> <span class=\"fontstyle0\">Maximum-Dimensionen<\/span><\/strong><br \/>L 670 x D 610 x H 700 mm<\/p>\n<p><strong> <span class=\"fontstyle0\">Gewicht<\/span> <\/strong><br \/>70 kg<\/p>\n<p><strong> <span class=\"fontstyle0\">Elektrische Versorgung<\/span> <\/strong><br \/>230\/115 V AC-50\/60 Hz<\/p>\n<p>* <span class=\"fontstyle0\">(Daten beeinfu\u00dft von der Z\u00e4h\ufb02\u00fcssigkeit der F\u00e4rbemittel)<\/span><\/p>\n<h1><span class=\"fontstyle0\">\u00a0<\/span><\/h1>\n<p>[\/et_pb_text][\/et_pb_column][et_pb_column type=&#8220;1_2&#8243; _builder_version=&#8220;3.25&#8243; custom_padding=&#8220;|||&#8220; global_colors_info=&#8220;{}&#8220; custom_padding__hover=&#8220;|||&#8220;][\/et_pb_column][\/et_pb_row][\/et_pb_section]<\/p>\n","protected":false},"excerpt":{"rendered":"<p>A100 &#8211; DER KOMPAKTE TECHNISCHE EIGENSCHAFTEN Automatischer Farbmischer mit der Dosiertechnologie der Exzenterschneckenpumpen (PCP), die durch internationale Patente gesch\u00fctzt ist. Die Familie Archimede reicht vom kleinsten automatischen Farbmischer weltweit, der die Gr\u00f6\u00dfe eines Druckers hat, bis hin zu einem Hochleistungsfarbmischer mit Simultandosierung f\u00fcr Farbgesch\u00e4fte. Der A100 in der Version mit integriertem R\u00fcttler, mit dem Namen [&hellip;]<\/p>\n","protected":false},"author":1,"featured_media":0,"parent":0,"menu_order":0,"comment_status":"closed","ping_status":"closed","template":"","meta":{"_et_pb_use_builder":"on","_et_pb_old_content":"","_et_gb_content_width":"","footnotes":""},"class_list":["post-6113","page","type-page","status-publish","hentry"],"_links":{"self":[{"href":"https:\/\/eu.hero.ca\/de\/wp-json\/wp\/v2\/pages\/6113","targetHints":{"allow":["GET"]}}],"collection":[{"href":"https:\/\/eu.hero.ca\/de\/wp-json\/wp\/v2\/pages"}],"about":[{"href":"https:\/\/eu.hero.ca\/de\/wp-json\/wp\/v2\/types\/page"}],"author":[{"embeddable":true,"href":"https:\/\/eu.hero.ca\/de\/wp-json\/wp\/v2\/users\/1"}],"replies":[{"embeddable":true,"href":"https:\/\/eu.hero.ca\/de\/wp-json\/wp\/v2\/comments?post=6113"}],"version-history":[{"count":0,"href":"https:\/\/eu.hero.ca\/de\/wp-json\/wp\/v2\/pages\/6113\/revisions"}],"wp:attachment":[{"href":"https:\/\/eu.hero.ca\/de\/wp-json\/wp\/v2\/media?parent=6113"}],"curies":[{"name":"wp","href":"https:\/\/api.w.org\/{rel}","templated":true}]}}