
{"id":6130,"date":"2017-10-10T13:30:58","date_gmt":"2017-10-10T13:30:58","guid":{"rendered":"http:\/\/eu.hero.ca\/a950\/"},"modified":"2017-11-16T21:16:10","modified_gmt":"2017-11-16T21:16:10","slug":"a950","status":"publish","type":"page","link":"https:\/\/eu.hero.ca\/de\/a950\/","title":{"rendered":"A950"},"content":{"rendered":"<p>[et_pb_section bb_built=&#8220;1&#8243; admin_label=&#8220;Sezione&#8220; fullwidth=&#8220;on&#8220; specialty=&#8220;off&#8220;][et_pb_fullwidth_header admin_label=&#8220;Intestazione a Larghezza Piena&#8220; title=&#8220;FAMILIE NEWTON &#8220; subhead=&#8220;A950&#8243; background_layout=&#8220;dark&#8220; text_orientation=&#8220;left&#8220; header_fullscreen=&#8220;off&#8220; header_scroll_down=&#8220;off&#8220; background_url=&#8220;https:\/\/eu.hero.ca\/wp-content\/uploads\/2017\/05\/sfondo-low-poly-blu-2.jpg&#8220; parallax=&#8220;off&#8220; parallax_method=&#8220;off&#8220; content_orientation=&#8220;center&#8220; image_orientation=&#8220;center&#8220; custom_button_one=&#8220;off&#8220; button_one_letter_spacing=&#8220;0&#8243; button_one_use_icon=&#8220;default&#8220; button_one_icon_placement=&#8220;right&#8220; button_one_on_hover=&#8220;on&#8220; button_one_letter_spacing_hover=&#8220;0&#8243; custom_button_two=&#8220;off&#8220; button_two_letter_spacing=&#8220;0&#8243; button_two_use_icon=&#8220;default&#8220; button_two_icon_placement=&#8220;right&#8220; button_two_on_hover=&#8220;on&#8220; button_two_letter_spacing_hover=&#8220;0&#8243; background_image=&#8220;https:\/\/eu.hero.ca\/wp-content\/uploads\/2017\/05\/sfondo-low-poly-blu-2.jpg&#8220; \/][\/et_pb_section][et_pb_section bb_built=&#8220;1&#8243; admin_label=&#8220;section&#8220; transparent_background=&#8220;off&#8220; allow_player_pause=&#8220;off&#8220; inner_shadow=&#8220;off&#8220; parallax=&#8220;off&#8220; parallax_method=&#8220;off&#8220; custom_padding=&#8220;||0px|&#8220; make_fullwidth=&#8220;off&#8220; use_custom_width=&#8220;off&#8220; width_unit=&#8220;on&#8220; make_equal=&#8220;off&#8220; use_custom_gutter=&#8220;off&#8220;][et_pb_row admin_label=&#8220;Riga&#8220; background_position=&#8220;top_left&#8220; background_repeat=&#8220;repeat&#8220; background_size=&#8220;initial&#8220;][et_pb_column type=&#8220;4_4&#8243;][et_pb_text admin_label=&#8220;Testo&#8220; background_layout=&#8220;light&#8220; text_orientation=&#8220;left&#8220; use_border_color=&#8220;off&#8220; border_color=&#8220;#ffffff&#8220; border_style=&#8220;solid&#8220; background_position=&#8220;top_left&#8220; background_repeat=&#8220;repeat&#8220; background_size=&#8220;initial&#8220; module_alignment=&#8220;left&#8220;]<\/p>\n<h1>A950<\/h1>\n<p>[\/et_pb_text][\/et_pb_column][\/et_pb_row][et_pb_row admin_label=&#8220;Riga&#8220; background_position=&#8220;top_left&#8220; background_repeat=&#8220;repeat&#8220; background_size=&#8220;initial&#8220;][et_pb_column type=&#8220;1_2&#8243;][et_pb_image admin_label=&#8220;Immagine&#8220; src=&#8220;https:\/\/eu.hero.ca\/wp-content\/uploads\/2017\/06\/A850.jpg&#8220; show_in_lightbox=&#8220;off&#8220; url_new_window=&#8220;off&#8220; use_overlay=&#8220;off&#8220; sticky=&#8220;off&#8220; align=&#8220;left&#8220; force_fullwidth=&#8220;off&#8220; always_center_on_mobile=&#8220;on&#8220; border_style=&#8220;solid&#8220; _builder_version=&#8220;3.0.51&#8243; show_bottom_space=&#8220;on&#8220; animation_style=&#8220;slide&#8220; animation_duration=&#8220;500ms&#8220; animation_intensity_slide=&#8220;10%&#8220; animation_direction=&#8220;left&#8220; \/][\/et_pb_column][et_pb_column type=&#8220;1_2&#8243;][et_pb_text admin_label=&#8220;Testo&#8220; background_layout=&#8220;light&#8220; text_orientation=&#8220;left&#8220; use_border_color=&#8220;off&#8220; border_color=&#8220;#ffffff&#8220; border_style=&#8220;solid&#8220; background_position=&#8220;top_left&#8220; background_repeat=&#8220;repeat&#8220; background_size=&#8220;initial&#8220; module_alignment=&#8220;left&#8220;]<\/p>\n<h3><span class=\"fontstyle0\">TECHNISCHE EIGENSCHAFTEN<\/span><\/h3>\n<p>&nbsp;<br \/>\n[\/et_pb_text][et_pb_text admin_label=&#8220;Testo&#8220; background_layout=&#8220;light&#8220; text_orientation=&#8220;left&#8220; border_style=&#8220;solid&#8220; background_position=&#8220;top_left&#8220; background_repeat=&#8220;repeat&#8220; background_size=&#8220;initial&#8220; _builder_version=&#8220;3.0.51&#8243; module_alignment=&#8220;left&#8220;]<\/p>\n<p><span class=\"fontstyle0\">Automatischer Farbmischer, der mit der Dosiertechnologie der PCP, die durch internationale Patente gesch\u00fctzt ist, oder mit einer R\u00fccklaufGetriebepumpe erh\u00e4ltlich ist.<br \/>\n<\/span><\/p>\n<p><span class=\"fontstyle0\">Dank seiner Modularit\u00e4t passt er sich den Bed\u00fcrfnissen jeden Benutzers an und ist besonders f\u00fcr gro\u00dfe Verkaufsstellen geeignet.<\/span><span class=\"fontstyle0\"> Durch die M\u00f6glichkeit der Konfgurierung f\u00fcr eine kombinierte gravimetrische Dosierung kann die Newton auch in der Industrie und\/oder zur<br \/>\nRealisierung von kleinen Fabrikproduktionen eingesetzt werden. <\/span><\/p>\n<p><span class=\"fontstyle0\">Bei Verwendung der PCP-Pumpen, k\u00f6nnen auch Farbmuster auf der A950 angefertigt werden. (Dosierbare Mindestmenge 1\/1000 \ufb02. oz. &#8211; 0,03<br \/>\nml)<\/span><\/p>\n<p>[\/et_pb_text][et_pb_button _builder_version=&#8220;3.0.51&#8243; button_text=&#8220;Download data sheet&#8220; button_url=&#8220;https:\/\/eu.hero.ca\/wp-content\/uploads\/PDF\/TEDESCO\/A950-TED.pdf&#8220; url_new_window=&#8220;on&#8220; button_alignment=&#8220;left&#8220; background_layout=&#8220;dark&#8220; custom_button=&#8220;off&#8220; button_letter_spacing=&#8220;0&#8243; button_icon_placement=&#8220;right&#8220; button_letter_spacing_hover=&#8220;0&#8243; \/][\/et_pb_column][\/et_pb_row][\/et_pb_section][et_pb_section bb_built=&#8220;1&#8243; fullwidth=&#8220;off&#8220; specialty=&#8220;off&#8220;][et_pb_row admin_label=&#8220;Riga&#8220; make_fullwidth=&#8220;off&#8220; use_custom_width=&#8220;off&#8220; width_unit=&#8220;on&#8220; use_custom_gutter=&#8220;off&#8220; custom_padding=&#8220;0px|||&#8220; allow_player_pause=&#8220;off&#8220; parallax=&#8220;off&#8220; parallax_method=&#8220;on&#8220; make_equal=&#8220;off&#8220; parallax_1=&#8220;off&#8220; parallax_method_1=&#8220;off&#8220; background_position=&#8220;top_left&#8220; background_repeat=&#8220;repeat&#8220; background_size=&#8220;initial&#8220;][et_pb_column type=&#8220;4_4&#8243;][et_pb_gallery admin_label=&#8220;Galleria&#8220; gallery_ids=&#8220;4174,3881,4176,6794,3880,3930,3919,4068&#8243; fullwidth=&#8220;off&#8220; orientation=&#8220;landscape&#8220; show_title_and_caption=&#8220;off&#8220; show_pagination=&#8220;on&#8220; background_layout=&#8220;light&#8220; hover_overlay_color=&#8220;rgba(255,255,255,0.9)&#8220; border_style=&#8220;solid&#8220; _builder_version=&#8220;3.0.89&#8243; posts_number=&#8220;8&#8243; zoom_icon_color=&#8220;#545454&#8243; pagination_font_size_tablet=&#8220;51&#8243; pagination_line_height_tablet=&#8220;2&#8243; \/][\/et_pb_column][\/et_pb_row][\/et_pb_section][et_pb_section bb_built=&#8220;1&#8243; admin_label=&#8220;Sezione&#8220; fullwidth=&#8220;off&#8220; specialty=&#8220;off&#8220; transparent_background=&#8220;off&#8220; background_color=&#8220;#e0e0e0&#8243; allow_player_pause=&#8220;off&#8220; inner_shadow=&#8220;off&#8220; parallax=&#8220;off&#8220; parallax_method=&#8220;off&#8220; custom_padding=&#8220;0px|||&#8220; make_fullwidth=&#8220;off&#8220; use_custom_width=&#8220;off&#8220; width_unit=&#8220;on&#8220; make_equal=&#8220;off&#8220; use_custom_gutter=&#8220;off&#8220;][et_pb_row admin_label=&#8220;Riga&#8220; make_fullwidth=&#8220;off&#8220; use_custom_width=&#8220;off&#8220; width_unit=&#8220;on&#8220; use_custom_gutter=&#8220;off&#8220; allow_player_pause=&#8220;off&#8220; parallax=&#8220;off&#8220; parallax_method=&#8220;off&#8220; make_equal=&#8220;off&#8220; parallax_1=&#8220;off&#8220; parallax_method_1=&#8220;off&#8220; gutter_width=&#8220;0&#8243; parallax_2=&#8220;off&#8220; parallax_method_2=&#8220;off&#8220; background_position=&#8220;top_left&#8220; background_repeat=&#8220;repeat&#8220; background_size=&#8220;initial&#8220;][et_pb_column type=&#8220;1_2&#8243;][et_pb_text admin_label=&#8220;Testo&#8220; background_layout=&#8220;light&#8220; text_orientation=&#8220;left&#8220; use_border_color=&#8220;off&#8220; border_color=&#8220;#ffffff&#8220; border_style=&#8220;solid&#8220; custom_padding=&#8220;|||5px&#8220; background_position=&#8220;top_left&#8220; background_repeat=&#8220;repeat&#8220; background_size=&#8220;initial&#8220; module_alignment=&#8220;left&#8220;]<\/p>\n<h3><span class=\"fontstyle0\">TECHNISCHE EIGENSCHAFTEN<\/span><\/h3>\n<p><strong><span class=\"fontstyle0\">Dosiersystem<\/span><br \/>\n<\/strong> <span class=\"fontstyle0\">Volumetrisch, gravimetrisch und kombiniertsimultan<\/span><\/p>\n<p><strong><span class=\"fontstyle0\">Anzahl der Schaltungen<\/span><br \/>\n<\/strong> <span class=\"fontstyle0\">Bis zu 32<\/span><\/p>\n<p><strong><span class=\"fontstyle0\">Dosierprinzip<\/span><br \/>\n<\/strong> <span class=\"fontstyle0\">Exzenterschneckenpumpen mit hohem Durch\ufb02uss (PCP HF)<\/span><\/p>\n<p><strong><span class=\"fontstyle0\">Kanisterkapazit\u00e4t<\/span><br \/>\n<\/strong>3-5-9-22 Liter<\/p>\n<p><strong><span class=\"fontstyle0\">Maximale Durch\ufb02ussmenge<\/span><br \/>\n<\/strong>0,6 L\/min*<\/p>\n<p><strong><span class=\"fontstyle0\">Durchschnittliche Pr\u00e4zision<\/span><br \/>\n<\/strong>+\/-1%\u00a0*<\/p>\n<p><strong><span class=\"fontstyle0\">Mindestdosierungsmenge<\/span><br \/>\n<\/strong>1\/1000 fl. oz. (0,03 ml)*<\/p>\n<p><strong><span class=\"fontstyle0\">D\u00fcsenverschlussystem<\/span><br \/>\n<\/strong> <span class=\"fontstyle0\">Automatische Luftbefeuchterkappe, fest geschlossen<\/span><\/p>\n<p><strong><span class=\"fontstyle0\">Dosenanwesenheitszeiger<\/span><br \/>\n<\/strong> <span class=\"fontstyle0\">Fotozelle<\/span><\/p>\n<p><strong><span class=\"fontstyle0\">Dosenpositionierung<\/span><br \/>\n<\/strong> <span class=\"fontstyle0\">Automatischer Heber<\/span><\/p>\n<p><strong><span class=\"fontstyle0\">Dosenmindesth\u00f6he<\/span><br \/>\n<\/strong>70 mm<\/p>\n<p><strong><span class=\"fontstyle0\">Maximale Dosenh\u00f6he<\/span><br \/>\n<\/strong>620 mm<\/p>\n<p><strong><span class=\"fontstyle0\">Hubweg<\/span><br \/>\n<\/strong>300 mm<\/p>\n<p><strong><span class=\"fontstyle0\">Maximum-Dimensionen<\/span><br \/>\n<\/strong> <span class=\"fontstyle0\">Abh\u00e4ngig von der Konfguration und der Anzahl der Speichermodule<\/span><\/p>\n<p><strong><span class=\"fontstyle0\">Gewicht<\/span><br \/>\n<\/strong> <span class=\"fontstyle0\">Abh\u00e4ngig von der Konfguration und der Anzahl der Speichermodule<\/span><\/p>\n<p><strong><span class=\"fontstyle0\">Elektrische Versorgung<\/span><br \/>\n<\/strong>230\/115 V AC-50\/60 Hz<\/p>\n<p>&nbsp;<\/p>\n<p>*<em>(data influenced by the viscosity of the colourants)<\/em><\/p>\n<p>[\/et_pb_text][\/et_pb_column][et_pb_column type=&#8220;1_2&#8243;][\/et_pb_column][\/et_pb_row][\/et_pb_section]<\/p>\n","protected":false},"excerpt":{"rendered":"<p>A950 TECHNISCHE EIGENSCHAFTEN &nbsp; Automatischer Farbmischer, der mit der Dosiertechnologie der PCP, die durch internationale Patente gesch\u00fctzt ist, oder mit einer R\u00fccklaufGetriebepumpe erh\u00e4ltlich ist. Dank seiner Modularit\u00e4t passt er sich den Bed\u00fcrfnissen jeden Benutzers an und ist besonders f\u00fcr gro\u00dfe Verkaufsstellen geeignet. Durch die M\u00f6glichkeit der Konfgurierung f\u00fcr eine kombinierte gravimetrische Dosierung kann die Newton [&hellip;]<\/p>\n","protected":false},"author":1,"featured_media":0,"parent":0,"menu_order":0,"comment_status":"closed","ping_status":"closed","template":"","meta":{"_et_pb_use_builder":"on","_et_pb_old_content":"","_et_gb_content_width":"","footnotes":""},"class_list":["post-6130","page","type-page","status-publish","hentry"],"_links":{"self":[{"href":"https:\/\/eu.hero.ca\/de\/wp-json\/wp\/v2\/pages\/6130","targetHints":{"allow":["GET"]}}],"collection":[{"href":"https:\/\/eu.hero.ca\/de\/wp-json\/wp\/v2\/pages"}],"about":[{"href":"https:\/\/eu.hero.ca\/de\/wp-json\/wp\/v2\/types\/page"}],"author":[{"embeddable":true,"href":"https:\/\/eu.hero.ca\/de\/wp-json\/wp\/v2\/users\/1"}],"replies":[{"embeddable":true,"href":"https:\/\/eu.hero.ca\/de\/wp-json\/wp\/v2\/comments?post=6130"}],"version-history":[{"count":0,"href":"https:\/\/eu.hero.ca\/de\/wp-json\/wp\/v2\/pages\/6130\/revisions"}],"wp:attachment":[{"href":"https:\/\/eu.hero.ca\/de\/wp-json\/wp\/v2\/media?parent=6130"}],"curies":[{"name":"wp","href":"https:\/\/api.w.org\/{rel}","templated":true}]}}