
{"id":6136,"date":"2017-10-10T13:32:13","date_gmt":"2017-10-10T13:32:13","guid":{"rendered":"http:\/\/eu.hero.ca\/as100\/"},"modified":"2022-06-21T08:38:19","modified_gmt":"2022-06-21T08:38:19","slug":"as100","status":"publish","type":"page","link":"https:\/\/eu.hero.ca\/de\/as100\/","title":{"rendered":"AS100"},"content":{"rendered":"<p>[et_pb_section fb_built=&#8220;1&#8243; fullwidth=&#8220;on&#8220; admin_label=&#8220;Sezione&#8220; _builder_version=&#8220;3.22&#8243; global_colors_info=&#8220;{}&#8220;][et_pb_fullwidth_header title=&#8220;FAMILIE ARCHIMEDE &#8220; subhead=&#8220;AS100 %22PITAGORA%22 &#8211; ZWEI IN EINS&#8220; content_max_width=&#8220;none&#8220; admin_label=&#8220;Intestazione a Larghezza Piena&#8220; _builder_version=&#8220;3.16&#8243; background_color=&#8220;rgba(255, 255, 255, 0)&#8220; background_image=&#8220;https:\/\/eu.hero.ca\/wp-content\/uploads\/2017\/03\/sfondo-low-poly-rosso.jpg&#8220; background_url=&#8220;https:\/\/eu.hero.ca\/wp-content\/uploads\/2017\/03\/sfondo-low-poly-rosso.jpg&#8220; button_one_letter_spacing_hover=&#8220;0&#8243; button_two_letter_spacing_hover=&#8220;0&#8243; global_colors_info=&#8220;{}&#8220; button_one_text_size__hover_enabled=&#8220;off&#8220; button_two_text_size__hover_enabled=&#8220;off&#8220; button_one_text_color__hover_enabled=&#8220;off&#8220; button_two_text_color__hover_enabled=&#8220;off&#8220; button_one_border_width__hover_enabled=&#8220;off&#8220; button_two_border_width__hover_enabled=&#8220;off&#8220; button_one_border_color__hover_enabled=&#8220;off&#8220; button_two_border_color__hover_enabled=&#8220;off&#8220; button_one_border_radius__hover_enabled=&#8220;off&#8220; button_two_border_radius__hover_enabled=&#8220;off&#8220; button_one_letter_spacing__hover_enabled=&#8220;on&#8220; button_one_letter_spacing__hover=&#8220;0&#8243; button_two_letter_spacing__hover_enabled=&#8220;on&#8220; button_two_letter_spacing__hover=&#8220;0&#8243; button_one_bg_color__hover_enabled=&#8220;off&#8220; button_two_bg_color__hover_enabled=&#8220;off&#8220;][\/et_pb_fullwidth_header][\/et_pb_section][et_pb_section fb_built=&#8220;1&#8243; admin_label=&#8220;section&#8220; _builder_version=&#8220;3.22&#8243; custom_padding=&#8220;||0px|&#8220; transparent_background=&#8220;off&#8220; make_fullwidth=&#8220;off&#8220; use_custom_width=&#8220;off&#8220; width_unit=&#8220;on&#8220; global_colors_info=&#8220;{}&#8220;][et_pb_row admin_label=&#8220;Riga&#8220; _builder_version=&#8220;3.25&#8243; background_size=&#8220;initial&#8220; background_position=&#8220;top_left&#8220; background_repeat=&#8220;repeat&#8220; global_colors_info=&#8220;{}&#8220;][et_pb_column type=&#8220;4_4&#8243; _builder_version=&#8220;3.25&#8243; custom_padding=&#8220;|||&#8220; global_colors_info=&#8220;{}&#8220; custom_padding__hover=&#8220;|||&#8220;][et_pb_text admin_label=&#8220;Testo&#8220; _builder_version=&#8220;3.27.4&#8243; module_alignment=&#8220;left&#8220; border_style=&#8220;solid&#8220; global_colors_info=&#8220;{}&#8220;]<\/p>\n<h1>AS100 &#8222;PITAGORA &#8222;- ZWEI IN EINS<\/h1>\n<p>[\/et_pb_text][\/et_pb_column][\/et_pb_row][et_pb_row admin_label=&#8220;Riga&#8220; _builder_version=&#8220;3.25&#8243; background_size=&#8220;initial&#8220; background_position=&#8220;top_left&#8220; background_repeat=&#8220;repeat&#8220; global_colors_info=&#8220;{}&#8220; column_structure=&#8220;1_2,1_2&#8243;][et_pb_column type=&#8220;1_2&#8243; _builder_version=&#8220;3.25&#8243; custom_padding=&#8220;|||&#8220; global_colors_info=&#8220;{}&#8220; custom_padding__hover=&#8220;|||&#8220;][et_pb_image src=&#8220;https:\/\/eu.hero.ca\/wp-content\/uploads\/2017\/06\/AS100.jpg&#8220; align_tablet=&#8220;center&#8220; align_last_edited=&#8220;on|desktop&#8220; admin_label=&#8220;Immagine&#8220; _builder_version=&#8220;3.23&#8243; animation_style=&#8220;slide&#8220; animation_direction=&#8220;left&#8220; animation_duration=&#8220;500ms&#8220; animation_intensity_slide=&#8220;10%&#8220; border_style=&#8220;solid&#8220; sticky=&#8220;off&#8220; always_center_on_mobile=&#8220;on&#8220; global_colors_info=&#8220;{}&#8220; align_phone=&#8220;center&#8220;][\/et_pb_image][\/et_pb_column][et_pb_column type=&#8220;1_2&#8243; _builder_version=&#8220;3.25&#8243; custom_padding=&#8220;|||&#8220; global_colors_info=&#8220;{}&#8220; custom_padding__hover=&#8220;|||&#8220;][et_pb_text admin_label=&#8220;Testo&#8220; _builder_version=&#8220;3.27.4&#8243; background_size=&#8220;initial&#8220; background_position=&#8220;top_left&#8220; background_repeat=&#8220;repeat&#8220; module_alignment=&#8220;left&#8220; use_border_color=&#8220;off&#8220; border_color=&#8220;#ffffff&#8220; border_style=&#8220;solid&#8220; global_colors_info=&#8220;{}&#8220;]<\/p>\n<h3><span class=\"fontstyle0\">TECHNISCHE EIGENSCHAFTEN<\/span><\/h3>\n<p>[\/et_pb_text][et_pb_text admin_label=&#8220;Testo&#8220; _builder_version=&#8220;3.27.4&#8243; background_size=&#8220;initial&#8220; background_position=&#8220;top_left&#8220; background_repeat=&#8220;repeat&#8220; module_alignment=&#8220;left&#8220; border_style=&#8220;solid&#8220; global_colors_info=&#8220;{}&#8220;]<span class=\"fontstyle0\">Automatischer Farbmischer mit der Dosiertechnologie der Exzenterschneckenpumpen (PCP), die durch internationale Patente<br \/>\ngesch\u00fctzt ist.<br \/>\n<\/span><\/p>\n<p><span class=\"fontstyle0\">Die Familie Archimede reicht vom kleinsten automatischen Farbmischer weltweit, der die Gr\u00f6\u00dfe eines Druckers hat, bis hin zu einem Hochleistungsfarbmischer mit Simultandosierung f\u00fcr Farbgesch\u00e4fte.<br \/>\n<\/span><\/p>\n<p><span class=\"fontstyle0\">Der A100 in der Version mit integriertem R\u00fcttler, mit dem Namen Pitagora (AS100), ist einzigartig in seiner Art, da er die maximale Optimierung des Raumbed\u00fcrfnisses in einer Verkaufsstelle erm\u00f6glicht.<\/span><\/p>\n<p><span class=\"fontstyle0\"><strong>PLUS<\/strong><br \/>\n\u2022 dosierbare Mindestmenge 1\/1000 \ufb02. oz. (0,03 ml)<br \/>\n\u2022 bis zu 24 Kanister<br \/>\n\u2022 KEINE Rekalibrierung erforderlich<br \/>\n\u2022 leichtes F\u00fcllen der Kanister<br \/>\n\u2022 wartungsfreundlich<br \/>\n\u2022 Laserleitsystem<br \/>\n\u2022 Ethernet-Verbindung und Vorbereitung zum kabellosen Einsatz<br \/>\n\u2022 das kompakteste Farbmischer- und R\u00fcttler -Set der Welt (AS100)<\/span><br \/>\n[\/et_pb_text][et_pb_button button_url=&#8220;https:\/\/eu.hero.ca\/wp-content\/uploads\/PDF\/TEDESCO\/AS-100-TED.pdf&#8220; url_new_window=&#8220;on&#8220; button_text=&#8220;Download data sheet&#8220; button_alignment=&#8220;left&#8220; _builder_version=&#8220;3.16&#8243; background_layout=&#8220;dark&#8220; button_letter_spacing_hover=&#8220;0&#8243; global_colors_info=&#8220;{}&#8220; button_text_size__hover_enabled=&#8220;off&#8220; button_one_text_size__hover_enabled=&#8220;off&#8220; button_two_text_size__hover_enabled=&#8220;off&#8220; button_text_color__hover_enabled=&#8220;off&#8220; button_one_text_color__hover_enabled=&#8220;off&#8220; button_two_text_color__hover_enabled=&#8220;off&#8220; button_border_width__hover_enabled=&#8220;off&#8220; button_one_border_width__hover_enabled=&#8220;off&#8220; button_two_border_width__hover_enabled=&#8220;off&#8220; button_border_color__hover_enabled=&#8220;off&#8220; button_one_border_color__hover_enabled=&#8220;off&#8220; button_two_border_color__hover_enabled=&#8220;off&#8220; button_border_radius__hover_enabled=&#8220;off&#8220; button_one_border_radius__hover_enabled=&#8220;off&#8220; button_two_border_radius__hover_enabled=&#8220;off&#8220; button_letter_spacing__hover_enabled=&#8220;on&#8220; button_letter_spacing__hover=&#8220;0&#8243; button_one_letter_spacing__hover_enabled=&#8220;off&#8220; button_two_letter_spacing__hover_enabled=&#8220;off&#8220; button_bg_color__hover_enabled=&#8220;off&#8220; button_one_bg_color__hover_enabled=&#8220;off&#8220; button_two_bg_color__hover_enabled=&#8220;off&#8220;][\/et_pb_button][\/et_pb_column][\/et_pb_row][\/et_pb_section][et_pb_section fb_built=&#8220;1&#8243; _builder_version=&#8220;3.22&#8243; global_colors_info=&#8220;{}&#8220;][et_pb_row admin_label=&#8220;Riga&#8220; _builder_version=&#8220;3.25&#8243; background_size=&#8220;initial&#8220; background_position=&#8220;top_left&#8220; background_repeat=&#8220;repeat&#8220; custom_padding=&#8220;0px|||&#8220; make_fullwidth=&#8220;off&#8220; use_custom_width=&#8220;off&#8220; width_unit=&#8220;on&#8220; global_colors_info=&#8220;{}&#8220;][et_pb_column type=&#8220;4_4&#8243; _builder_version=&#8220;3.25&#8243; custom_padding=&#8220;|||&#8220; global_colors_info=&#8220;{}&#8220; custom_padding__hover=&#8220;|||&#8220;][et_pb_gallery gallery_ids=&#8220;3930,3931,3584,4068&#8243; posts_number=&#8220;8&#8243; show_title_and_caption=&#8220;off&#8220; zoom_icon_color=&#8220;#545454&#8243; admin_label=&#8220;Galleria&#8220; _builder_version=&#8220;3.0.89&#8243; pagination_font_size_tablet=&#8220;51&#8243; pagination_line_height_tablet=&#8220;2&#8243; border_style=&#8220;solid&#8220; global_colors_info=&#8220;{}&#8220;][\/et_pb_gallery][\/et_pb_column][\/et_pb_row][\/et_pb_section][et_pb_section fb_built=&#8220;1&#8243; admin_label=&#8220;Sezione&#8220; _builder_version=&#8220;3.22&#8243; background_color=&#8220;#e0e0e0&#8243; custom_padding=&#8220;0px|||&#8220; transparent_background=&#8220;off&#8220; make_fullwidth=&#8220;off&#8220; use_custom_width=&#8220;off&#8220; width_unit=&#8220;on&#8220; global_colors_info=&#8220;{}&#8220;][et_pb_row admin_label=&#8220;Riga&#8220; _builder_version=&#8220;3.25&#8243; background_size=&#8220;initial&#8220; background_position=&#8220;top_left&#8220; background_repeat=&#8220;repeat&#8220; make_fullwidth=&#8220;off&#8220; use_custom_width=&#8220;off&#8220; width_unit=&#8220;on&#8220; global_colors_info=&#8220;{}&#8220; column_structure=&#8220;1_2,1_2&#8243;][et_pb_column type=&#8220;1_2&#8243; _builder_version=&#8220;3.25&#8243; custom_padding=&#8220;|||&#8220; global_colors_info=&#8220;{}&#8220; custom_padding__hover=&#8220;|||&#8220;][et_pb_text admin_label=&#8220;Testo&#8220; _builder_version=&#8220;3.27.4&#8243; module_alignment=&#8220;left&#8220; custom_padding=&#8220;|||5px&#8220; border_style=&#8220;solid&#8220; global_colors_info=&#8220;{}&#8220;]<\/p>\n<h2><span class=\"fontstyle0\">TECHNISCHE EIGENSCHAFTEN<\/span><\/h2>\n<h3>AS100 <span class=\"fontstyle0\">DIMENSIONEN<\/span><\/h3>\n<p><strong><span class=\"fontstyle0\">Gewitcht<\/span><br \/><\/strong>250 Kg<\/p>\n<p><strong><span class=\"fontstyle0\">Gesamtausma\u00dfe<\/span><br \/><\/strong>L 702 x D 703 x H 1.612 mm<\/p>\n<h3>A100<\/h3>\n<p><strong><span class=\"fontstyle0\">Dosiersystem<\/span><br \/><\/strong><span class=\"fontstyle0\">Volumetrisch sequenziell <\/span><span class=\"fontstyle0\">(oder gravimetrisch f\u00fcr anwendungen im Labor)<\/span><\/p>\n<p><strong><span class=\"fontstyle0\">Anzahl der Schaltungen<\/span><br \/><\/strong> <span class=\"fontstyle0\">Bis zu 16<\/span><\/p>\n<p><strong><span class=\"fontstyle0\">Dosierprinzip<\/span><br \/><\/strong><span class=\"fontstyle0\">Exzenterschneckenpumpen (PCP)<\/span><\/p>\n<p><strong><span class=\"fontstyle0\">Kanisterkapazit\u00e4t<\/span><br \/><\/strong>2 Liter<\/p>\n<p><strong><span class=\"fontstyle0\">Maximale Durch\ufb02ussmenge<\/span><br \/><\/strong>0,15 L\/min*<\/p>\n<p><strong><span class=\"fontstyle0\">Durchschnittliche Pr\u00e4zision<\/span><br \/><\/strong>+\/-1%\u00a0*<\/p>\n<p><strong><span class=\"fontstyle0\">Mindestdosierungsmenge<\/span><br \/><\/strong>1\/1000 fl. oz. (0,03 ml)*<\/p>\n<p><strong><span class=\"fontstyle0\">D\u00fcsenverschlussystem<\/span><br \/><\/strong> <span class=\"fontstyle0\">Automatischer Luftbefeuchterkappe, fest geschlossen<\/span><\/p>\n<p><strong><span class=\"fontstyle0\">Dosenpositionierung<\/span><br \/><\/strong> <span class=\"fontstyle0\">Ebene manuell positionierbar<\/span><\/p>\n<p><strong><span class=\"fontstyle0\">Dosenmindesth\u00f6he<\/span><br \/><\/strong><span class=\"fontstyle0\">Keine Einschr\u00e4nkung<\/span><\/p>\n<p><strong><span class=\"fontstyle0\">Maximale Dosenh\u00f6he<\/span><br \/><\/strong>445 mm<\/p>\n<p><strong><span class=\"fontstyle0\">Elektrische Versorgung<\/span><br \/><\/strong>230\/115 V AC-50\/60 Hz<\/p>\n<h3>S400<\/h3>\n<p><strong><span class=\"fontstyle0\">Maximale Eimergr\u00f6\u00dfe<\/span><br \/><\/strong><span class=\"fontstyle0\">\u00d8 340 mm \u00d7 400 mm in der H\u00f6he<\/span><\/p>\n<p><strong><span class=\"fontstyle0\">Mindesth\u00f6he der Eimer<\/span><br \/><\/strong>70 mm<\/p>\n<p><strong><span class=\"fontstyle0\">multipler Eimer-Adapter<\/span><br \/><\/strong><span class=\"fontstyle0\">auf Anfrage<\/span><\/p>\n<p><strong><span class=\"fontstyle0\">Maximale Ladekapazit\u00e4t<\/span><br \/><\/strong>35 kg<\/p>\n<p><strong><span class=\"fontstyle0\">Befestigung der Eimer<\/span><br \/><\/strong> <span class=\"fontstyle0\">Automatisch<\/span><\/p>\n<p><strong><span class=\"fontstyle0\">Maschinenverschlu\u00df<\/span><br \/><\/strong> <span class=\"fontstyle0\">Transparente T\u00fcr<\/span><\/p>\n<p><strong><span class=\"fontstyle0\">R\u00fchrmotor<\/span><br \/><\/strong> <span class=\"fontstyle0\">Elektrischer, Monophasen-Motor, St\u00e4rke 0,9 kW<\/span><\/p>\n<p><strong><span class=\"fontstyle0\">Mischgeschwindigkeit<\/span><br \/><\/strong><span class=\"fontstyle0\">Konstante Geschwindigkeit (630 rpm)<\/span><\/p>\n<p><strong><span class=\"fontstyle0\">Timer f\u00fcr den Mischzyklus<\/span><br \/><\/strong> <span class=\"fontstyle0\">Inbegriffen<\/span><\/p>\n<p><strong><span class=\"fontstyle0\">Schutz<\/span><br \/><\/strong>IP 32<\/p>\n<p><strong><span class=\"fontstyle0\">Notstopp-Taste<\/span><br \/><\/strong> <span class=\"fontstyle0\">Inbegriffen<\/span><\/p>\n<p><strong><span class=\"fontstyle0\">Ger\u00e4uschpegel<\/span><br \/><\/strong> <span class=\"fontstyle0\">&lt; 80 db (A), gemessen nach DIN 45.635 (ohne Beladung, leer)<\/span><\/p>\n<p><strong><span class=\"fontstyle0\">Elektrische Verorgung<\/span><br \/><\/strong>230 V AC 50 Hz<\/p>\n<p>&nbsp;<\/p>\n<p>* <span class=\"fontstyle0\">(Daten beeinfu\u00dft von der Z\u00e4h\ufb02\u00fcssigkeit der F\u00e4rbemittel)<\/span><\/p>\n<p>[\/et_pb_text][\/et_pb_column][et_pb_column type=&#8220;1_2&#8243; _builder_version=&#8220;3.25&#8243; custom_padding=&#8220;|||&#8220; global_colors_info=&#8220;{}&#8220; custom_padding__hover=&#8220;|||&#8220;][\/et_pb_column][\/et_pb_row][\/et_pb_section]<\/p>\n","protected":false},"excerpt":{"rendered":"<p>AS100 &#8222;PITAGORA &#8222;- ZWEI IN EINS TECHNISCHE EIGENSCHAFTEN Automatischer Farbmischer mit der Dosiertechnologie der Exzenterschneckenpumpen (PCP), die durch internationale Patente gesch\u00fctzt ist. Die Familie Archimede reicht vom kleinsten automatischen Farbmischer weltweit, der die Gr\u00f6\u00dfe eines Druckers hat, bis hin zu einem Hochleistungsfarbmischer mit Simultandosierung f\u00fcr Farbgesch\u00e4fte. Der A100 in der Version mit integriertem R\u00fcttler, mit [&hellip;]<\/p>\n","protected":false},"author":1,"featured_media":0,"parent":0,"menu_order":0,"comment_status":"closed","ping_status":"closed","template":"","meta":{"_et_pb_use_builder":"on","_et_pb_old_content":"","_et_gb_content_width":"","footnotes":""},"class_list":["post-6136","page","type-page","status-publish","hentry"],"_links":{"self":[{"href":"https:\/\/eu.hero.ca\/de\/wp-json\/wp\/v2\/pages\/6136","targetHints":{"allow":["GET"]}}],"collection":[{"href":"https:\/\/eu.hero.ca\/de\/wp-json\/wp\/v2\/pages"}],"about":[{"href":"https:\/\/eu.hero.ca\/de\/wp-json\/wp\/v2\/types\/page"}],"author":[{"embeddable":true,"href":"https:\/\/eu.hero.ca\/de\/wp-json\/wp\/v2\/users\/1"}],"replies":[{"embeddable":true,"href":"https:\/\/eu.hero.ca\/de\/wp-json\/wp\/v2\/comments?post=6136"}],"version-history":[{"count":0,"href":"https:\/\/eu.hero.ca\/de\/wp-json\/wp\/v2\/pages\/6136\/revisions"}],"wp:attachment":[{"href":"https:\/\/eu.hero.ca\/de\/wp-json\/wp\/v2\/media?parent=6136"}],"curies":[{"name":"wp","href":"https:\/\/api.w.org\/{rel}","templated":true}]}}