
{"id":6144,"date":"2017-10-10T13:32:52","date_gmt":"2017-10-10T13:32:52","guid":{"rendered":"http:\/\/eu.hero.ca\/b200-b300\/"},"modified":"2017-10-10T13:32:53","modified_gmt":"2017-10-10T13:32:53","slug":"b200-b300","status":"publish","type":"page","link":"https:\/\/eu.hero.ca\/de\/b200-b300\/","title":{"rendered":"B200 \/ B300"},"content":{"rendered":"<p>[et_pb_section bb_built=&#8220;1&#8243; admin_label=&#8220;Sezione&#8220; fullwidth=&#8220;on&#8220; specialty=&#8220;off&#8220;][et_pb_fullwidth_header admin_label=&#8220;Intestazione a Larghezza Piena&#8220; title=&#8220;INK DOSER&#8220; subhead=&#8220;B200 \/ B300&#8243; background_layout=&#8220;dark&#8220; text_orientation=&#8220;left&#8220; header_fullscreen=&#8220;off&#8220; header_scroll_down=&#8220;off&#8220; background_url=&#8220;https:\/\/eu.hero.ca\/wp-content\/uploads\/2017\/03\/sfondo-low-poly-rosso.jpg&#8220; content_orientation=&#8220;center&#8220; image_orientation=&#8220;center&#8220; custom_button_one=&#8220;off&#8220; button_one_letter_spacing=&#8220;0&#8243; button_one_icon_placement=&#8220;right&#8220; button_one_letter_spacing_hover=&#8220;0&#8243; custom_button_two=&#8220;off&#8220; button_two_letter_spacing=&#8220;0&#8243; button_two_icon_placement=&#8220;right&#8220; button_two_letter_spacing_hover=&#8220;0&#8243; _builder_version=&#8220;3.0.51&#8243; background_image=&#8220;https:\/\/eu.hero.ca\/wp-content\/uploads\/2017\/05\/sfondomarrone.jpg&#8220; \/][\/et_pb_section][et_pb_section bb_built=&#8220;1&#8243; admin_label=&#8220;section&#8220; transparent_background=&#8220;off&#8220; allow_player_pause=&#8220;off&#8220; inner_shadow=&#8220;off&#8220; parallax=&#8220;off&#8220; parallax_method=&#8220;off&#8220; custom_padding=&#8220;||0px|&#8220; make_fullwidth=&#8220;off&#8220; use_custom_width=&#8220;off&#8220; width_unit=&#8220;on&#8220; make_equal=&#8220;off&#8220; use_custom_gutter=&#8220;off&#8220;][et_pb_row admin_label=&#8220;Riga&#8220; background_position=&#8220;top_left&#8220; background_repeat=&#8220;repeat&#8220; background_size=&#8220;initial&#8220;][et_pb_column type=&#8220;4_4&#8243;][et_pb_text admin_label=&#8220;Testo&#8220; background_layout=&#8220;light&#8220; text_orientation=&#8220;left&#8220; border_style=&#8220;solid&#8220; background_position=&#8220;top_left&#8220; background_repeat=&#8220;repeat&#8220; background_size=&#8220;initial&#8220; _builder_version=&#8220;3.0.51&#8243; module_alignment=&#8220;left&#8220;]<\/p>\n<h1>B200 \/ B300<\/h1>\n<p>[\/et_pb_text][\/et_pb_column][\/et_pb_row][et_pb_row admin_label=&#8220;Riga&#8220; background_position=&#8220;top_left&#8220; background_repeat=&#8220;repeat&#8220; background_size=&#8220;initial&#8220;][et_pb_column type=&#8220;1_2&#8243;][et_pb_image admin_label=&#8220;Immagine&#8220; src=&#8220;https:\/\/eu.hero.ca\/wp-content\/uploads\/2017\/06\/B200.jpg&#8220; show_in_lightbox=&#8220;off&#8220; url_new_window=&#8220;off&#8220; use_overlay=&#8220;off&#8220; sticky=&#8220;off&#8220; align=&#8220;left&#8220; force_fullwidth=&#8220;off&#8220; always_center_on_mobile=&#8220;on&#8220; border_style=&#8220;solid&#8220; _builder_version=&#8220;3.0.51&#8243; animation_style=&#8220;slide&#8220; animation_duration=&#8220;500ms&#8220; animation_intensity_slide=&#8220;10%&#8220; animation_direction=&#8220;left&#8220; \/][\/et_pb_column][et_pb_column type=&#8220;1_2&#8243;][et_pb_text admin_label=&#8220;Testo&#8220; background_layout=&#8220;light&#8220; text_orientation=&#8220;left&#8220; use_border_color=&#8220;off&#8220; border_color=&#8220;#ffffff&#8220; border_style=&#8220;solid&#8220; background_position=&#8220;top_left&#8220; background_repeat=&#8220;repeat&#8220; background_size=&#8220;initial&#8220; module_alignment=&#8220;left&#8220;]<\/p>\n<h3><span class=\"fontstyle0\">TECHNISCHE EIGENSCHAFTEN<\/span><\/h3>\n<p>[\/et_pb_text][et_pb_text admin_label=&#8220;Testo&#8220; background_layout=&#8220;light&#8220; text_orientation=&#8220;left&#8220; border_style=&#8220;solid&#8220; _builder_version=&#8220;3.0.51&#8243; module_alignment=&#8220;left&#8220;]<\/p>\n<p><span class=\"fontstyle0\">Der Ink-Doser bietet dem Markt eine praktische, funktionelle und wirtschaftliche L\u00f6sung f\u00fcr die Zubereitung von Tinten.<\/span><\/p>\n<p><span class=\"fontstyle0\"><strong>PLUS<\/strong><br \/>\n\u2022 Optimierung der Bevorratungslogistik der Produkte<br \/>\n\u2022 F\u00e4higkeit der Steuerung von Produktionsmindestzeiten<br \/>\n\u2022 kompakt und Anwenderfreundlich<br \/>\n\u2022 wartungsfreundlich<br \/>\n\u2022 Sensoren zur Standanzeige auf Anfrage<br \/>\n\u2022 individuelle Aufstellm\u00f6glichkeiten<br \/>\n\u2022 effziente R\u00fcckgabeverwaltung<br \/>\n\u2022 intelligentes Waschsystem<\/span><\/p>\n<p>[\/et_pb_text][et_pb_button _builder_version=&#8220;3.0.51&#8243; button_text=&#8220;Download data sheet&#8220; button_url=&#8220;https:\/\/eu.hero.ca\/wp-content\/uploads\/PDF\/TEDESCO\/B200-B300-TED.pdf&#8220; url_new_window=&#8220;on&#8220; button_alignment=&#8220;left&#8220; background_layout=&#8220;dark&#8220; custom_button=&#8220;off&#8220; button_letter_spacing=&#8220;0&#8243; button_icon_placement=&#8220;right&#8220; button_letter_spacing_hover=&#8220;0&#8243; \/][\/et_pb_column][\/et_pb_row][\/et_pb_section][et_pb_section bb_built=&#8220;1&#8243; fullwidth=&#8220;off&#8220; specialty=&#8220;off&#8220;][et_pb_row][et_pb_column type=&#8220;4_4&#8243;][et_pb_gallery _builder_version=&#8220;3.0.74&#8243; posts_number=&#8220;12&#8243; show_title_and_caption=&#8220;off&#8220; show_pagination=&#8220;on&#8220; gallery_ids=&#8220;4797,4796,4798,4799&#8243; fullwidth=&#8220;off&#8220; orientation=&#8220;landscape&#8220; zoom_icon_color=&#8220;#545454&#8243; hover_overlay_color=&#8220;rgba(255,255,255,0.9)&#8220; background_layout=&#8220;light&#8220; pagination_font_size_tablet=&#8220;51&#8243; pagination_line_height_tablet=&#8220;2&#8243; border_style=&#8220;solid&#8220; \/][\/et_pb_column][\/et_pb_row][\/et_pb_section][et_pb_section bb_built=&#8220;1&#8243; admin_label=&#8220;Sezione&#8220; fullwidth=&#8220;off&#8220; specialty=&#8220;off&#8220; transparent_background=&#8220;off&#8220; background_color=&#8220;#e0e0e0&#8243; allow_player_pause=&#8220;off&#8220; inner_shadow=&#8220;off&#8220; parallax=&#8220;off&#8220; parallax_method=&#8220;off&#8220; custom_padding=&#8220;0px|||&#8220; make_fullwidth=&#8220;off&#8220; use_custom_width=&#8220;off&#8220; width_unit=&#8220;on&#8220; make_equal=&#8220;off&#8220; use_custom_gutter=&#8220;off&#8220;][et_pb_row admin_label=&#8220;Riga&#8220; make_fullwidth=&#8220;off&#8220; use_custom_width=&#8220;off&#8220; width_unit=&#8220;on&#8220; use_custom_gutter=&#8220;off&#8220; allow_player_pause=&#8220;off&#8220; parallax=&#8220;off&#8220; parallax_method=&#8220;off&#8220; make_equal=&#8220;off&#8220; parallax_1=&#8220;off&#8220; parallax_method_1=&#8220;off&#8220; gutter_width=&#8220;0&#8243; parallax_2=&#8220;off&#8220; parallax_method_2=&#8220;off&#8220; background_position=&#8220;top_left&#8220; background_repeat=&#8220;repeat&#8220; background_size=&#8220;initial&#8220;][et_pb_column type=&#8220;1_2&#8243;][et_pb_text admin_label=&#8220;Testo&#8220; background_layout=&#8220;light&#8220; text_orientation=&#8220;left&#8220; border_style=&#8220;solid&#8220; custom_padding=&#8220;|||5px&#8220; _builder_version=&#8220;3.0.51&#8243; module_alignment=&#8220;left&#8220;]<\/p>\n<h2><span class=\"fontstyle0\">TECHNISCHE EIGENSCHAFTEN<\/span><\/h2>\n<p>&nbsp;<\/p>\n<p><strong><span class=\"fontstyle0\">Dosierung<\/span><br \/>\n<\/strong> <span class=\"fontstyle0\">Sequenziell gravimetrisch mit festem Kopf bis zu 16 Schaltungen + 1 zus\u00e4tzliche f\u00fcr die Dosierung des Wassers (oder L\u00f6sungsmittel)<\/span><\/p>\n<p><strong><span class=\"fontstyle0\">Flussmenge<\/span><br \/>\n<\/strong>8-10 L\/min <span class=\"fontstyle0\">(fno a 2000 cPs)<\/span><\/p>\n<p><strong><span class=\"fontstyle0\">Pr\u00e4zisione<\/span><br \/>\n<\/strong> <span class=\"fontstyle0\">\u00b15 g (h\u00f6here Pr\u00e4zision auf spezielle Anfrage)<\/span><\/p>\n<p><strong><span class=\"fontstyle0\">Dosierkopf<\/span><br \/>\n<\/strong> <span class=\"fontstyle0\">Fest mit Besetzung von max. 16 Ventilen, mit \u00d6ffnung von 10 mm und einem Durchmesser von 230 mm.<\/span><\/p>\n<p><strong><span class=\"fontstyle0\">Reinigung<\/span><br \/>\n<\/strong> <span class=\"fontstyle0\">Intelligente Reinigung mit unabh\u00e4ngigen Ventilen. Verbesserung des Abwassers<\/span><\/p>\n<p><strong><span class=\"fontstyle0\">Pumpen<\/span><br \/>\n<\/strong> <span class=\"fontstyle0\">Membranpumpe mit doppelter Membran und Durch\ufb02ussd\u00e4mpfer<\/span><\/p>\n<p><strong><span class=\"fontstyle0\">Lagerung<\/span><br \/>\n<\/strong> <span class=\"fontstyle0\">200 lt-Fass.<br \/>\nIBC palettierbar.<br \/>\nTanks in Edelstahl, nach Zeichnung.<br \/>\nSchnittstelle mit bestehenden Tanks.<br \/>\nDeckel mit Absaug-und Rezirkulationsbefestigungen.<br \/>\nAuf Anfrage: F\u00fcllsensoren und Sch\u00fcttelsystem.<\/span><\/p>\n<p><strong><span class=\"fontstyle0\">Eimer<\/span><br \/>\n<\/strong> <span class=\"fontstyle0\">B200:rausziehbare Schublade mit befestigter Waage.<br \/>\nB300: Fach f\u00fcr Bodenwaage<\/span><\/p>\n<p><strong><span class=\"fontstyle0\">Waage<\/span><br \/>\n<\/strong> <span class=\"fontstyle0\">B200: Elektromagnetische Kompensationswaage 35 Kg und Genauigkeit \u00b1 0,1 g.<br \/>\nB300: Elektromagnetische Kompensationswaage 150 Kg und Genauigkeit +\/- 2 g (+\/- 0,2 g auf Anfrage).<\/span><\/p>\n<p><strong><span class=\"fontstyle0\">Filter<\/span><br \/>\n<\/strong> <span class=\"fontstyle0\">In Form von Y mit variablen Maschen, je nach Ihren Anspr\u00fcchen.<\/span><\/p>\n<p>[\/et_pb_text][\/et_pb_column][et_pb_column type=&#8220;1_2&#8243;][\/et_pb_column][\/et_pb_row][\/et_pb_section]<\/p>\n","protected":false},"excerpt":{"rendered":"<p>B200 \/ B300 TECHNISCHE EIGENSCHAFTEN Der Ink-Doser bietet dem Markt eine praktische, funktionelle und wirtschaftliche L\u00f6sung f\u00fcr die Zubereitung von Tinten. PLUS \u2022 Optimierung der Bevorratungslogistik der Produkte \u2022 F\u00e4higkeit der Steuerung von Produktionsmindestzeiten \u2022 kompakt und Anwenderfreundlich \u2022 wartungsfreundlich \u2022 Sensoren zur Standanzeige auf Anfrage \u2022 individuelle Aufstellm\u00f6glichkeiten \u2022 effziente R\u00fcckgabeverwaltung \u2022 intelligentes Waschsystem [&hellip;]<\/p>\n","protected":false},"author":1,"featured_media":0,"parent":0,"menu_order":0,"comment_status":"closed","ping_status":"closed","template":"","meta":{"_et_pb_use_builder":"on","_et_pb_old_content":"","_et_gb_content_width":"","footnotes":""},"class_list":["post-6144","page","type-page","status-publish","hentry"],"_links":{"self":[{"href":"https:\/\/eu.hero.ca\/de\/wp-json\/wp\/v2\/pages\/6144","targetHints":{"allow":["GET"]}}],"collection":[{"href":"https:\/\/eu.hero.ca\/de\/wp-json\/wp\/v2\/pages"}],"about":[{"href":"https:\/\/eu.hero.ca\/de\/wp-json\/wp\/v2\/types\/page"}],"author":[{"embeddable":true,"href":"https:\/\/eu.hero.ca\/de\/wp-json\/wp\/v2\/users\/1"}],"replies":[{"embeddable":true,"href":"https:\/\/eu.hero.ca\/de\/wp-json\/wp\/v2\/comments?post=6144"}],"version-history":[{"count":0,"href":"https:\/\/eu.hero.ca\/de\/wp-json\/wp\/v2\/pages\/6144\/revisions"}],"wp:attachment":[{"href":"https:\/\/eu.hero.ca\/de\/wp-json\/wp\/v2\/media?parent=6144"}],"curies":[{"name":"wp","href":"https:\/\/api.w.org\/{rel}","templated":true}]}}