
{"id":6158,"date":"2017-10-10T13:38:16","date_gmt":"2017-10-10T13:38:16","guid":{"rendered":"http:\/\/eu.hero.ca\/m1200-m1250\/"},"modified":"2017-10-10T13:38:16","modified_gmt":"2017-10-10T13:38:16","slug":"m1200-m1250","status":"publish","type":"page","link":"https:\/\/eu.hero.ca\/de\/m1200-m1250\/","title":{"rendered":"M1200 \/ M1250"},"content":{"rendered":"<p>[et_pb_section bb_built=&#8220;1&#8243; admin_label=&#8220;Sezione&#8220; fullwidth=&#8220;on&#8220; specialty=&#8220;off&#8220;][et_pb_fullwidth_header admin_label=&#8220;Intestazione a Larghezza Piena&#8220; title=&#8220;TAUCHMIXER&#8220; subhead=&#8220;M1200 &#8211; MIT DAUERBETRIEB \/ M1250 &#8211; MIT SELBSTW\u00c4SCHE&#8220; background_layout=&#8220;dark&#8220; text_orientation=&#8220;left&#8220; header_fullscreen=&#8220;off&#8220; header_scroll_down=&#8220;off&#8220; background_url=&#8220;https:\/\/eu.hero.ca\/wp-content\/uploads\/2017\/05\/sfondo-low-giallo-1.jpg&#8220; content_orientation=&#8220;center&#8220; image_orientation=&#8220;center&#8220; custom_button_one=&#8220;off&#8220; button_one_letter_spacing=&#8220;0&#8243; button_one_icon_placement=&#8220;right&#8220; button_one_letter_spacing_hover=&#8220;0&#8243; custom_button_two=&#8220;off&#8220; button_two_letter_spacing=&#8220;0&#8243; button_two_icon_placement=&#8220;right&#8220; button_two_letter_spacing_hover=&#8220;0&#8243; _builder_version=&#8220;3.0.51&#8243; background_image=&#8220;https:\/\/eu.hero.ca\/wp-content\/uploads\/2017\/05\/sfondo-low-poly-verde.jpg&#8220; \/][\/et_pb_section][et_pb_section bb_built=&#8220;1&#8243; admin_label=&#8220;section&#8220; transparent_background=&#8220;off&#8220; allow_player_pause=&#8220;off&#8220; inner_shadow=&#8220;off&#8220; parallax=&#8220;off&#8220; parallax_method=&#8220;off&#8220; custom_padding=&#8220;||0px|&#8220; make_fullwidth=&#8220;off&#8220; use_custom_width=&#8220;off&#8220; width_unit=&#8220;on&#8220; make_equal=&#8220;off&#8220; use_custom_gutter=&#8220;off&#8220;][et_pb_row admin_label=&#8220;Riga&#8220; background_position=&#8220;top_left&#8220; background_repeat=&#8220;repeat&#8220; background_size=&#8220;initial&#8220;][et_pb_column type=&#8220;1_2&#8243;][et_pb_text admin_label=&#8220;Testo&#8220; background_layout=&#8220;light&#8220; text_orientation=&#8220;left&#8220; border_style=&#8220;solid&#8220; _builder_version=&#8220;3.0.51&#8243; module_alignment=&#8220;left&#8220;]<\/p>\n<h1>M1200 &#8211; MIT DAUERBETRIEB<\/h1>\n<p>[\/et_pb_text][et_pb_image admin_label=&#8220;Immagine&#8220; src=&#8220;https:\/\/eu.hero.ca\/wp-content\/uploads\/2017\/06\/M1200.jpg&#8220; show_in_lightbox=&#8220;off&#8220; url_new_window=&#8220;off&#8220; use_overlay=&#8220;off&#8220; sticky=&#8220;off&#8220; align=&#8220;left&#8220; force_fullwidth=&#8220;off&#8220; always_center_on_mobile=&#8220;on&#8220; border_style=&#8220;solid&#8220; _builder_version=&#8220;3.0.51&#8243; animation_style=&#8220;slide&#8220; animation_duration=&#8220;500ms&#8220; animation_intensity_slide=&#8220;10%&#8220; animation_direction=&#8220;left&#8220; \/][\/et_pb_column][et_pb_column type=&#8220;1_2&#8243;][et_pb_text admin_label=&#8220;Testo&#8220; background_layout=&#8220;light&#8220; text_orientation=&#8220;left&#8220; border_style=&#8220;solid&#8220; _builder_version=&#8220;3.0.51&#8243; module_alignment=&#8220;left&#8220;]<\/p>\n<h1>M1250 &#8211; MIT SELBSTW\u00c4SCHE<\/h1>\n<p>[\/et_pb_text][et_pb_image admin_label=&#8220;Immagine&#8220; src=&#8220;https:\/\/eu.hero.ca\/wp-content\/uploads\/2017\/06\/M1250.jpg&#8220; show_in_lightbox=&#8220;off&#8220; url_new_window=&#8220;off&#8220; use_overlay=&#8220;off&#8220; sticky=&#8220;off&#8220; align=&#8220;left&#8220; force_fullwidth=&#8220;off&#8220; always_center_on_mobile=&#8220;on&#8220; border_style=&#8220;solid&#8220; _builder_version=&#8220;3.0.51&#8243; animation_style=&#8220;slide&#8220; animation_duration=&#8220;500ms&#8220; animation_intensity_slide=&#8220;10%&#8220; animation_direction=&#8220;left&#8220; \/][\/et_pb_column][\/et_pb_row][et_pb_row admin_label=&#8220;Riga&#8220; background_position=&#8220;top_left&#8220; background_repeat=&#8220;repeat&#8220; background_size=&#8220;initial&#8220; _builder_version=&#8220;3.0.51&#8243; background_position_1=&#8220;top_left&#8220; background_repeat_1=&#8220;no-repeat&#8220; custom_padding=&#8220;||0px|&#8220;][et_pb_column type=&#8220;4_4&#8243;][et_pb_text admin_label=&#8220;Testo&#8220; background_layout=&#8220;light&#8220; text_orientation=&#8220;left&#8220; use_border_color=&#8220;off&#8220; border_color=&#8220;#ffffff&#8220; border_style=&#8220;solid&#8220; background_position=&#8220;top_left&#8220; background_repeat=&#8220;repeat&#8220; background_size=&#8220;initial&#8220; module_alignment=&#8220;left&#8220;]<\/p>\n<h3><span class=\"fontstyle0\">TECHNISCHE EIGENSCHAFTEN<br \/>\n<\/span><\/h3>\n<p>[\/et_pb_text][et_pb_text admin_label=&#8220;Testo&#8220; background_layout=&#8220;light&#8220; text_orientation=&#8220;left&#8220; border_style=&#8220;solid&#8220; _builder_version=&#8220;3.0.51&#8243; module_alignment=&#8220;left&#8220;]<\/p>\n<p><span class=\"fontstyle0\">R\u00fcttler mit Tauch\ufb02\u00fcgelrad erm\u00f6glichen eine perfekte Homogenisierung der Farbpasten sowie in Fl\u00fcssigkeiten, als auch in z\u00e4h\ufb02\u00fcssigen Substanzen<br \/>\noder anderen Malerprodukten wie z.B. Putz, oder dick\ufb02\u00fcssigen Dekorationsprodukten.<\/span><\/p>\n<p><span class=\"fontstyle0\">Sie sind in der manuellen Version erh\u00e4ltlich, mit Schnellbefestigung der Mischwelle, oder aber in der Version mit Selbstw\u00e4sche.<br \/>\n<\/span><\/p>\n<p><span class=\"fontstyle0\">Sie k\u00f6nnen mit manuellen oder automatischen Dosenbewegungssystemen <\/span><span class=\"fontstyle0\">erweitert werden.<br \/>\n<\/span><span class=\"fontstyle2\"><br \/>\n<\/span><span class=\"fontstyle3\"><br \/>\n<\/span><span class=\"fontstyle2\"><strong>PLUS<\/strong><br \/>\n<\/span><span class=\"fontstyle0\">\u2022 Liste von einstellbaren Mischprogrammen mit verschiedenen Rotationsgeschwindigkeiten und Oszyllationsamplitude (dynamisch)<br \/>\n\u2022 bei der Version mit Selbstw\u00e4sche kann der Farbwechsel ohne Zeitverluste erfolgen, und der Wasserverbrauch ist reduziert<br \/>\n\u2022 Befestigungssystem f\u00fcr alle Arten von Dosen mit manuellen oder automatischen Vorrichtungen<br \/>\n\u2022 leicht in die Steuer-SW des Farbmessers integrierbar<\/span><\/p>\n<p>[\/et_pb_text][\/et_pb_column][\/et_pb_row][et_pb_row admin_label=&#8220;Riga&#8220; background_position=&#8220;top_left&#8220; background_repeat=&#8220;repeat&#8220; background_size=&#8220;initial&#8220; _builder_version=&#8220;3.0.51&#8243; background_position_1=&#8220;top_left&#8220; background_repeat_1=&#8220;no-repeat&#8220;][et_pb_column type=&#8220;4_4&#8243;][et_pb_button _builder_version=&#8220;3.0.51&#8243; button_text=&#8220;Download data sheet&#8220; button_url=&#8220;https:\/\/eu.hero.ca\/wp-content\/uploads\/PDF\/TEDESCO\/M1200-12150-1210-TED.pdf&#8220; url_new_window=&#8220;on&#8220; button_alignment=&#8220;left&#8220; background_layout=&#8220;dark&#8220; custom_button=&#8220;off&#8220; button_letter_spacing=&#8220;0&#8243; button_icon_placement=&#8220;right&#8220; button_letter_spacing_hover=&#8220;0&#8243; \/][\/et_pb_column][\/et_pb_row][et_pb_row admin_label=&#8220;Riga&#8220; parallax_method_1=&#8220;off&#8220; background_position=&#8220;top_left&#8220; background_repeat=&#8220;repeat&#8220; background_size=&#8220;initial&#8220; _builder_version=&#8220;3.0.51&#8243; background_position_1=&#8220;top_left&#8220; background_repeat_1=&#8220;no-repeat&#8220;][et_pb_column type=&#8220;4_4&#8243;][et_pb_gallery admin_label=&#8220;Galleria&#8220; gallery_ids=&#8220;4001,4000,4808,4936&#8243; fullwidth=&#8220;off&#8220; orientation=&#8220;landscape&#8220; show_title_and_caption=&#8220;off&#8220; show_pagination=&#8220;on&#8220; background_layout=&#8220;light&#8220; hover_overlay_color=&#8220;rgba(255,255,255,0.9)&#8220; border_style=&#8220;solid&#8220; _builder_version=&#8220;3.0.76&#8243; zoom_icon_color=&#8220;#545454&#8243; pagination_font_size_tablet=&#8220;51&#8243; pagination_line_height_tablet=&#8220;2&#8243; \/][\/et_pb_column][\/et_pb_row][\/et_pb_section][et_pb_section bb_built=&#8220;1&#8243; admin_label=&#8220;Sezione&#8220; fullwidth=&#8220;off&#8220; specialty=&#8220;off&#8220; transparent_background=&#8220;off&#8220; background_color=&#8220;#e0e0e0&#8243; allow_player_pause=&#8220;off&#8220; inner_shadow=&#8220;off&#8220; parallax=&#8220;off&#8220; parallax_method=&#8220;off&#8220; custom_padding=&#8220;0px|||&#8220; make_fullwidth=&#8220;off&#8220; use_custom_width=&#8220;off&#8220; width_unit=&#8220;on&#8220; make_equal=&#8220;off&#8220; use_custom_gutter=&#8220;off&#8220;][et_pb_row admin_label=&#8220;Riga&#8220; make_fullwidth=&#8220;off&#8220; use_custom_width=&#8220;off&#8220; width_unit=&#8220;on&#8220; use_custom_gutter=&#8220;off&#8220; allow_player_pause=&#8220;off&#8220; parallax=&#8220;off&#8220; parallax_method=&#8220;off&#8220; make_equal=&#8220;off&#8220; parallax_1=&#8220;off&#8220; parallax_method_1=&#8220;off&#8220; gutter_width=&#8220;0&#8243; parallax_2=&#8220;off&#8220; parallax_method_2=&#8220;off&#8220; background_position=&#8220;top_left&#8220; background_repeat=&#8220;repeat&#8220; background_size=&#8220;initial&#8220;][et_pb_column type=&#8220;4_4&#8243;][et_pb_text admin_label=&#8220;Testo&#8220; background_layout=&#8220;light&#8220; text_orientation=&#8220;left&#8220; border_style=&#8220;solid&#8220; custom_padding=&#8220;|||5px&#8220; _builder_version=&#8220;3.0.51&#8243; module_alignment=&#8220;left&#8220;]<\/p>\n<h2><span class=\"fontstyle0\">TECHNISCHE EIGENSCHAFTEN<br \/>\n<\/span><\/h2>\n<p>&nbsp;<\/p>\n<p><strong><span class=\"fontstyle0\">Maximale Eimergr\u00f6\u00dfe<\/span><br \/>\n<\/strong>\u00d8 380 mm \u00d7 H 480 mm <span class=\"fontstyle0\">in der H\u00f6he<\/span><\/p>\n<p><strong><span class=\"fontstyle0\">Minimale Eimergr\u00f6\u00dfe<\/span><br \/>\n<\/strong>\u00d8 250 mm \u00d7 H 200 mm <span class=\"fontstyle0\">in der H\u00f6he<\/span><\/p>\n<p><strong><span class=\"fontstyle0\">Eimerbefestigung<\/span><br \/>\n<\/strong>Manual<\/p>\n<p><strong><span class=\"fontstyle0\">Mischmotor<\/span><br \/>\n<\/strong> <span class=\"fontstyle0\">Asynchronischer Dreiphasen-Motor mit 1,1<br \/>\nkW durch Inverter betrieben<\/span><\/p>\n<p><strong><span class=\"fontstyle0\">Mischparameter<\/span><br \/>\n<\/strong> <span class=\"fontstyle0\">Intelligente Handhabung der Geschwindigkeit, vom Display aus programmierbar (max.720 rpm), mit der vertikalen Bewegung interpoliert<\/span><\/p>\n<p><strong><span class=\"fontstyle0\">Mischzeit<\/span><br \/>\n<\/strong> <span class=\"fontstyle0\">Programmierbar vom Display aus<\/span><\/p>\n<p><strong><span class=\"fontstyle0\">Reinigung des Laufrads<\/span><br \/>\n<\/strong> <span class=\"fontstyle0\">Mechanismus: Schnellaustausch der Laufr\u00e4der-2 Laufr\u00e4der sind inbegriffen (M1200)<br \/>\nSelbstreinigung (M1250)<\/span><\/p>\n<p><strong><span class=\"fontstyle0\">Gesamtausma\u00dfe<\/span><br \/>\n<\/strong>L 770 \u00d7 W 820 \u00d7 H 1.920 mm (M1200)<br \/>\nL 1.150 \u00d7 W 780 \u00d7 H 2.066 mm (M1250)<\/p>\n<p><strong><span class=\"fontstyle0\">Gewicht<\/span><br \/>\n<\/strong>180 kg (M1200)<br \/>\n370 kg (M1250)<\/p>\n<p><strong><span class=\"fontstyle0\">Elektrische Versorgung<\/span><br \/>\n<\/strong>230\/115 V AC 50\/60 Hz<\/p>\n<p>[\/et_pb_text][\/et_pb_column][\/et_pb_row][\/et_pb_section]<\/p>\n","protected":false},"excerpt":{"rendered":"<p>M1200 &#8211; MIT DAUERBETRIEB M1250 &#8211; MIT SELBSTW\u00c4SCHE TECHNISCHE EIGENSCHAFTEN R\u00fcttler mit Tauch\ufb02\u00fcgelrad erm\u00f6glichen eine perfekte Homogenisierung der Farbpasten sowie in Fl\u00fcssigkeiten, als auch in z\u00e4h\ufb02\u00fcssigen Substanzen oder anderen Malerprodukten wie z.B. Putz, oder dick\ufb02\u00fcssigen Dekorationsprodukten. Sie sind in der manuellen Version erh\u00e4ltlich, mit Schnellbefestigung der Mischwelle, oder aber in der Version mit Selbstw\u00e4sche. Sie [&hellip;]<\/p>\n","protected":false},"author":1,"featured_media":0,"parent":0,"menu_order":0,"comment_status":"closed","ping_status":"closed","template":"","meta":{"_et_pb_use_builder":"on","_et_pb_old_content":"","_et_gb_content_width":"","footnotes":""},"class_list":["post-6158","page","type-page","status-publish","hentry"],"_links":{"self":[{"href":"https:\/\/eu.hero.ca\/de\/wp-json\/wp\/v2\/pages\/6158","targetHints":{"allow":["GET"]}}],"collection":[{"href":"https:\/\/eu.hero.ca\/de\/wp-json\/wp\/v2\/pages"}],"about":[{"href":"https:\/\/eu.hero.ca\/de\/wp-json\/wp\/v2\/types\/page"}],"author":[{"embeddable":true,"href":"https:\/\/eu.hero.ca\/de\/wp-json\/wp\/v2\/users\/1"}],"replies":[{"embeddable":true,"href":"https:\/\/eu.hero.ca\/de\/wp-json\/wp\/v2\/comments?post=6158"}],"version-history":[{"count":0,"href":"https:\/\/eu.hero.ca\/de\/wp-json\/wp\/v2\/pages\/6158\/revisions"}],"wp:attachment":[{"href":"https:\/\/eu.hero.ca\/de\/wp-json\/wp\/v2\/media?parent=6158"}],"curies":[{"name":"wp","href":"https:\/\/api.w.org\/{rel}","templated":true}]}}