
{"id":6173,"date":"2017-10-10T13:40:40","date_gmt":"2017-10-10T13:40:40","guid":{"rendered":"http:\/\/eu.hero.ca\/m200-m250\/"},"modified":"2024-07-22T08:55:29","modified_gmt":"2024-07-22T08:55:29","slug":"m200-m250","status":"publish","type":"page","link":"https:\/\/eu.hero.ca\/de\/m200-m250\/","title":{"rendered":"M200 \/ M250"},"content":{"rendered":"<p>[et_pb_section bb_built=&#8220;1&#8243; admin_label=&#8220;Sezione&#8220; fullwidth=&#8220;on&#8220; specialty=&#8220;off&#8220; inner_width=&#8220;auto&#8220; inner_max_width=&#8220;1080px&#8220; next_background_color=&#8220;#000000&#8243;][et_pb_fullwidth_header admin_label=&#8220;Intestazione a Larghezza Piena&#8220; title=&#8220;GYROSKOPISCHE MIXER&#8220; subhead=&#8220;M200 &#8211; DER MANUELLE | M250 &#8211; DER HALBAUTOMATISCHE&#8220; background_layout=&#8220;dark&#8220; text_orientation=&#8220;left&#8220; header_fullscreen=&#8220;off&#8220; header_scroll_down=&#8220;off&#8220; background_url=&#8220;https:\/\/eu.hero.ca\/wp-content\/uploads\/2017\/05\/sfondo-low-giallo-1.jpg&#8220; content_orientation=&#8220;center&#8220; image_orientation=&#8220;center&#8220; custom_button_one=&#8220;off&#8220; button_one_letter_spacing=&#8220;0&#8243; button_one_icon_placement=&#8220;right&#8220; button_one_letter_spacing_hover=&#8220;0&#8243; custom_button_two=&#8220;off&#8220; button_two_letter_spacing=&#8220;0&#8243; button_two_icon_placement=&#8220;right&#8220; button_two_letter_spacing_hover=&#8220;0&#8243; _builder_version=&#8220;3.0.51&#8243; background_image=&#8220;https:\/\/eu.hero.ca\/wp-content\/uploads\/2017\/05\/sfondo-low-poly-verde.jpg&#8220; content_max_width=&#8220;none&#8220; background_color=&#8220;rgba(255, 255, 255, 0)&#8220; button_one_text_size__hover_enabled=&#8220;off&#8220; button_two_text_size__hover_enabled=&#8220;off&#8220; button_one_text_color__hover_enabled=&#8220;off&#8220; button_two_text_color__hover_enabled=&#8220;off&#8220; button_one_border_width__hover_enabled=&#8220;off&#8220; button_two_border_width__hover_enabled=&#8220;off&#8220; button_one_border_color__hover_enabled=&#8220;off&#8220; button_two_border_color__hover_enabled=&#8220;off&#8220; button_one_border_radius__hover_enabled=&#8220;off&#8220; button_two_border_radius__hover_enabled=&#8220;off&#8220; button_one_letter_spacing__hover_enabled=&#8220;on&#8220; button_one_letter_spacing__hover=&#8220;0&#8243; button_two_letter_spacing__hover_enabled=&#8220;on&#8220; button_two_letter_spacing__hover=&#8220;0&#8243; button_one_bg_color__hover_enabled=&#8220;off&#8220; button_two_bg_color__hover_enabled=&#8220;off&#8220; \/][\/et_pb_section][et_pb_section bb_built=&#8220;1&#8243; admin_label=&#8220;section&#8220; transparent_background=&#8220;off&#8220; allow_player_pause=&#8220;off&#8220; inner_shadow=&#8220;off&#8220; parallax=&#8220;off&#8220; parallax_method=&#8220;off&#8220; custom_padding=&#8220;||0px|&#8220; make_fullwidth=&#8220;off&#8220; use_custom_width=&#8220;off&#8220; width_unit=&#8220;on&#8220; make_equal=&#8220;off&#8220; use_custom_gutter=&#8220;off&#8220; inner_width=&#8220;auto&#8220; inner_max_width=&#8220;1080px&#8220; prev_background_color=&#8220;#ffffff&#8220; next_background_color=&#8220;#e0e0e0&#8243;][et_pb_row admin_label=&#8220;Riga&#8220; background_position=&#8220;top_left&#8220; background_repeat=&#8220;repeat&#8220; background_size=&#8220;initial&#8220; width=&#8220;80%&#8220; max_width=&#8220;1080px&#8220;][et_pb_column type=&#8220;1_2&#8243; custom_padding__hover=&#8220;|||&#8220; custom_padding=&#8220;|||&#8220;][et_pb_text admin_label=&#8220;Testo&#8220; background_layout=&#8220;light&#8220; text_orientation=&#8220;center&#8220; border_style=&#8220;solid&#8220; _builder_version=&#8220;3.0.76&#8243; module_alignment=&#8220;left&#8220;]<\/p>\n<h1>M200 &#8211; DER MANUELLE<\/h1>\n<p>[\/et_pb_text][et_pb_image admin_label=&#8220;Immagine&#8220; src=&#8220;https:\/\/eu.hero.ca\/wp-content\/uploads\/2017\/06\/m200_.jpg&#8220; show_in_lightbox=&#8220;off&#8220; url_new_window=&#8220;off&#8220; use_overlay=&#8220;off&#8220; sticky=&#8220;off&#8220; align=&#8220;left&#8220; force_fullwidth=&#8220;off&#8220; always_center_on_mobile=&#8220;on&#8220; border_style=&#8220;solid&#8220; _builder_version=&#8220;3.0.76&#8243; animation_style=&#8220;slide&#8220; animation_duration=&#8220;500ms&#8220; animation_intensity_slide=&#8220;10%&#8220; animation_direction=&#8220;left&#8220; show_bottom_space=&#8220;on&#8220; align_last_edited=&#8220;on|desktop&#8220; align_tablet=&#8220;center&#8220; \/][\/et_pb_column][et_pb_column type=&#8220;1_2&#8243; custom_padding__hover=&#8220;|||&#8220; custom_padding=&#8220;|||&#8220;][et_pb_text admin_label=&#8220;Testo&#8220; background_layout=&#8220;light&#8220; text_orientation=&#8220;center&#8220; border_style=&#8220;solid&#8220; _builder_version=&#8220;3.0.76&#8243; module_alignment=&#8220;left&#8220;]<\/p>\n<h1>M250 &#8211; DER HALBAUTOMATISCHE<\/h1>\n<p>[\/et_pb_text][et_pb_image admin_label=&#8220;Immagine&#8220; src=&#8220;https:\/\/eu.hero.ca\/wp-content\/uploads\/2017\/06\/M250-1.jpg&#8220; show_in_lightbox=&#8220;off&#8220; url_new_window=&#8220;off&#8220; use_overlay=&#8220;off&#8220; sticky=&#8220;off&#8220; align=&#8220;left&#8220; force_fullwidth=&#8220;off&#8220; always_center_on_mobile=&#8220;on&#8220; border_style=&#8220;solid&#8220; _builder_version=&#8220;3.0.77&#8243; animation_style=&#8220;slide&#8220; animation_duration=&#8220;500ms&#8220; animation_intensity_slide=&#8220;10%&#8220; animation_direction=&#8220;left&#8220; show_bottom_space=&#8220;on&#8220; align_last_edited=&#8220;on|desktop&#8220; align_tablet=&#8220;center&#8220; \/][\/et_pb_column][\/et_pb_row][et_pb_row admin_label=&#8220;Riga&#8220; background_position=&#8220;top_left&#8220; background_repeat=&#8220;repeat&#8220; background_size=&#8220;initial&#8220; _builder_version=&#8220;3.0.51&#8243; width=&#8220;80%&#8220; max_width=&#8220;1080px&#8220;][et_pb_column type=&#8220;4_4&#8243; background_position=&#8220;top_left&#8220; custom_padding__hover=&#8220;|||&#8220; custom_padding=&#8220;|||&#8220;][et_pb_text admin_label=&#8220;Testo&#8220; background_layout=&#8220;light&#8220; text_orientation=&#8220;left&#8220; use_border_color=&#8220;off&#8220; border_color=&#8220;#ffffff&#8220; border_style=&#8220;solid&#8220; background_position=&#8220;top_left&#8220; background_repeat=&#8220;repeat&#8220; background_size=&#8220;initial&#8220; module_alignment=&#8220;left&#8220;]<\/p>\n<h3><span class=\"fontstyle0\">TECHNISCHE EIGENSCHAFTEN<br \/>\n<\/span><\/h3>\n<p>[\/et_pb_text][et_pb_text admin_label=&#8220;Testo&#8220; _builder_version=&#8220;4.24.0&#8243; module_alignment=&#8220;left&#8220; background_pattern_color=&#8220;rgba(0,0,0,0.2)&#8220; background_mask_color=&#8220;#ffffff&#8220; text_text_shadow_horizontal_length=&#8220;text_text_shadow_style,%91object Object%93&#8243; text_text_shadow_horizontal_length_tablet=&#8220;0px&#8220; text_text_shadow_vertical_length=&#8220;text_text_shadow_style,%91object Object%93&#8243; text_text_shadow_vertical_length_tablet=&#8220;0px&#8220; text_text_shadow_blur_strength=&#8220;text_text_shadow_style,%91object Object%93&#8243; text_text_shadow_blur_strength_tablet=&#8220;1px&#8220; link_text_shadow_horizontal_length=&#8220;link_text_shadow_style,%91object Object%93&#8243; link_text_shadow_horizontal_length_tablet=&#8220;0px&#8220; link_text_shadow_vertical_length=&#8220;link_text_shadow_style,%91object Object%93&#8243; link_text_shadow_vertical_length_tablet=&#8220;0px&#8220; link_text_shadow_blur_strength=&#8220;link_text_shadow_style,%91object Object%93&#8243; link_text_shadow_blur_strength_tablet=&#8220;1px&#8220; ul_text_shadow_horizontal_length=&#8220;ul_text_shadow_style,%91object Object%93&#8243; ul_text_shadow_horizontal_length_tablet=&#8220;0px&#8220; ul_text_shadow_vertical_length=&#8220;ul_text_shadow_style,%91object Object%93&#8243; ul_text_shadow_vertical_length_tablet=&#8220;0px&#8220; ul_text_shadow_blur_strength=&#8220;ul_text_shadow_style,%91object Object%93&#8243; ul_text_shadow_blur_strength_tablet=&#8220;1px&#8220; ol_text_shadow_horizontal_length=&#8220;ol_text_shadow_style,%91object Object%93&#8243; ol_text_shadow_horizontal_length_tablet=&#8220;0px&#8220; ol_text_shadow_vertical_length=&#8220;ol_text_shadow_style,%91object Object%93&#8243; ol_text_shadow_vertical_length_tablet=&#8220;0px&#8220; ol_text_shadow_blur_strength=&#8220;ol_text_shadow_style,%91object Object%93&#8243; ol_text_shadow_blur_strength_tablet=&#8220;1px&#8220; quote_text_shadow_horizontal_length=&#8220;quote_text_shadow_style,%91object Object%93&#8243; quote_text_shadow_horizontal_length_tablet=&#8220;0px&#8220; quote_text_shadow_vertical_length=&#8220;quote_text_shadow_style,%91object Object%93&#8243; quote_text_shadow_vertical_length_tablet=&#8220;0px&#8220; quote_text_shadow_blur_strength=&#8220;quote_text_shadow_style,%91object Object%93&#8243; quote_text_shadow_blur_strength_tablet=&#8220;1px&#8220; header_text_shadow_horizontal_length=&#8220;header_text_shadow_style,%91object Object%93&#8243; header_text_shadow_horizontal_length_tablet=&#8220;0px&#8220; header_text_shadow_vertical_length=&#8220;header_text_shadow_style,%91object Object%93&#8243; header_text_shadow_vertical_length_tablet=&#8220;0px&#8220; header_text_shadow_blur_strength=&#8220;header_text_shadow_style,%91object Object%93&#8243; header_text_shadow_blur_strength_tablet=&#8220;1px&#8220; header_2_text_shadow_horizontal_length=&#8220;header_2_text_shadow_style,%91object Object%93&#8243; header_2_text_shadow_horizontal_length_tablet=&#8220;0px&#8220; header_2_text_shadow_vertical_length=&#8220;header_2_text_shadow_style,%91object Object%93&#8243; header_2_text_shadow_vertical_length_tablet=&#8220;0px&#8220; header_2_text_shadow_blur_strength=&#8220;header_2_text_shadow_style,%91object Object%93&#8243; header_2_text_shadow_blur_strength_tablet=&#8220;1px&#8220; header_3_text_shadow_horizontal_length=&#8220;header_3_text_shadow_style,%91object Object%93&#8243; header_3_text_shadow_horizontal_length_tablet=&#8220;0px&#8220; header_3_text_shadow_vertical_length=&#8220;header_3_text_shadow_style,%91object Object%93&#8243; header_3_text_shadow_vertical_length_tablet=&#8220;0px&#8220; header_3_text_shadow_blur_strength=&#8220;header_3_text_shadow_style,%91object Object%93&#8243; header_3_text_shadow_blur_strength_tablet=&#8220;1px&#8220; header_4_text_shadow_horizontal_length=&#8220;header_4_text_shadow_style,%91object Object%93&#8243; header_4_text_shadow_horizontal_length_tablet=&#8220;0px&#8220; header_4_text_shadow_vertical_length=&#8220;header_4_text_shadow_style,%91object Object%93&#8243; header_4_text_shadow_vertical_length_tablet=&#8220;0px&#8220; header_4_text_shadow_blur_strength=&#8220;header_4_text_shadow_style,%91object Object%93&#8243; header_4_text_shadow_blur_strength_tablet=&#8220;1px&#8220; header_5_text_shadow_horizontal_length=&#8220;header_5_text_shadow_style,%91object Object%93&#8243; header_5_text_shadow_horizontal_length_tablet=&#8220;0px&#8220; header_5_text_shadow_vertical_length=&#8220;header_5_text_shadow_style,%91object Object%93&#8243; header_5_text_shadow_vertical_length_tablet=&#8220;0px&#8220; header_5_text_shadow_blur_strength=&#8220;header_5_text_shadow_style,%91object Object%93&#8243; header_5_text_shadow_blur_strength_tablet=&#8220;1px&#8220; header_6_text_shadow_horizontal_length=&#8220;header_6_text_shadow_style,%91object Object%93&#8243; header_6_text_shadow_horizontal_length_tablet=&#8220;0px&#8220; header_6_text_shadow_vertical_length=&#8220;header_6_text_shadow_style,%91object Object%93&#8243; header_6_text_shadow_vertical_length_tablet=&#8220;0px&#8220; header_6_text_shadow_blur_strength=&#8220;header_6_text_shadow_style,%91object Object%93&#8243; header_6_text_shadow_blur_strength_tablet=&#8220;1px&#8220; box_shadow_horizontal_tablet=&#8220;0px&#8220; box_shadow_vertical_tablet=&#8220;0px&#8220; box_shadow_blur_tablet=&#8220;40px&#8220; box_shadow_spread_tablet=&#8220;0px&#8220; vertical_offset_tablet=&#8220;0&#8243; horizontal_offset_tablet=&#8220;0&#8243; z_index_tablet=&#8220;0&#8243;]<\/p>\n<p><span class=\"fontstyle0\">Gyroskopische Mixer sind mit einer mono &#8211; oder dreiphasigen Motorisierung erh\u00e4ltlich, die \u00fcber einen Inverter betrieben wird.<br \/><\/span><\/p>\n<p><span class=\"fontstyle0\">Robust und vielseitig, gestatten sie eine einfache Steuerung der Mischzeiten sowie die Wahl zwischen drei Mischgeschwindigkeiten.<br \/><\/span><\/p>\n<p><span class=\"fontstyle0\">Drei verschiedene Modelle bieten die Auswahl zwischen einer manuellen Version und einer komplett automatischen Version.<\/span><\/p>\n<p><span class=\"fontstyle0\"><strong>PLUS<\/strong><br \/>\u2022 Programmierf\u00e4higkeit der Mischdauer<br \/>\u2022 Umkehrung der Rotationsrichtung bei halber Zykluszeit<br \/>\u2022 Wahl zwischen drei Geschwindigkeitsstufen<br \/>\u2022 Neupositionierung der Farbdose am Zyklusende<\/p>\n<p><\/span><\/p>\n<p>[\/et_pb_text][\/et_pb_column][\/et_pb_row][et_pb_row admin_label=&#8220;Riga&#8220; background_position=&#8220;top_left&#8220; background_repeat=&#8220;repeat&#8220; background_size=&#8220;initial&#8220; _builder_version=&#8220;3.0.51&#8243; custom_padding=&#8220;0px|||&#8220; width=&#8220;80%&#8220; max_width=&#8220;1080px&#8220;][et_pb_column type=&#8220;4_4&#8243; background_position=&#8220;top_left&#8220; custom_padding__hover=&#8220;|||&#8220; custom_padding=&#8220;|||&#8220;][et_pb_button _builder_version=&#8220;3.0.51&#8243; button_text=&#8220;Download data sheet&#8220; button_url=&#8220;https:\/\/eu.hero.ca\/wp-content\/uploads\/PDF\/TEDESCO\/M200-M250-TED.pdf&#8220; url_new_window=&#8220;on&#8220; button_alignment=&#8220;left&#8220; background_layout=&#8220;dark&#8220; custom_button=&#8220;off&#8220; button_letter_spacing=&#8220;0&#8243; button_icon_placement=&#8220;right&#8220; button_letter_spacing_hover=&#8220;0&#8243; button_text_size__hover_enabled=&#8220;off&#8220; button_one_text_size__hover_enabled=&#8220;off&#8220; button_two_text_size__hover_enabled=&#8220;off&#8220; button_text_color__hover_enabled=&#8220;off&#8220; button_one_text_color__hover_enabled=&#8220;off&#8220; button_two_text_color__hover_enabled=&#8220;off&#8220; button_border_width__hover_enabled=&#8220;off&#8220; button_one_border_width__hover_enabled=&#8220;off&#8220; button_two_border_width__hover_enabled=&#8220;off&#8220; button_border_color__hover_enabled=&#8220;off&#8220; button_one_border_color__hover_enabled=&#8220;off&#8220; button_two_border_color__hover_enabled=&#8220;off&#8220; button_border_radius__hover_enabled=&#8220;off&#8220; button_one_border_radius__hover_enabled=&#8220;off&#8220; button_two_border_radius__hover_enabled=&#8220;off&#8220; button_letter_spacing__hover_enabled=&#8220;on&#8220; button_letter_spacing__hover=&#8220;0&#8243; button_one_letter_spacing__hover_enabled=&#8220;off&#8220; button_two_letter_spacing__hover_enabled=&#8220;off&#8220; button_bg_color__hover_enabled=&#8220;off&#8220; button_one_bg_color__hover_enabled=&#8220;off&#8220; button_two_bg_color__hover_enabled=&#8220;off&#8220; \/][\/et_pb_column][\/et_pb_row][et_pb_row admin_label=&#8220;Riga&#8220; custom_padding=&#8220;2px|||&#8220; background_position=&#8220;top_left&#8220; background_repeat=&#8220;repeat&#8220; background_size=&#8220;initial&#8220; _builder_version=&#8220;3.0.51&#8243; width=&#8220;80%&#8220; max_width=&#8220;1080px&#8220;][et_pb_column type=&#8220;4_4&#8243; background_position=&#8220;top_left&#8220; custom_padding__hover=&#8220;|||&#8220; custom_padding=&#8220;|||&#8220; parallax_method=&#8220;off&#8220;][et_pb_gallery admin_label=&#8220;Galleria&#8220; gallery_ids=&#8220;4180,4181,4179,4178&#8243; fullwidth=&#8220;off&#8220; orientation=&#8220;landscape&#8220; show_title_and_caption=&#8220;off&#8220; show_pagination=&#8220;on&#8220; background_layout=&#8220;light&#8220; auto=&#8220;off&#8220; hover_overlay_color=&#8220;rgba(255,255,255,0.9)&#8220; border_style=&#8220;solid&#8220; _builder_version=&#8220;3.0.51&#8243; zoom_icon_color=&#8220;#545454&#8243; \/][\/et_pb_column][\/et_pb_row][\/et_pb_section][et_pb_section bb_built=&#8220;1&#8243; admin_label=&#8220;Sezione&#8220; fullwidth=&#8220;off&#8220; specialty=&#8220;off&#8220; transparent_background=&#8220;off&#8220; background_color=&#8220;#e0e0e0&#8243; allow_player_pause=&#8220;off&#8220; inner_shadow=&#8220;off&#8220; parallax=&#8220;off&#8220; parallax_method=&#8220;off&#8220; custom_padding=&#8220;0px|||&#8220; make_fullwidth=&#8220;off&#8220; use_custom_width=&#8220;off&#8220; width_unit=&#8220;on&#8220; make_equal=&#8220;off&#8220; use_custom_gutter=&#8220;off&#8220; inner_width=&#8220;auto&#8220; inner_max_width=&#8220;1080px&#8220; prev_background_color=&#8220;#ffffff&#8220;][et_pb_row admin_label=&#8220;Riga&#8220; make_fullwidth=&#8220;off&#8220; use_custom_width=&#8220;off&#8220; width_unit=&#8220;on&#8220; use_custom_gutter=&#8220;off&#8220; allow_player_pause=&#8220;off&#8220; parallax=&#8220;off&#8220; parallax_method=&#8220;off&#8220; make_equal=&#8220;off&#8220; gutter_width=&#8220;0&#8243; background_position=&#8220;top_left&#8220; background_repeat=&#8220;repeat&#8220; background_size=&#8220;initial&#8220; width=&#8220;80%&#8220; max_width=&#8220;1080px&#8220;][et_pb_column type=&#8220;1_2&#8243; custom_padding__hover=&#8220;|||&#8220; custom_padding=&#8220;|||&#8220; parallax_method=&#8220;off&#8220;][et_pb_text admin_label=&#8220;Testo&#8220; background_layout=&#8220;light&#8220; text_orientation=&#8220;left&#8220; border_style=&#8220;solid&#8220; custom_padding=&#8220;|||5px&#8220; _builder_version=&#8220;3.0.51&#8243; module_alignment=&#8220;left&#8220;]<\/p>\n<h2><span class=\"fontstyle0\">TECHNISCHE EIGENSCHAFTEN<br \/>\n<\/span><\/h2>\n<p>&nbsp;<\/p>\n<p><strong><span class=\"fontstyle0\">Maximale Eimergr\u00f6\u00dfe<\/span><br \/>\n<\/strong> <span class=\"fontstyle0\">\u00d8 380 mm \u00d7 430 mm in der H\u00f6he<\/span><\/p>\n<p><strong><span class=\"fontstyle0\">Mindesth\u00f6he der Eimer<\/span><br \/>\n<\/strong>70 mm<\/p>\n<p><strong><span class=\"fontstyle0\">Multipler Eimer-Adapter<\/span><br \/>\n<\/strong> <span class=\"fontstyle0\">Auf Anfrage<\/span><\/p>\n<p><strong><span class=\"fontstyle0\">Maximale Ladekapazit\u00e4t<\/span><br \/>\n<\/strong>35 kg<\/p>\n<p><strong><span class=\"fontstyle0\">Befestigung der Eimer<\/span><br \/>\n<\/strong>Manual<\/p>\n<p><strong><span class=\"fontstyle0\">Griff<\/span><br \/>\n<\/strong> <span class=\"fontstyle0\">Einzeln mit B\u00fcgelgriff oder doppelt mit Drehgriffen<\/span><\/p>\n<p><strong><span class=\"fontstyle0\">Maschinenverschlu\u00df<\/span><br \/>\n<\/strong> <span class=\"fontstyle0\">Rollt\u00fcr mit Verriegelung<\/span><\/p>\n<p><strong><span class=\"fontstyle0\">R\u00fchrmotor<\/span><br \/>\n<\/strong> <span class=\"fontstyle0\">Elektrischer, Monophasen-Motor, St\u00e4rke bis zu 1,1 kW (M200)<br \/>\nElektrischer, Triphasen-Motor durch inverter betrieben, St\u00e4rke bis zu 1,1 kW (M250)<\/span><\/p>\n<p><strong><span class=\"fontstyle0\">Drehrichtung<\/span><br \/>\n<\/strong> <span class=\"fontstyle0\">Einzeldrehrichtung (M200)<br \/>\nIm Uhrzeigersinn, und gegen den Uhrzeigersinn bei Halbzeit des Mischzyklus (M250)<\/span><\/p>\n<p><strong><span class=\"fontstyle0\">Gyroskopisches Verh\u00e4ltnis<\/span><br \/>\n<\/strong>1 \u00f7 2<\/p>\n<p><strong><span class=\"fontstyle0\">Mischgeschwindigkeit<\/span><br \/>\n<\/strong> <span class=\"fontstyle0\">Konstante Geschwindigkeit (120 rpm) (M200)<br \/>\n3 Geschwindigkeiten zur Auswahl auf dem Display (100-140-180 rpm) (M250)<\/span><\/p>\n<p><strong><span class=\"fontstyle0\">Timer f\u00fcr den Mischzyklus<\/span><br \/>\n<\/strong> <span class=\"fontstyle0\">Inbegriffen<\/span><\/p>\n<p><strong><span class=\"fontstyle0\">Schutz<\/span><br \/>\n<\/strong>IP 32<\/p>\n<p><strong><span class=\"fontstyle0\">Notstopp-Taste<\/span><br \/>\n<\/strong> <span class=\"fontstyle0\">Inbegriffen<\/span><\/p>\n<p><strong><span class=\"fontstyle0\">Gewicht<\/span><br \/>\n<\/strong>182 kg<\/p>\n<p><strong><span class=\"fontstyle0\">Gesamtausma\u00dfe<\/span><br \/>\n<\/strong>L 783 \u00d7 W 806 \u00d7 H 1.058 mm<\/p>\n<p><strong><span class=\"fontstyle0\">Ger\u00e4uschpegel<\/span><br \/>\n<\/strong><span class=\"fontstyle0\">&lt; 80 db (A), gemessen nach DIN 45.635 (ohne Beladung\/leer)<\/span><\/p>\n<p><strong>Electrical requirement<\/strong><br \/>\n230\/115 V AC-50\/60 Hz<\/p>\n<p>[\/et_pb_text][\/et_pb_column][et_pb_column type=&#8220;1_2&#8243; custom_padding__hover=&#8220;|||&#8220; custom_padding=&#8220;|||&#8220; parallax_method=&#8220;off&#8220;][\/et_pb_column][\/et_pb_row][\/et_pb_section]<\/p>\n","protected":false},"excerpt":{"rendered":"<p>M200 &#8211; DER MANUELLE M250 &#8211; DER HALBAUTOMATISCHE TECHNISCHE EIGENSCHAFTEN Gyroskopische Mixer sind mit einer mono &#8211; oder dreiphasigen Motorisierung erh\u00e4ltlich, die \u00fcber einen Inverter betrieben wird.Robust und vielseitig, gestatten sie eine einfache Steuerung der Mischzeiten sowie die Wahl zwischen drei Mischgeschwindigkeiten.Drei verschiedene Modelle bieten die Auswahl zwischen einer manuellen Version und einer komplett automatischen [&hellip;]<\/p>\n","protected":false},"author":1,"featured_media":0,"parent":0,"menu_order":0,"comment_status":"closed","ping_status":"closed","template":"","meta":{"_et_pb_use_builder":"on","_et_pb_old_content":"","_et_gb_content_width":"","footnotes":""},"class_list":["post-6173","page","type-page","status-publish","hentry"],"_links":{"self":[{"href":"https:\/\/eu.hero.ca\/de\/wp-json\/wp\/v2\/pages\/6173","targetHints":{"allow":["GET"]}}],"collection":[{"href":"https:\/\/eu.hero.ca\/de\/wp-json\/wp\/v2\/pages"}],"about":[{"href":"https:\/\/eu.hero.ca\/de\/wp-json\/wp\/v2\/types\/page"}],"author":[{"embeddable":true,"href":"https:\/\/eu.hero.ca\/de\/wp-json\/wp\/v2\/users\/1"}],"replies":[{"embeddable":true,"href":"https:\/\/eu.hero.ca\/de\/wp-json\/wp\/v2\/comments?post=6173"}],"version-history":[{"count":2,"href":"https:\/\/eu.hero.ca\/de\/wp-json\/wp\/v2\/pages\/6173\/revisions"}],"predecessor-version":[{"id":8376,"href":"https:\/\/eu.hero.ca\/de\/wp-json\/wp\/v2\/pages\/6173\/revisions\/8376"}],"wp:attachment":[{"href":"https:\/\/eu.hero.ca\/de\/wp-json\/wp\/v2\/media?parent=6173"}],"curies":[{"name":"wp","href":"https:\/\/api.w.org\/{rel}","templated":true}]}}