
{"id":6185,"date":"2017-10-10T13:41:46","date_gmt":"2017-10-10T13:41:46","guid":{"rendered":"http:\/\/eu.hero.ca\/m400\/"},"modified":"2017-10-10T13:41:47","modified_gmt":"2017-10-10T13:41:47","slug":"m400","status":"publish","type":"page","link":"https:\/\/eu.hero.ca\/de\/m400\/","title":{"rendered":"M400"},"content":{"rendered":"<p>[et_pb_section bb_built=&#8220;1&#8243; admin_label=&#8220;Sezione&#8220; fullwidth=&#8220;on&#8220; specialty=&#8220;off&#8220;][et_pb_fullwidth_header admin_label=&#8220;Intestazione a Larghezza Piena&#8220; title=&#8220;GYROSKOPISCHE MIXER&#8220; subhead=&#8220;M400 &#8211; DER AUTOMATISCHE&#8220; background_layout=&#8220;dark&#8220; text_orientation=&#8220;left&#8220; header_fullscreen=&#8220;off&#8220; header_scroll_down=&#8220;off&#8220; background_url=&#8220;https:\/\/eu.hero.ca\/wp-content\/uploads\/2017\/03\/sfondo-low-poly-rosso.jpg&#8220; content_orientation=&#8220;center&#8220; image_orientation=&#8220;center&#8220; custom_button_one=&#8220;off&#8220; button_one_letter_spacing=&#8220;0&#8243; button_one_icon_placement=&#8220;right&#8220; button_one_letter_spacing_hover=&#8220;0&#8243; custom_button_two=&#8220;off&#8220; button_two_letter_spacing=&#8220;0&#8243; button_two_icon_placement=&#8220;right&#8220; button_two_letter_spacing_hover=&#8220;0&#8243; _builder_version=&#8220;3.0.51&#8243; background_image=&#8220;https:\/\/eu.hero.ca\/wp-content\/uploads\/2017\/05\/sfondo-low-poly-verde.jpg&#8220; \/][\/et_pb_section][et_pb_section bb_built=&#8220;1&#8243; admin_label=&#8220;section&#8220; transparent_background=&#8220;off&#8220; allow_player_pause=&#8220;off&#8220; inner_shadow=&#8220;off&#8220; parallax=&#8220;off&#8220; parallax_method=&#8220;off&#8220; custom_padding=&#8220;||0px|&#8220; make_fullwidth=&#8220;off&#8220; use_custom_width=&#8220;off&#8220; width_unit=&#8220;on&#8220; make_equal=&#8220;off&#8220; use_custom_gutter=&#8220;off&#8220;][et_pb_row admin_label=&#8220;Riga&#8220; background_position=&#8220;top_left&#8220; background_repeat=&#8220;repeat&#8220; background_size=&#8220;initial&#8220;][et_pb_column type=&#8220;4_4&#8243;][et_pb_text admin_label=&#8220;Testo&#8220; background_layout=&#8220;light&#8220; text_orientation=&#8220;left&#8220; border_style=&#8220;solid&#8220; _builder_version=&#8220;3.0.51&#8243; module_alignment=&#8220;left&#8220;]<\/p>\n<h1>M400 &#8211; DER AUTOMATISCHE<\/h1>\n<p>[\/et_pb_text][\/et_pb_column][\/et_pb_row][et_pb_row admin_label=&#8220;Riga&#8220; background_position=&#8220;top_left&#8220; background_repeat=&#8220;repeat&#8220; background_size=&#8220;initial&#8220; _builder_version=&#8220;3.0.51&#8243;][et_pb_column type=&#8220;1_2&#8243;][et_pb_image admin_label=&#8220;Immagine&#8220; src=&#8220;https:\/\/eu.hero.ca\/wp-content\/uploads\/2017\/06\/M400_.jpg&#8220; show_in_lightbox=&#8220;off&#8220; url_new_window=&#8220;off&#8220; use_overlay=&#8220;off&#8220; sticky=&#8220;off&#8220; align=&#8220;left&#8220; force_fullwidth=&#8220;off&#8220; always_center_on_mobile=&#8220;on&#8220; border_style=&#8220;solid&#8220; _builder_version=&#8220;3.0.76&#8243; animation_style=&#8220;slide&#8220; animation_duration=&#8220;500ms&#8220; animation_intensity_slide=&#8220;10%&#8220; animation_direction=&#8220;left&#8220; show_bottom_space=&#8220;on&#8220; \/][\/et_pb_column][et_pb_column type=&#8220;1_2&#8243;][et_pb_text admin_label=&#8220;Testo&#8220; background_layout=&#8220;light&#8220; text_orientation=&#8220;left&#8220; use_border_color=&#8220;off&#8220; border_color=&#8220;#ffffff&#8220; border_style=&#8220;solid&#8220; background_position=&#8220;top_left&#8220; background_repeat=&#8220;repeat&#8220; background_size=&#8220;initial&#8220; module_alignment=&#8220;left&#8220;]<\/p>\n<h3><span class=\"fontstyle0\">TECHNISCHE EIGENSCHAFTEN<\/span><\/h3>\n<p>[\/et_pb_text][et_pb_text admin_label=&#8220;Testo&#8220; background_layout=&#8220;light&#8220; text_orientation=&#8220;left&#8220; border_style=&#8220;solid&#8220; _builder_version=&#8220;3.0.51&#8243; module_alignment=&#8220;left&#8220;]<\/p>\n<p><span class=\"fontstyle0\">Gyroskopische Mixer sind mit einer mono &#8211; oder dreiphasigen Motorisierung erh\u00e4ltlich, die \u00fcber einen Inverter betrieben wird.<br \/>\nRobust und vielseitig, gestatten sie eine einfache Steuerung der Mischzeiten sowie die Wahl zwischen drei Mischgeschwindigkeiten.<br \/>\n<\/span><\/p>\n<p><span class=\"fontstyle0\">Drei verschiedene Modelle bieten die Auswahl zwischen einer manuellen Version und einer komplett automatischen Version.<\/span><\/p>\n<p><span class=\"fontstyle0\"><strong>PLUS<\/strong><br \/>\n\u2022 Programmierf\u00e4higkeit der Mischdauer<br \/>\n\u2022 Umkehrung der Rotationsrichtung bei halber Zykluszeit<br \/>\n\u2022 Wahl zwischen drei Geschwindigkeitsstufen<br \/>\n\u2022 Neupositionierung der Farbdose am Zyklusende<br \/>\n\u2022 herausziehbare Au\ufb02age\ufb02\u00e4che<\/span><\/p>\n<p>[\/et_pb_text][et_pb_button _builder_version=&#8220;3.0.51&#8243; button_text=&#8220;Download data sheet&#8220; button_url=&#8220;https:\/\/eu.hero.ca\/wp-content\/uploads\/PDF\/TEDESCO\/M400-TED.pdf&#8220; url_new_window=&#8220;on&#8220; button_alignment=&#8220;left&#8220; background_layout=&#8220;dark&#8220; custom_button=&#8220;off&#8220; button_letter_spacing=&#8220;0&#8243; button_icon_placement=&#8220;right&#8220; button_letter_spacing_hover=&#8220;0&#8243; \/][\/et_pb_column][\/et_pb_row][et_pb_row admin_label=&#8220;Riga&#8220; make_fullwidth=&#8220;off&#8220; use_custom_width=&#8220;off&#8220; width_unit=&#8220;on&#8220; use_custom_gutter=&#8220;off&#8220; custom_padding=&#8220;0px|||&#8220; allow_player_pause=&#8220;off&#8220; parallax=&#8220;off&#8220; parallax_method=&#8220;on&#8220; make_equal=&#8220;off&#8220; parallax_1=&#8220;off&#8220; parallax_method_1=&#8220;off&#8220; background_position=&#8220;top_left&#8220; background_repeat=&#8220;repeat&#8220; background_size=&#8220;initial&#8220;][et_pb_column type=&#8220;4_4&#8243;][et_pb_gallery admin_label=&#8220;Galleria&#8220; gallery_ids=&#8220;4184,4185,4171,4172&#8243; fullwidth=&#8220;off&#8220; orientation=&#8220;landscape&#8220; show_title_and_caption=&#8220;off&#8220; show_pagination=&#8220;on&#8220; background_layout=&#8220;light&#8220; auto=&#8220;off&#8220; hover_overlay_color=&#8220;rgba(255,255,255,0.9)&#8220; border_style=&#8220;solid&#8220; _builder_version=&#8220;3.0.51&#8243; zoom_icon_color=&#8220;#545454&#8243; \/][\/et_pb_column][\/et_pb_row][\/et_pb_section][et_pb_section bb_built=&#8220;1&#8243; admin_label=&#8220;Sezione&#8220; fullwidth=&#8220;off&#8220; specialty=&#8220;off&#8220; transparent_background=&#8220;off&#8220; background_color=&#8220;#e0e0e0&#8243; allow_player_pause=&#8220;off&#8220; inner_shadow=&#8220;off&#8220; parallax=&#8220;off&#8220; parallax_method=&#8220;off&#8220; custom_padding=&#8220;0px|||&#8220; make_fullwidth=&#8220;off&#8220; use_custom_width=&#8220;off&#8220; width_unit=&#8220;on&#8220; make_equal=&#8220;off&#8220; use_custom_gutter=&#8220;off&#8220;][et_pb_row admin_label=&#8220;Riga&#8220; make_fullwidth=&#8220;off&#8220; use_custom_width=&#8220;off&#8220; width_unit=&#8220;on&#8220; use_custom_gutter=&#8220;off&#8220; allow_player_pause=&#8220;off&#8220; parallax=&#8220;off&#8220; parallax_method=&#8220;off&#8220; make_equal=&#8220;off&#8220; parallax_1=&#8220;off&#8220; parallax_method_1=&#8220;off&#8220; gutter_width=&#8220;0&#8243; parallax_2=&#8220;off&#8220; parallax_method_2=&#8220;off&#8220; background_position=&#8220;top_left&#8220; background_repeat=&#8220;repeat&#8220; background_size=&#8220;initial&#8220;][et_pb_column type=&#8220;1_2&#8243;][et_pb_text admin_label=&#8220;Testo&#8220; background_layout=&#8220;light&#8220; text_orientation=&#8220;left&#8220; border_style=&#8220;solid&#8220; custom_padding=&#8220;|||5px&#8220; _builder_version=&#8220;3.0.51&#8243; module_alignment=&#8220;left&#8220;]<\/p>\n<h2><span class=\"fontstyle0\">TECHNISCHE EIGENSCHAFTEN<\/span><\/h2>\n<p><strong><span class=\"fontstyle0\">Maximale Eimergr\u00f6\u00dfe<\/span><br \/>\n<\/strong> <span class=\"fontstyle0\">\u00d8 380 mm \u00d7 480 mm in der H\u00f6he<\/span><\/p>\n<p><strong><span class=\"fontstyle0\">Mindesth\u00f6he der Eimer<\/span><br \/>\n<\/strong>90 mm<\/p>\n<p><strong><span class=\"fontstyle0\">Multipler Eimer-Adapter<\/span><br \/>\n<\/strong> <span class=\"fontstyle0\">Auf Anfrage<\/span><\/p>\n<p><strong><span class=\"fontstyle0\">Maximale Ladekapazit\u00e4t<\/span><br \/>\n<\/strong>35 kg<\/p>\n<p><strong><span class=\"fontstyle0\">Befestigung der Eimer<\/span><br \/>\n<\/strong> <span class=\"fontstyle0\">Automatisch<\/span><\/p>\n<p><strong><span class=\"fontstyle0\">Maschinenverschlu\u00df<\/span><br \/>\n<\/strong> <span class=\"fontstyle0\">Rollt\u00fcr mit Interlock-Verriegelung<\/span><\/p>\n<p><strong><span class=\"fontstyle0\">R\u00fchrmotor<\/span><br \/>\n<\/strong> <span class=\"fontstyle0\">Elektrischer, Dreiphasen-Motor durch Inverter betrieben, St\u00e4rke bis zu 1,1 kW<\/span><\/p>\n<p><strong><span class=\"fontstyle0\">Drehrichtung<\/span><br \/>\n<\/strong> <span class=\"fontstyle0\">Im Uhrzeigersinn, und gegen den Uhrzeigersinn bei Halbzeit des Mischzyklus<\/span><\/p>\n<p><strong><span class=\"fontstyle0\">Gyroskopisches Verh\u00e4ltnis<\/span><br \/>\n<\/strong>1 \u00f7 2<\/p>\n<p><strong><span class=\"fontstyle0\">Mischgeschwindigkeit<\/span><br \/>\n<\/strong> <span class=\"fontstyle0\">3 Geschwindigkeiten (100-140-180 rpm) automatisch ausgew\u00e4hlt, je nach H\u00f6he des Eimers<\/span><\/p>\n<p><strong><span class=\"fontstyle0\">Timer f\u00fcr den Mischzyklus<\/span><br \/>\n<\/strong> <span class=\"fontstyle0\">Inbegriffen<\/span><\/p>\n<p><strong><span class=\"fontstyle0\">Schutz<\/span><br \/>\n<\/strong>IP 32<\/p>\n<p><strong><span class=\"fontstyle0\">Notstopp-Taste<\/span><br \/>\n<\/strong> <span class=\"fontstyle0\">Inbegriffen<\/span><\/p>\n<p><strong><span class=\"fontstyle0\">Gewicht<\/span><br \/>\n<\/strong>192 kg<\/p>\n<p><strong><span class=\"fontstyle0\">Gesamtausma\u00dfe<\/span><br \/>\n<\/strong>L 783 \u00d7 W 806 \u00d7 H 1.058 mm<\/p>\n<p><strong><span class=\"fontstyle0\">Ger\u00e4uschpegel<\/span><br \/>\n<\/strong> <span class=\"fontstyle0\">&lt; 80 db (A), gemessen nach DIN 45.635 (ohne Beladung, leer)<\/span><\/p>\n<p><strong><span class=\"fontstyle0\">Elektrische Verorgung<\/span><br \/>\n<\/strong>230\/115 V AC 50\/60 Hz<\/p>\n<p>&nbsp;<\/p>\n<p>[\/et_pb_text][\/et_pb_column][et_pb_column type=&#8220;1_2&#8243;][\/et_pb_column][\/et_pb_row][\/et_pb_section]<\/p>\n","protected":false},"excerpt":{"rendered":"<p>M400 &#8211; DER AUTOMATISCHE TECHNISCHE EIGENSCHAFTEN Gyroskopische Mixer sind mit einer mono &#8211; oder dreiphasigen Motorisierung erh\u00e4ltlich, die \u00fcber einen Inverter betrieben wird. Robust und vielseitig, gestatten sie eine einfache Steuerung der Mischzeiten sowie die Wahl zwischen drei Mischgeschwindigkeiten. Drei verschiedene Modelle bieten die Auswahl zwischen einer manuellen Version und einer komplett automatischen Version. PLUS [&hellip;]<\/p>\n","protected":false},"author":1,"featured_media":0,"parent":0,"menu_order":0,"comment_status":"closed","ping_status":"closed","template":"","meta":{"_et_pb_use_builder":"on","_et_pb_old_content":"","_et_gb_content_width":"","footnotes":""},"class_list":["post-6185","page","type-page","status-publish","hentry"],"_links":{"self":[{"href":"https:\/\/eu.hero.ca\/de\/wp-json\/wp\/v2\/pages\/6185","targetHints":{"allow":["GET"]}}],"collection":[{"href":"https:\/\/eu.hero.ca\/de\/wp-json\/wp\/v2\/pages"}],"about":[{"href":"https:\/\/eu.hero.ca\/de\/wp-json\/wp\/v2\/types\/page"}],"author":[{"embeddable":true,"href":"https:\/\/eu.hero.ca\/de\/wp-json\/wp\/v2\/users\/1"}],"replies":[{"embeddable":true,"href":"https:\/\/eu.hero.ca\/de\/wp-json\/wp\/v2\/comments?post=6185"}],"version-history":[{"count":0,"href":"https:\/\/eu.hero.ca\/de\/wp-json\/wp\/v2\/pages\/6185\/revisions"}],"wp:attachment":[{"href":"https:\/\/eu.hero.ca\/de\/wp-json\/wp\/v2\/media?parent=6185"}],"curies":[{"name":"wp","href":"https:\/\/api.w.org\/{rel}","templated":true}]}}