
{"id":6302,"date":"2017-11-09T12:25:57","date_gmt":"2017-11-09T12:25:57","guid":{"rendered":"http:\/\/eu.hero.ca\/xf100\/"},"modified":"2017-11-16T21:20:05","modified_gmt":"2017-11-16T21:20:05","slug":"xf100","status":"publish","type":"page","link":"https:\/\/eu.hero.ca\/de\/xf100\/","title":{"rendered":"XF100"},"content":{"rendered":"<p>[et_pb_section bb_built=&#8220;1&#8243; admin_label=&#8220;Sezione&#8220; fullwidth=&#8220;on&#8220; specialty=&#8220;off&#8220;][et_pb_fullwidth_header admin_label=&#8220;Intestazione a Larghezza Piena&#8220; title=&#8220;FAMILIE FARBPULVERDOSIERER&#8220; subhead=&#8220;XF100&#8243; background_layout=&#8220;dark&#8220; text_orientation=&#8220;left&#8220; header_fullscreen=&#8220;off&#8220; header_scroll_down=&#8220;off&#8220; background_url=&#8220;https:\/\/eu.hero.ca\/wp-content\/uploads\/2017\/03\/sfondo-low-poly-rosso.jpg&#8220; content_orientation=&#8220;center&#8220; image_orientation=&#8220;center&#8220; custom_button_one=&#8220;off&#8220; button_one_letter_spacing=&#8220;0&#8243; button_one_icon_placement=&#8220;right&#8220; button_one_letter_spacing_hover=&#8220;0&#8243; custom_button_two=&#8220;off&#8220; button_two_letter_spacing=&#8220;0&#8243; button_two_icon_placement=&#8220;right&#8220; button_two_letter_spacing_hover=&#8220;0&#8243; _builder_version=&#8220;3.0.51&#8243; background_image=&#8220;https:\/\/eu.hero.ca\/wp-content\/uploads\/2017\/05\/sfondo-acqua.jpg&#8220; \/][\/et_pb_section][et_pb_section bb_built=&#8220;1&#8243; admin_label=&#8220;section&#8220; transparent_background=&#8220;off&#8220; allow_player_pause=&#8220;off&#8220; inner_shadow=&#8220;off&#8220; parallax=&#8220;off&#8220; parallax_method=&#8220;off&#8220; custom_padding=&#8220;||0px|&#8220; make_fullwidth=&#8220;off&#8220; use_custom_width=&#8220;off&#8220; width_unit=&#8220;on&#8220; make_equal=&#8220;off&#8220; use_custom_gutter=&#8220;off&#8220;][et_pb_row admin_label=&#8220;Riga&#8220; background_position=&#8220;top_left&#8220; background_repeat=&#8220;repeat&#8220; background_size=&#8220;initial&#8220;][et_pb_column type=&#8220;4_4&#8243;][et_pb_text admin_label=&#8220;Testo&#8220; background_layout=&#8220;light&#8220; text_orientation=&#8220;left&#8220; border_style=&#8220;solid&#8220; _builder_version=&#8220;3.0.51&#8243; module_alignment=&#8220;left&#8220;]<\/p>\n<h1>XF100<\/h1>\n<p>[\/et_pb_text][\/et_pb_column][\/et_pb_row][et_pb_row admin_label=&#8220;Riga&#8220; background_position=&#8220;top_left&#8220; background_repeat=&#8220;repeat&#8220; background_size=&#8220;initial&#8220;][et_pb_column type=&#8220;1_2&#8243;][et_pb_image admin_label=&#8220;Immagine&#8220; src=&#8220;https:\/\/eu.hero.ca\/wp-content\/uploads\/2017\/06\/XF100_.jpg&#8220; show_in_lightbox=&#8220;off&#8220; url_new_window=&#8220;off&#8220; use_overlay=&#8220;off&#8220; sticky=&#8220;off&#8220; align=&#8220;left&#8220; force_fullwidth=&#8220;off&#8220; always_center_on_mobile=&#8220;on&#8220; border_style=&#8220;solid&#8220; _builder_version=&#8220;3.0.76&#8243; animation_style=&#8220;slide&#8220; animation_duration=&#8220;500ms&#8220; animation_intensity_slide=&#8220;10%&#8220; animation_direction=&#8220;left&#8220; show_bottom_space=&#8220;on&#8220; \/][\/et_pb_column][et_pb_column type=&#8220;1_2&#8243;][et_pb_text admin_label=&#8220;Testo&#8220; background_layout=&#8220;light&#8220; text_orientation=&#8220;left&#8220; use_border_color=&#8220;off&#8220; border_color=&#8220;#ffffff&#8220; border_style=&#8220;solid&#8220; background_position=&#8220;top_left&#8220; background_repeat=&#8220;repeat&#8220; background_size=&#8220;initial&#8220; module_alignment=&#8220;left&#8220;]<\/p>\n<h3><span class=\"fontstyle0\">TECHNISCHE EIGENSCHAFTEN<br \/>\n<\/span><\/h3>\n<p>[\/et_pb_text][et_pb_text admin_label=&#8220;Testo&#8220; background_layout=&#8220;light&#8220; text_orientation=&#8220;left&#8220; border_style=&#8220;solid&#8220; _builder_version=&#8220;3.0.51&#8243; module_alignment=&#8220;left&#8220;]<\/p>\n<p>Automatischer Pulverdosierer, der unter Verwendung eines innovativen Pulver-in-drop-Dosiersystems entwickelt wurden, welches durch internationale Patente gesch\u00fctzt ist.<br \/>\nXF100 ist die einzige L\u00f6sung auf dem Markt, die f\u00fcr die Installation in kleinen und mittleren Verkaufsstellen geeignet ist, um Trockenpulver in vielen verschiedenen Anwendungsbereichen wie zum Beispiel trockene Farbstoffe f\u00fcr Farben und Lacke, Kosmetika und chemische Industrie zu dosieren.<br \/>\nDie Dosieranlage kann, mit Hilfe einer elektronischen Hochpr\u00e4zisionswaage, die von der TintWise &#x2122; -Software verwaltet wird, Trockenpulver mit einer unglaublichen Pr\u00e4zision dosieren.<br \/>\nDie Dosieranlage ist wartungsarm und erfordert keine Rekalibrierung nach der Inbetriebaufnahme.<\/p>\n<p><strong>PLUS<br \/>\n<\/strong><\/p>\n<ul>\n<li>minimale Dosiermenge 0,01 g<\/li>\n<li>gravimetrische \u201cPulver-in-drop\u201d Dosierung<\/li>\n<li>bis zu 24 Kanister<\/li>\n<li>keine Rekalibrierung erforderlich<\/li>\n<li>schnelle und einfache Kanisterf\u00fcllung durch Einwegkanister<\/li>\n<li>Ethernetverbindung und Wireless kompatibel<\/li>\n<li>einfache Wartung<\/li>\n<li>integrierte elektronische Hochpr\u00e4zisionswaage<\/li>\n<\/ul>\n<p>[\/et_pb_text][et_pb_button _builder_version=&#8220;3.0.51&#8243; button_text=&#8220;Download data sheet&#8220; button_url=&#8220;https:\/\/eu.hero.ca\/wp-content\/uploads\/PDF\/TEDESCO\/XF100-TED.pdf&#8220; url_new_window=&#8220;on&#8220; button_alignment=&#8220;left&#8220; background_layout=&#8220;dark&#8220; custom_button=&#8220;off&#8220; button_letter_spacing=&#8220;0&#8243; button_icon_placement=&#8220;right&#8220; button_letter_spacing_hover=&#8220;0&#8243; \/][\/et_pb_column][\/et_pb_row][\/et_pb_section][et_pb_section bb_built=&#8220;1&#8243; fullwidth=&#8220;off&#8220; specialty=&#8220;off&#8220;][et_pb_row admin_label=&#8220;Riga&#8220; make_fullwidth=&#8220;off&#8220; use_custom_width=&#8220;off&#8220; width_unit=&#8220;on&#8220; use_custom_gutter=&#8220;off&#8220; custom_padding=&#8220;0px|||&#8220; allow_player_pause=&#8220;off&#8220; parallax=&#8220;off&#8220; parallax_method=&#8220;on&#8220; make_equal=&#8220;off&#8220; parallax_1=&#8220;off&#8220; parallax_method_1=&#8220;off&#8220; background_position=&#8220;top_left&#8220; background_repeat=&#8220;repeat&#8220; background_size=&#8220;initial&#8220;][et_pb_column type=&#8220;4_4&#8243;][et_pb_gallery admin_label=&#8220;Galleria&#8220; gallery_ids=&#8220;3995,3994,4925,4929&#8243; fullwidth=&#8220;off&#8220; orientation=&#8220;landscape&#8220; show_title_and_caption=&#8220;off&#8220; show_pagination=&#8220;on&#8220; background_layout=&#8220;light&#8220; hover_overlay_color=&#8220;rgba(255,255,255,0.9)&#8220; border_style=&#8220;solid&#8220; _builder_version=&#8220;3.0.89&#8243; zoom_icon_color=&#8220;#545454&#8243; posts_number=&#8220;8&#8243; pagination_font_size_tablet=&#8220;51&#8243; pagination_line_height_tablet=&#8220;2&#8243; \/][\/et_pb_column][\/et_pb_row][\/et_pb_section][et_pb_section bb_built=&#8220;1&#8243; admin_label=&#8220;Sezione&#8220; fullwidth=&#8220;off&#8220; specialty=&#8220;off&#8220; transparent_background=&#8220;off&#8220; background_color=&#8220;#e0e0e0&#8243; allow_player_pause=&#8220;off&#8220; inner_shadow=&#8220;off&#8220; parallax=&#8220;off&#8220; parallax_method=&#8220;off&#8220; custom_padding=&#8220;0px|||&#8220; make_fullwidth=&#8220;off&#8220; use_custom_width=&#8220;off&#8220; width_unit=&#8220;on&#8220; make_equal=&#8220;off&#8220; use_custom_gutter=&#8220;off&#8220;][et_pb_row admin_label=&#8220;Riga&#8220; make_fullwidth=&#8220;off&#8220; use_custom_width=&#8220;off&#8220; width_unit=&#8220;on&#8220; use_custom_gutter=&#8220;off&#8220; allow_player_pause=&#8220;off&#8220; parallax=&#8220;off&#8220; parallax_method=&#8220;off&#8220; make_equal=&#8220;off&#8220; parallax_1=&#8220;off&#8220; parallax_method_1=&#8220;off&#8220; gutter_width=&#8220;0&#8243; parallax_2=&#8220;off&#8220; parallax_method_2=&#8220;off&#8220; background_position=&#8220;top_left&#8220; background_repeat=&#8220;repeat&#8220; background_size=&#8220;initial&#8220;][et_pb_column type=&#8220;1_2&#8243;][et_pb_text admin_label=&#8220;Testo&#8220; background_layout=&#8220;light&#8220; border_style=&#8220;solid&#8220; custom_padding=&#8220;|||5px&#8220; _builder_version=&#8220;3.0.89&#8243; module_alignment=&#8220;left&#8220; border_style_all=&#8220;solid&#8220;]<\/p>\n<h2><span class=\"fontstyle0\">TECHNISCHE EIGENSCHAFTEN<br \/>\n<\/span><\/h2>\n<p><strong><span class=\"fontstyle0\">Dosiersystem<\/span><br \/>\n<\/strong> <span class=\"fontstyle0\">Sequentiell gravimetrisch<\/span><\/p>\n<p><strong><span class=\"fontstyle0\">Anzahl der Zyklen<\/span><br \/>\n<\/strong> <span class=\"fontstyle0\">Bis zu 24<\/span><\/p>\n<p><strong><span class=\"fontstyle0\">Kanister<\/span><br \/>\n<\/strong> <span class=\"fontstyle0\">Beh\u00e4lter mit einzelnem Ausgang f\u00fcr die Produkte (3 Liter), die mit dem Mechanismus \u201eSchnellanwendung\u201c in der Mischmaschine eingebaut sind<\/span><\/p>\n<p><strong><span class=\"fontstyle0\">Elektronische Waage<\/span><br \/>\n<\/strong>6,2 kg; +\/- 0,01 g<\/p>\n<p><strong><span class=\"fontstyle0\">Farbstaubbeh\u00e4lter<\/span><br \/>\n<\/strong> <span class=\"fontstyle0\">Mittelgro\u00dfer Beh\u00e4lter, auf der Waage positioniert<\/span><\/p>\n<p><strong><span class=\"fontstyle0\">Mindestdosiermenge<\/span><br \/>\n<\/strong>0,02 g<\/p>\n<p><strong><span class=\"fontstyle0\">Pr\u00e4zision (0,02 g-1,00 g Toleranz)<\/span><br \/>\n<\/strong> <span class=\"fontstyle0\">+\/- 0,01 g (= Genauigkeit der Waage)<\/span><\/p>\n<p><strong><span class=\"fontstyle0\">Pr\u00e4zision (1,00 g-500,00 g Toleranz)<\/span><br \/>\n<\/strong>+\/- 1%<\/p>\n<p><strong><span class=\"fontstyle0\">Maximale Dosiergeschwindigkeit<\/span><br \/>\n<\/strong> <span class=\"fontstyle0\">1.500 g\/min (je nach der angeforderten Genauigkeit)<\/span><\/p>\n<p><strong><span class=\"fontstyle0\">Maschinenausma\u00dfe<\/span><br \/>\n<\/strong>L 797 x P 788 x A 1.297 mm<\/p>\n<p><strong><span class=\"fontstyle0\">Gewicht<\/span><br \/>\n<\/strong>200 kg <span class=\"fontstyle0\">(16 Zyklen)<\/span><br \/>\n240 kg <span class=\"fontstyle0\">(24 Zyklen)<\/span><\/p>\n<p><strong><span class=\"fontstyle0\">Stromversorgung<\/span><br \/>\n<\/strong>230\/115 V AC 50\/60 Hz<\/p>\n<p>[\/et_pb_text][\/et_pb_column][et_pb_column type=&#8220;1_2&#8243;][\/et_pb_column][\/et_pb_row][\/et_pb_section]<\/p>\n","protected":false},"excerpt":{"rendered":"<p>XF100 TECHNISCHE EIGENSCHAFTEN Automatischer Pulverdosierer, der unter Verwendung eines innovativen Pulver-in-drop-Dosiersystems entwickelt wurden, welches durch internationale Patente gesch\u00fctzt ist. XF100 ist die einzige L\u00f6sung auf dem Markt, die f\u00fcr die Installation in kleinen und mittleren Verkaufsstellen geeignet ist, um Trockenpulver in vielen verschiedenen Anwendungsbereichen wie zum Beispiel trockene Farbstoffe f\u00fcr Farben und Lacke, Kosmetika und [&hellip;]<\/p>\n","protected":false},"author":1,"featured_media":0,"parent":0,"menu_order":0,"comment_status":"closed","ping_status":"closed","template":"","meta":{"_et_pb_use_builder":"on","_et_pb_old_content":"","_et_gb_content_width":"","footnotes":""},"class_list":["post-6302","page","type-page","status-publish","hentry"],"_links":{"self":[{"href":"https:\/\/eu.hero.ca\/de\/wp-json\/wp\/v2\/pages\/6302","targetHints":{"allow":["GET"]}}],"collection":[{"href":"https:\/\/eu.hero.ca\/de\/wp-json\/wp\/v2\/pages"}],"about":[{"href":"https:\/\/eu.hero.ca\/de\/wp-json\/wp\/v2\/types\/page"}],"author":[{"embeddable":true,"href":"https:\/\/eu.hero.ca\/de\/wp-json\/wp\/v2\/users\/1"}],"replies":[{"embeddable":true,"href":"https:\/\/eu.hero.ca\/de\/wp-json\/wp\/v2\/comments?post=6302"}],"version-history":[{"count":0,"href":"https:\/\/eu.hero.ca\/de\/wp-json\/wp\/v2\/pages\/6302\/revisions"}],"wp:attachment":[{"href":"https:\/\/eu.hero.ca\/de\/wp-json\/wp\/v2\/media?parent=6302"}],"curies":[{"name":"wp","href":"https:\/\/api.w.org\/{rel}","templated":true}]}}