
{"id":6335,"date":"2017-11-10T08:51:34","date_gmt":"2017-11-10T08:51:34","guid":{"rendered":"http:\/\/eu.hero.ca\/hero-fur-die-gemeinschaft\/"},"modified":"2017-11-10T10:36:29","modified_gmt":"2017-11-10T10:36:29","slug":"hero-fur-die-gemeinschaft","status":"publish","type":"page","link":"https:\/\/eu.hero.ca\/de\/hero-fur-die-gemeinschaft\/","title":{"rendered":"HERO f\u00fcr die Gemeinschaft"},"content":{"rendered":"<p>[et_pb_section bb_built=&#8220;1&#8243; admin_label=&#8220;Sezione&#8220; fullwidth=&#8220;on&#8220; specialty=&#8220;off&#8220;][et_pb_fullwidth_header admin_label=&#8220;Intestazione a Larghezza Piena&#8220; title=&#8220;HERO F\u00dcR DIE GEMEINSCHAFT&#8220; background_layout=&#8220;dark&#8220; text_orientation=&#8220;center&#8220; header_fullscreen=&#8220;off&#8220; header_scroll_down=&#8220;off&#8220; background_url=&#8220;https:\/\/eu.hero.ca\/wp-content\/uploads\/2017\/02\/hero_mission.jpg&#8220; background_overlay_color=&#8220;rgba(38,38,38,0.81)&#8220; content_orientation=&#8220;center&#8220; image_orientation=&#8220;center&#8220; custom_button_one=&#8220;off&#8220; button_one_letter_spacing=&#8220;0&#8243; button_one_icon_placement=&#8220;right&#8220; button_one_letter_spacing_hover=&#8220;0&#8243; custom_button_two=&#8220;off&#8220; button_two_letter_spacing=&#8220;0&#8243; button_two_icon_placement=&#8220;right&#8220; button_two_letter_spacing_hover=&#8220;0&#8243; _builder_version=&#8220;3.0.51&#8243; background_image=&#8220;https:\/\/eu.hero.ca\/wp-content\/uploads\/2017\/01\/hq_hero.jpg&#8220; \/][\/et_pb_section][et_pb_section bb_built=&#8220;1&#8243; admin_label=&#8220;section&#8220; inner_shadow=&#8220;off&#8220; parallax=&#8220;off&#8220;][et_pb_row admin_label=&#8220;row&#8220; background_position=&#8220;top_left&#8220; background_repeat=&#8220;repeat&#8220; background_size=&#8220;initial&#8220;][et_pb_column type=&#8220;1_3&#8243;][et_pb_image admin_label=&#8220;Immagine&#8220; src=&#8220;https:\/\/eu.hero.ca\/wp-content\/uploads\/2017\/01\/green_hero.png&#8220; show_in_lightbox=&#8220;off&#8220; url_new_window=&#8220;off&#8220; use_overlay=&#8220;off&#8220; sticky=&#8220;off&#8220; align=&#8220;left&#8220; force_fullwidth=&#8220;off&#8220; always_center_on_mobile=&#8220;on&#8220; border_style=&#8220;solid&#8220; _builder_version=&#8220;3.0.51&#8243; \/][\/et_pb_column][et_pb_column type=&#8220;2_3&#8243;][et_pb_text admin_label=&#8220;Testo&#8220; background_layout=&#8220;light&#8220; text_orientation=&#8220;left&#8220; border_style=&#8220;solid&#8220; _builder_version=&#8220;3.0.51&#8243;]<\/p>\n<h1>Nachhaltigkeit des Unternehmens<\/h1>\n<p>Wir verstehen, dass Gesch\u00e4fte negative Auswirkungen auf die Umwelt haben k\u00f6nnen. Wir setzen uns daf\u00fcr ein, Wege zu finden, wie wir die Auswirkungen unserer Arbeit auf die Umwelt reduzieren k\u00f6nnen.<\/p>\n<p>unsere Grunds\u00e4tze:<br \/>\n\u2022 So viel Abfallmaterial wie m\u00f6glich zu recyceln<br \/>\n\u2022 Verwendung von Papier vermeiden, wo immer es m\u00f6glich ist<br \/>\n\u2022 Recycling von Zubeh\u00f6r, das nicht mehr verwendet wird<br \/>\n\u2022 einen geringen Energieverbrauch haben<br \/>\n\u2022 Produkte mit geringer Umweltbelastung kaufen<br \/>\n\u2022 Um unn\u00f6tige Reisen zu vermeiden, nutzen wir den Gebrauch von\u00a0 Instant-Messaging, Video- und Audiokonferenzen, Telefon und E-Mail<\/p>\n<p>&nbsp;<\/p>\n<p>[\/et_pb_text][\/et_pb_column][\/et_pb_row][et_pb_row admin_label=&#8220;row&#8220; background_position=&#8220;top_left&#8220; background_repeat=&#8220;repeat&#8220; background_size=&#8220;initial&#8220;][et_pb_column type=&#8220;1_3&#8243;][et_pb_image admin_label=&#8220;Immagine&#8220; src=&#8220;https:\/\/eu.hero.ca\/wp-content\/uploads\/2017\/01\/social_hero-01.png&#8220; show_in_lightbox=&#8220;off&#8220; url_new_window=&#8220;off&#8220; use_overlay=&#8220;off&#8220; sticky=&#8220;off&#8220; align=&#8220;left&#8220; force_fullwidth=&#8220;off&#8220; always_center_on_mobile=&#8220;on&#8220; border_style=&#8220;solid&#8220; _builder_version=&#8220;3.0.51&#8243; \/][\/et_pb_column][et_pb_column type=&#8220;2_3&#8243;][et_pb_text admin_label=&#8220;Testo&#8220; background_layout=&#8220;light&#8220; text_orientation=&#8220;left&#8220; border_style=&#8220;solid&#8220; _builder_version=&#8220;3.0.51&#8243;]<\/p>\n<h1><strong>soziale Verantwortung<\/strong><\/h1>\n<p>Wir achten besonders auf die Beziehungen zu unseren Akteuren: Mitarbeitern, Lieferanten, Kunden, Partner und Institutionen.<\/p>\n<p>Es bedeutet, eine Gesch\u00e4ftspolitik zu verfolgen, die \u00f6konomischen, sozialen und \u00f6kologischen Zielen entspricht, mit einer Perspektive auf zuk\u00fcnftige Nachhaltigkeit.<br \/>\nWir sind seit jeher ein sozial engagiertes Unternehmen, das lokale Aktivit\u00e4ten unterst\u00fctzt und finanziert.<\/p>\n<p>[\/et_pb_text][\/et_pb_column][\/et_pb_row][\/et_pb_section]<\/p>\n","protected":false},"excerpt":{"rendered":"<p>Nachhaltigkeit des Unternehmens Wir verstehen, dass Gesch\u00e4fte negative Auswirkungen auf die Umwelt haben k\u00f6nnen. Wir setzen uns daf\u00fcr ein, Wege zu finden, wie wir die Auswirkungen unserer Arbeit auf die Umwelt reduzieren k\u00f6nnen. unsere Grunds\u00e4tze: \u2022 So viel Abfallmaterial wie m\u00f6glich zu recyceln \u2022 Verwendung von Papier vermeiden, wo immer es m\u00f6glich ist \u2022 Recycling [&hellip;]<\/p>\n","protected":false},"author":1,"featured_media":0,"parent":0,"menu_order":0,"comment_status":"closed","ping_status":"closed","template":"","meta":{"_et_pb_use_builder":"on","_et_pb_old_content":"","_et_gb_content_width":"","footnotes":""},"class_list":["post-6335","page","type-page","status-publish","hentry"],"_links":{"self":[{"href":"https:\/\/eu.hero.ca\/de\/wp-json\/wp\/v2\/pages\/6335","targetHints":{"allow":["GET"]}}],"collection":[{"href":"https:\/\/eu.hero.ca\/de\/wp-json\/wp\/v2\/pages"}],"about":[{"href":"https:\/\/eu.hero.ca\/de\/wp-json\/wp\/v2\/types\/page"}],"author":[{"embeddable":true,"href":"https:\/\/eu.hero.ca\/de\/wp-json\/wp\/v2\/users\/1"}],"replies":[{"embeddable":true,"href":"https:\/\/eu.hero.ca\/de\/wp-json\/wp\/v2\/comments?post=6335"}],"version-history":[{"count":0,"href":"https:\/\/eu.hero.ca\/de\/wp-json\/wp\/v2\/pages\/6335\/revisions"}],"wp:attachment":[{"href":"https:\/\/eu.hero.ca\/de\/wp-json\/wp\/v2\/media?parent=6335"}],"curies":[{"name":"wp","href":"https:\/\/api.w.org\/{rel}","templated":true}]}}