
{"id":6385,"date":"2017-11-10T10:09:20","date_gmt":"2017-11-10T10:09:20","guid":{"rendered":"http:\/\/eu.hero.ca\/a400-a450\/"},"modified":"2017-11-16T20:56:21","modified_gmt":"2017-11-16T20:56:21","slug":"a400-a450","status":"publish","type":"page","link":"https:\/\/eu.hero.ca\/de\/a400-a450\/","title":{"rendered":"A400 &#8211; A450"},"content":{"rendered":"<p>[et_pb_section bb_built=&#8220;1&#8243; admin_label=&#8220;Sezione&#8220; fullwidth=&#8220;on&#8220; specialty=&#8220;off&#8220;][et_pb_fullwidth_header admin_label=&#8220;Intestazione a Larghezza Piena&#8220; title=&#8220;FAMILIE EUREKA &#8220; subhead=&#8220;A400 -DER SEQUENTIELLE | A450 &#8211; DER SIMULTANE&#8220; background_layout=&#8220;dark&#8220; text_orientation=&#8220;left&#8220; header_fullscreen=&#8220;off&#8220; header_scroll_down=&#8220;off&#8220; background_url=&#8220;https:\/\/eu.hero.ca\/wp-content\/uploads\/2017\/05\/sfondo-low-giallo-1.jpg&#8220; parallax=&#8220;off&#8220; parallax_method=&#8220;off&#8220; content_orientation=&#8220;center&#8220; image_orientation=&#8220;center&#8220; custom_button_one=&#8220;off&#8220; button_one_letter_spacing=&#8220;0&#8243; button_one_use_icon=&#8220;default&#8220; button_one_icon_placement=&#8220;right&#8220; button_one_on_hover=&#8220;on&#8220; button_one_letter_spacing_hover=&#8220;0&#8243; custom_button_two=&#8220;off&#8220; button_two_letter_spacing=&#8220;0&#8243; button_two_use_icon=&#8220;default&#8220; button_two_icon_placement=&#8220;right&#8220; button_two_on_hover=&#8220;on&#8220; button_two_letter_spacing_hover=&#8220;0&#8243; background_image=&#8220;https:\/\/eu.hero.ca\/wp-content\/uploads\/2017\/05\/sfondo-low-giallo-1.jpg&#8220; \/][\/et_pb_section][et_pb_section bb_built=&#8220;1&#8243; admin_label=&#8220;section&#8220; transparent_background=&#8220;off&#8220; allow_player_pause=&#8220;off&#8220; inner_shadow=&#8220;off&#8220; parallax=&#8220;off&#8220; parallax_method=&#8220;off&#8220; custom_padding=&#8220;||0px|&#8220; make_fullwidth=&#8220;off&#8220; use_custom_width=&#8220;off&#8220; width_unit=&#8220;on&#8220; make_equal=&#8220;off&#8220; use_custom_gutter=&#8220;off&#8220;][et_pb_row admin_label=&#8220;Riga&#8220; background_position=&#8220;top_left&#8220; background_repeat=&#8220;repeat&#8220; background_size=&#8220;initial&#8220;][et_pb_column type=&#8220;1_2&#8243;][et_pb_text admin_label=&#8220;Testo&#8220; background_layout=&#8220;light&#8220; text_orientation=&#8220;left&#8220; use_border_color=&#8220;off&#8220; border_color=&#8220;#ffffff&#8220; border_style=&#8220;solid&#8220; background_position=&#8220;top_left&#8220; background_repeat=&#8220;repeat&#8220; background_size=&#8220;initial&#8220; module_alignment=&#8220;left&#8220;]<\/p>\n<h1>A400 &#8211; DER SEQUENTIELLE<\/h1>\n<p>[\/et_pb_text][et_pb_image admin_label=&#8220;Immagine&#8220; src=&#8220;https:\/\/eu.hero.ca\/wp-content\/uploads\/2017\/06\/A400_1.jpg&#8220; show_in_lightbox=&#8220;off&#8220; url_new_window=&#8220;off&#8220; use_overlay=&#8220;off&#8220; sticky=&#8220;off&#8220; align=&#8220;left&#8220; force_fullwidth=&#8220;off&#8220; always_center_on_mobile=&#8220;on&#8220; border_style=&#8220;solid&#8220; _builder_version=&#8220;3.0.51&#8243; show_bottom_space=&#8220;on&#8220; animation_style=&#8220;slide&#8220; animation_duration=&#8220;500ms&#8220; animation_intensity_slide=&#8220;10%&#8220; animation_direction=&#8220;left&#8220; \/][\/et_pb_column][et_pb_column type=&#8220;1_2&#8243;][et_pb_text admin_label=&#8220;Testo&#8220; background_layout=&#8220;light&#8220; text_orientation=&#8220;left&#8220; use_border_color=&#8220;off&#8220; border_color=&#8220;#ffffff&#8220; border_style=&#8220;solid&#8220; background_position=&#8220;top_left&#8220; background_repeat=&#8220;repeat&#8220; background_size=&#8220;initial&#8220; module_alignment=&#8220;left&#8220;]<\/p>\n<h1>A450 &#8211; DER SIMULTANE<\/h1>\n<p>[\/et_pb_text][et_pb_image admin_label=&#8220;Immagine&#8220; src=&#8220;https:\/\/eu.hero.ca\/wp-content\/uploads\/2017\/06\/A400_2.jpg&#8220; show_in_lightbox=&#8220;off&#8220; url_new_window=&#8220;off&#8220; use_overlay=&#8220;off&#8220; sticky=&#8220;off&#8220; align=&#8220;left&#8220; force_fullwidth=&#8220;off&#8220; always_center_on_mobile=&#8220;on&#8220; border_style=&#8220;solid&#8220; _builder_version=&#8220;3.0.51&#8243; show_bottom_space=&#8220;on&#8220; animation_style=&#8220;slide&#8220; animation_duration=&#8220;500ms&#8220; animation_intensity_slide=&#8220;10%&#8220; animation_direction=&#8220;left&#8220; \/][\/et_pb_column][\/et_pb_row][et_pb_row admin_label=&#8220;Riga&#8220; background_position=&#8220;top_left&#8220; background_repeat=&#8220;repeat&#8220; background_size=&#8220;initial&#8220;][et_pb_column type=&#8220;4_4&#8243;][et_pb_text admin_label=&#8220;Testo&#8220; background_layout=&#8220;light&#8220; text_orientation=&#8220;left&#8220; use_border_color=&#8220;off&#8220; border_color=&#8220;#ffffff&#8220; border_style=&#8220;solid&#8220; background_position=&#8220;top_left&#8220; background_repeat=&#8220;repeat&#8220; background_size=&#8220;initial&#8220; module_alignment=&#8220;left&#8220;]<\/p>\n<h3><span class=\"fontstyle0\">TECHNISCHE EIGENSCHAFTEN<\/span><\/h3>\n<p>[\/et_pb_text][et_pb_text admin_label=&#8220;Testo&#8220; background_layout=&#8220;light&#8220; text_orientation=&#8220;left&#8220; border_style=&#8220;solid&#8220; background_position=&#8220;top_left&#8220; background_repeat=&#8220;repeat&#8220; background_size=&#8220;initial&#8220; _builder_version=&#8220;3.0.51&#8243; module_alignment=&#8220;left&#8220;]<\/p>\n<p><span class=\"fontstyle0\">Automatischer Farbmischer mit der Dosiertechnologie der Exzenterschneckenpumpen (PCP), die durch ein internationales Patent gesch\u00fctzt ist.<\/span><\/p>\n<p><span class=\"fontstyle0\">Der Eureka ist der \ufb02exibelste automatische Farbmischer auf dem Markt und eignet sich besonders f\u00fcr Verkaufsstellen mittlerer Gr\u00f6\u00dfe. Eureka kann sowohl sequentiell, simultan und gravimetrisch jede Art von F\u00e4rbemittel dosieren (auch in kombinierter Betriebsweise), wobei die<br \/>\ndosierbare Mindestmenge 1\/1000 \ufb02. oz. (0,03 ml) betr\u00e4gt.<br \/>\n<\/span><\/p>\n<p><span class=\"fontstyle0\">Durch das einfache und schnelle Auswechseln der Pumpen wird die Produktivit\u00e4t an jedem einzelnen Kreis mittels Austausch der Standardpumpe (mit 0,3 l\/min) durch eine Hi-Flow- Pumpe (mit 0,6 l\/<br \/>\nmin) verdoppelt.<\/span><\/p>\n<p><span class=\"fontstyle0\"><strong>PLUS<\/strong><br \/>\n\u2022 dosierbare Mindestmenge 1\/1000 \ufb02. oz. (0,03 ml)<br \/>\n\u2022 bis zu 32 Kanister<br \/>\n\u2022 KEINE Rekalibrierung erforderlich<br \/>\n\u2022 leichtes F\u00fcllen der Kanister<br \/>\n\u2022 Ethernet-Verbindung und Vorbereitung zum kabellosen Einsatz<br \/>\n\u2022 M\u00f6glichkeit der individuellen Ausstattung der einzelnen Kreise mit<br \/>\nHF-Hochleistungspumpen (0,6 l\/min) nach Kundenwunsch<br \/>\n\u2022 wartungsfreundlich<br \/>\n\u2022 Dosiersystem f\u00fcr Farbmuster<\/span><\/p>\n<p>[\/et_pb_text][et_pb_button _builder_version=&#8220;3.0.51&#8243; button_text=&#8220;Download data sheet&#8220; button_url=&#8220;https:\/\/eu.hero.ca\/wp-content\/uploads\/PDF\/TEDESCO\/A-400-450-TED.pdf&#8220; url_new_window=&#8220;on&#8220; button_alignment=&#8220;left&#8220; background_layout=&#8220;dark&#8220; custom_button=&#8220;off&#8220; button_letter_spacing=&#8220;0&#8243; button_icon_placement=&#8220;right&#8220; button_letter_spacing_hover=&#8220;0&#8243; \/][\/et_pb_column][\/et_pb_row][\/et_pb_section][et_pb_section bb_built=&#8220;1&#8243; fullwidth=&#8220;off&#8220; specialty=&#8220;off&#8220;][et_pb_row admin_label=&#8220;Riga&#8220; make_fullwidth=&#8220;off&#8220; use_custom_width=&#8220;off&#8220; width_unit=&#8220;on&#8220; use_custom_gutter=&#8220;off&#8220; custom_padding=&#8220;0px|||&#8220; allow_player_pause=&#8220;off&#8220; parallax=&#8220;off&#8220; parallax_method=&#8220;on&#8220; make_equal=&#8220;off&#8220; parallax_1=&#8220;off&#8220; parallax_method_1=&#8220;off&#8220; background_position=&#8220;top_left&#8220; background_repeat=&#8220;repeat&#8220; background_size=&#8220;initial&#8220;][et_pb_column type=&#8220;4_4&#8243;][et_pb_gallery admin_label=&#8220;Galleria&#8220; gallery_ids=&#8220;6770,4089,3889,3890,4169,3888,3919,4068&#8243; fullwidth=&#8220;off&#8220; orientation=&#8220;landscape&#8220; show_title_and_caption=&#8220;off&#8220; show_pagination=&#8220;on&#8220; background_layout=&#8220;light&#8220; hover_overlay_color=&#8220;rgba(255,255,255,0.9)&#8220; border_style=&#8220;solid&#8220; _builder_version=&#8220;3.0.89&#8243; zoom_icon_color=&#8220;#545454&#8243; posts_number=&#8220;8&#8243; pagination_font_size_tablet=&#8220;51&#8243; pagination_line_height_tablet=&#8220;2&#8243; \/][\/et_pb_column][\/et_pb_row][\/et_pb_section][et_pb_section bb_built=&#8220;1&#8243; admin_label=&#8220;Sezione&#8220; fullwidth=&#8220;off&#8220; specialty=&#8220;off&#8220; transparent_background=&#8220;off&#8220; background_color=&#8220;#e0e0e0&#8243; allow_player_pause=&#8220;off&#8220; inner_shadow=&#8220;off&#8220; parallax=&#8220;off&#8220; parallax_method=&#8220;off&#8220; custom_padding=&#8220;0px|||&#8220; make_fullwidth=&#8220;off&#8220; use_custom_width=&#8220;off&#8220; width_unit=&#8220;on&#8220; make_equal=&#8220;off&#8220; use_custom_gutter=&#8220;off&#8220;][et_pb_row admin_label=&#8220;Riga&#8220; make_fullwidth=&#8220;off&#8220; use_custom_width=&#8220;off&#8220; width_unit=&#8220;on&#8220; use_custom_gutter=&#8220;off&#8220; allow_player_pause=&#8220;off&#8220; parallax=&#8220;off&#8220; parallax_method=&#8220;off&#8220; make_equal=&#8220;off&#8220; parallax_1=&#8220;off&#8220; parallax_method_1=&#8220;off&#8220; gutter_width=&#8220;0&#8243; parallax_2=&#8220;off&#8220; parallax_method_2=&#8220;off&#8220; background_position=&#8220;top_left&#8220; background_repeat=&#8220;repeat&#8220; background_size=&#8220;initial&#8220;][et_pb_column type=&#8220;1_2&#8243;][et_pb_text admin_label=&#8220;Testo&#8220; background_layout=&#8220;light&#8220; text_orientation=&#8220;left&#8220; border_style=&#8220;solid&#8220; custom_padding=&#8220;|||5px&#8220; background_position=&#8220;top_left&#8220; background_repeat=&#8220;repeat&#8220; background_size=&#8220;initial&#8220; _builder_version=&#8220;3.0.51&#8243; module_alignment=&#8220;left&#8220;]<\/p>\n<h2><span class=\"fontstyle0\">TECHNISCHE EIGENSCHAFTEN<\/span><\/h2>\n<p><strong><span class=\"fontstyle0\">Dosiersystem<\/span><br \/>\n<\/strong> <span class=\"fontstyle0\">Volumetrisch sequenziell (A400)<br \/>\nVolumetrisch simultan (A450)<br \/>\nVolumetrisch sequenziell (A400)<br \/>\nGravimetrisch kombiniert (A450)<\/span><\/p>\n<p><strong> <span class=\"fontstyle0\">Anzahl der Schaltungen<\/span><br \/>\n<\/strong> <span class=\"fontstyle0\">bis zu 32<\/span><\/p>\n<p><strong> <span class=\"fontstyle0\">Dosierprinzip<\/span><br \/>\n<\/strong><span class=\"fontstyle0\">Exzenterschneckenpumpen (PCP)<\/span><\/p>\n<p><strong> <span class=\"fontstyle0\">Kanisterkapazit\u00e4t<\/span> <\/strong><br \/>\n3-5 Liter<\/p>\n<p><strong> <span class=\"fontstyle0\">Maximale Durch\ufb02ussmenge<\/span> <\/strong><br \/>\n<span class=\"fontstyle0\">0,6 l\/min**<\/span><\/p>\n<p><strong> <span class=\"fontstyle0\">Durchschnittliche Pr\u00e4zision<\/span> <\/strong><br \/>\n+\/-1%\u00a0*<\/p>\n<p><strong><span class=\"fontstyle0\">Mindestdosierungsmenge<\/span><br \/>\n<\/strong>1\/1000 fl. oz. (0,03 ml)*<\/p>\n<p><strong><span class=\"fontstyle0\">D\u00fcsenverschlussystem<\/span><br \/>\n<\/strong> <span class=\"fontstyle0\">Automatische Luftbefeuchterkappe, fest geschlossen<\/span><\/p>\n<p><strong><span class=\"fontstyle0\">Dosenanwesenheitszeiger<\/span><br \/>\n<\/strong> <span class=\"fontstyle0\">Fotozelle<\/span><\/p>\n<p><strong> <span class=\"fontstyle0\">Dosenpositionierung<\/span> <\/strong><br \/>\n<span class=\"fontstyle0\">Automatischer Heber<\/span><\/p>\n<p><strong><span class=\"fontstyle0\">Dosenmindesth\u00f6he<\/span><br \/>\n<\/strong>90 mm<\/p>\n<p><strong><span class=\"fontstyle0\">Maximale Dosenh\u00f6he<\/span><br \/>\n<\/strong>565 mm<\/p>\n<p><strong> <span class=\"fontstyle0\">Hubweg<\/span><br \/>\n<\/strong>300 mm<\/p>\n<p><strong>Maximum-Dimensionen<\/strong><br \/>\nL 950 x D 750 x H 1.150 mm <span class=\"fontstyle0\">(Version 16 Kanister)<\/span><br \/>\nL 1320 x D 750 x H 1.150 mm <span class=\"fontstyle0\">(Version24 Kanister)<\/span><br \/>\nL 1320 x D 850 x H 1.150 mm <span class=\"fontstyle0\">(Version 32 Kanister)<\/span><\/p>\n<p><strong> <span class=\"fontstyle0\">Gewicht<\/span> <\/strong><br \/>\n<span class=\"fontstyle0\">180 kg (Version 16 Kanister)<br \/>\n250 kg (Version 24 Kanister)<br \/>\n300 kg (Version 32 Kanister)<\/span><\/p>\n<p><strong> <span class=\"fontstyle0\">Elektrische Versorgung<\/span><\/strong><br \/>\n230\/115 V AC-50\/60 Hz<\/p>\n<p>&nbsp;<\/p>\n<p>*<em> <span class=\"fontstyle0\">(Daten beeinfu\u00dft von der Z\u00e4h\ufb02\u00fcssigkeit der F\u00e4rbemittel)<\/span><\/em><\/p>\n<p>** <em>** mit High-flow Pumpen<\/em><\/p>\n<p>[\/et_pb_text][\/et_pb_column][et_pb_column type=&#8220;1_2&#8243;][\/et_pb_column][\/et_pb_row][\/et_pb_section]<\/p>\n","protected":false},"excerpt":{"rendered":"<p>A400 &#8211; DER SEQUENTIELLE A450 &#8211; DER SIMULTANE TECHNISCHE EIGENSCHAFTEN Automatischer Farbmischer mit der Dosiertechnologie der Exzenterschneckenpumpen (PCP), die durch ein internationales Patent gesch\u00fctzt ist. Der Eureka ist der \ufb02exibelste automatische Farbmischer auf dem Markt und eignet sich besonders f\u00fcr Verkaufsstellen mittlerer Gr\u00f6\u00dfe. Eureka kann sowohl sequentiell, simultan und gravimetrisch jede Art von F\u00e4rbemittel dosieren [&hellip;]<\/p>\n","protected":false},"author":1,"featured_media":0,"parent":0,"menu_order":0,"comment_status":"closed","ping_status":"closed","template":"","meta":{"_et_pb_use_builder":"on","_et_pb_old_content":"","_et_gb_content_width":"","footnotes":""},"class_list":["post-6385","page","type-page","status-publish","hentry"],"_links":{"self":[{"href":"https:\/\/eu.hero.ca\/de\/wp-json\/wp\/v2\/pages\/6385","targetHints":{"allow":["GET"]}}],"collection":[{"href":"https:\/\/eu.hero.ca\/de\/wp-json\/wp\/v2\/pages"}],"about":[{"href":"https:\/\/eu.hero.ca\/de\/wp-json\/wp\/v2\/types\/page"}],"author":[{"embeddable":true,"href":"https:\/\/eu.hero.ca\/de\/wp-json\/wp\/v2\/users\/1"}],"replies":[{"embeddable":true,"href":"https:\/\/eu.hero.ca\/de\/wp-json\/wp\/v2\/comments?post=6385"}],"version-history":[{"count":0,"href":"https:\/\/eu.hero.ca\/de\/wp-json\/wp\/v2\/pages\/6385\/revisions"}],"wp:attachment":[{"href":"https:\/\/eu.hero.ca\/de\/wp-json\/wp\/v2\/media?parent=6385"}],"curies":[{"name":"wp","href":"https:\/\/api.w.org\/{rel}","templated":true}]}}