
{"id":6394,"date":"2017-11-10T10:11:54","date_gmt":"2017-11-10T10:11:54","guid":{"rendered":"http:\/\/eu.hero.ca\/a850\/"},"modified":"2017-11-10T10:11:55","modified_gmt":"2017-11-10T10:11:55","slug":"a850","status":"publish","type":"page","link":"https:\/\/eu.hero.ca\/de\/a850\/","title":{"rendered":"A850"},"content":{"rendered":"<p>[et_pb_section bb_built=&#8220;1&#8243; admin_label=&#8220;Sezione&#8220; fullwidth=&#8220;on&#8220; specialty=&#8220;off&#8220;][et_pb_fullwidth_header admin_label=&#8220;Intestazione a Larghezza Piena&#8220; title=&#8220;FAMILIE NEWTON &#8220; subhead=&#8220;A850 &#8211; MIT R\u00dcCKLAUF&#8220; background_layout=&#8220;dark&#8220; text_orientation=&#8220;left&#8220; header_fullscreen=&#8220;off&#8220; header_scroll_down=&#8220;off&#8220; background_url=&#8220;https:\/\/eu.hero.ca\/wp-content\/uploads\/2017\/05\/sfondo-low-poly-blu-2.jpg&#8220; parallax=&#8220;off&#8220; parallax_method=&#8220;off&#8220; content_orientation=&#8220;center&#8220; image_orientation=&#8220;center&#8220; custom_button_one=&#8220;off&#8220; button_one_letter_spacing=&#8220;0&#8243; button_one_use_icon=&#8220;default&#8220; button_one_icon_placement=&#8220;right&#8220; button_one_on_hover=&#8220;on&#8220; button_one_letter_spacing_hover=&#8220;0&#8243; custom_button_two=&#8220;off&#8220; button_two_letter_spacing=&#8220;0&#8243; button_two_use_icon=&#8220;default&#8220; button_two_icon_placement=&#8220;right&#8220; button_two_on_hover=&#8220;on&#8220; button_two_letter_spacing_hover=&#8220;0&#8243; background_image=&#8220;https:\/\/eu.hero.ca\/wp-content\/uploads\/2017\/05\/sfondo-low-poly-blu-2.jpg&#8220; \/][\/et_pb_section][et_pb_section bb_built=&#8220;1&#8243; admin_label=&#8220;section&#8220; transparent_background=&#8220;off&#8220; allow_player_pause=&#8220;off&#8220; inner_shadow=&#8220;off&#8220; parallax=&#8220;off&#8220; parallax_method=&#8220;off&#8220; custom_padding=&#8220;||0px|&#8220; make_fullwidth=&#8220;off&#8220; use_custom_width=&#8220;off&#8220; width_unit=&#8220;on&#8220; make_equal=&#8220;off&#8220; use_custom_gutter=&#8220;off&#8220;][et_pb_row admin_label=&#8220;Riga&#8220; background_position=&#8220;top_left&#8220; background_repeat=&#8220;repeat&#8220; background_size=&#8220;initial&#8220;][et_pb_column type=&#8220;4_4&#8243;][et_pb_text admin_label=&#8220;Testo&#8220; background_layout=&#8220;light&#8220; text_orientation=&#8220;left&#8220; use_border_color=&#8220;off&#8220; border_color=&#8220;#ffffff&#8220; border_style=&#8220;solid&#8220; background_position=&#8220;top_left&#8220; background_repeat=&#8220;repeat&#8220; background_size=&#8220;initial&#8220;]<\/p>\n<h1>A850 &#8211; R\u00dcCKLAUF<\/h1>\n<p>[\/et_pb_text][\/et_pb_column][\/et_pb_row][et_pb_row admin_label=&#8220;Riga&#8220; background_position=&#8220;top_left&#8220; background_repeat=&#8220;repeat&#8220; background_size=&#8220;initial&#8220;][et_pb_column type=&#8220;1_2&#8243;][et_pb_image admin_label=&#8220;Immagine&#8220; src=&#8220;https:\/\/eu.hero.ca\/wp-content\/uploads\/2017\/06\/A850.jpg&#8220; show_in_lightbox=&#8220;off&#8220; url_new_window=&#8220;off&#8220; use_overlay=&#8220;off&#8220; animation=&#8220;left&#8220; sticky=&#8220;off&#8220; align=&#8220;left&#8220; force_fullwidth=&#8220;off&#8220; always_center_on_mobile=&#8220;on&#8220; use_border_color=&#8220;off&#8220; border_color=&#8220;#ffffff&#8220; border_style=&#8220;solid&#8220; \/][\/et_pb_column][et_pb_column type=&#8220;1_2&#8243;][et_pb_text admin_label=&#8220;Testo&#8220; background_layout=&#8220;light&#8220; text_orientation=&#8220;left&#8220; use_border_color=&#8220;off&#8220; border_color=&#8220;#ffffff&#8220; border_style=&#8220;solid&#8220; background_position=&#8220;top_left&#8220; background_repeat=&#8220;repeat&#8220; background_size=&#8220;initial&#8220; _builder_version=&#8220;3.0.51&#8243;]<\/p>\n<h3><span class=\"fontstyle0\">TECHNISCHE EIGENSCHAFTEN<\/span><\/h3>\n<p>[\/et_pb_text][et_pb_text admin_label=&#8220;Testo&#8220; background_layout=&#8220;light&#8220; text_orientation=&#8220;left&#8220; border_style=&#8220;solid&#8220; background_position=&#8220;top_left&#8220; background_repeat=&#8220;repeat&#8220; background_size=&#8220;initial&#8220; _builder_version=&#8220;3.0.51&#8243;]<\/p>\n<p>automatischer Farbmischer, ausgestattet mit Zahnpumpen.<\/p>\n<p>F\u00fcr eine gro\u00dfe Verkaufsstelle geeignet und kann dank seiner modulbasierten Struktur auf die Bed\u00fcrfnisse der Kunden angepasst werden. Sie kann f\u00fcr die kombinierte gravimetrische Dosierung konfiguriert werden und eignet sich daher f\u00fcr den industriellen Einsatz und\/oder zur Verwaltung von kleinen Fabrikproduktionen.<\/p>\n<p><strong>PLUS<br \/>\n<\/strong> <span class=\"fontstyle0\">\u2022 Gesamtr\u00fccklaufsystem mit Aktuator an der Dosierstelle (HEROPATENT)<br \/>\n\u2022 dosierbare Mindestmenge 1\/384 \ufb02. oz. (0,077 ml)<br \/>\n\u2022 Pumpenleistung mit 1,1l\/min<\/span><br \/>\n<span class=\"fontstyle0\">\u2022 leichtes F\u00fcllen der Kanister<br \/>\n\u2022 Flexibilit\u00e4t und Modularit\u00e4t der Konfgurationen<\/span><br \/>\n<span class=\"fontstyle0\">\u00a0<\/span><\/p>\n<p><span class=\"fontstyle0\"><br \/>\n<\/span><\/p>\n<p>[\/et_pb_text][et_pb_button admin_label=&#8220;Button&#8220; _builder_version=&#8220;3.0.51&#8243; button_text=&#8220;Download data sheet&#8220; button_url=&#8220;https:\/\/eu.hero.ca\/wp-content\/uploads\/PDF\/TEDESCO\/A850-TED.pdf&#8220; url_new_window=&#8220;on&#8220; button_alignment=&#8220;left&#8220; background_layout=&#8220;dark&#8220; custom_button=&#8220;off&#8220; button_letter_spacing=&#8220;0&#8243; button_icon_placement=&#8220;right&#8220; button_letter_spacing_hover=&#8220;0&#8243; \/][\/et_pb_column][\/et_pb_row][\/et_pb_section][et_pb_section bb_built=&#8220;1&#8243; admin_label=&#8220;Section&#8220; fullwidth=&#8220;off&#8220; specialty=&#8220;off&#8220;][et_pb_row admin_label=&#8220;Riga&#8220; make_fullwidth=&#8220;off&#8220; use_custom_width=&#8220;off&#8220; width_unit=&#8220;on&#8220; use_custom_gutter=&#8220;off&#8220; custom_padding=&#8220;0px|||&#8220; allow_player_pause=&#8220;off&#8220; parallax=&#8220;off&#8220; parallax_method=&#8220;on&#8220; make_equal=&#8220;off&#8220; parallax_1=&#8220;off&#8220; parallax_method_1=&#8220;off&#8220; background_position=&#8220;top_left&#8220; background_repeat=&#8220;repeat&#8220; background_size=&#8220;initial&#8220;][et_pb_column type=&#8220;4_4&#8243;][et_pb_gallery admin_label=&#8220;Galleria&#8220; gallery_ids=&#8220;3909,3910,3905,4619&#8243; fullwidth=&#8220;off&#8220; orientation=&#8220;landscape&#8220; show_title_and_caption=&#8220;off&#8220; show_pagination=&#8220;on&#8220; background_layout=&#8220;light&#8220; auto=&#8220;off&#8220; hover_overlay_color=&#8220;rgba(255,255,255,0.9)&#8220; border_style=&#8220;solid&#8220; _builder_version=&#8220;3.0.51&#8243; zoom_icon_color=&#8220;#545454&#8243; \/][\/et_pb_column][\/et_pb_row][\/et_pb_section][et_pb_section bb_built=&#8220;1&#8243; admin_label=&#8220;Sezione&#8220; fullwidth=&#8220;off&#8220; specialty=&#8220;off&#8220; transparent_background=&#8220;off&#8220; background_color=&#8220;#e0e0e0&#8243; allow_player_pause=&#8220;off&#8220; inner_shadow=&#8220;off&#8220; parallax=&#8220;off&#8220; parallax_method=&#8220;off&#8220; custom_padding=&#8220;0px|||&#8220; make_fullwidth=&#8220;off&#8220; use_custom_width=&#8220;off&#8220; width_unit=&#8220;on&#8220; make_equal=&#8220;off&#8220; use_custom_gutter=&#8220;off&#8220;][et_pb_row admin_label=&#8220;Riga&#8220; make_fullwidth=&#8220;off&#8220; use_custom_width=&#8220;off&#8220; width_unit=&#8220;on&#8220; use_custom_gutter=&#8220;off&#8220; allow_player_pause=&#8220;off&#8220; parallax=&#8220;off&#8220; parallax_method=&#8220;off&#8220; make_equal=&#8220;off&#8220; parallax_1=&#8220;off&#8220; parallax_method_1=&#8220;off&#8220; gutter_width=&#8220;0&#8243; parallax_2=&#8220;off&#8220; parallax_method_2=&#8220;off&#8220; background_position=&#8220;top_left&#8220; background_repeat=&#8220;repeat&#8220; background_size=&#8220;initial&#8220;][et_pb_column type=&#8220;1_2&#8243;][et_pb_text admin_label=&#8220;Testo&#8220; background_layout=&#8220;light&#8220; text_orientation=&#8220;left&#8220; use_border_color=&#8220;off&#8220; border_color=&#8220;#ffffff&#8220; border_style=&#8220;solid&#8220; custom_padding=&#8220;|||5px&#8220; background_position=&#8220;top_left&#8220; background_repeat=&#8220;repeat&#8220; background_size=&#8220;initial&#8220;]<\/p>\n<h2><span class=\"fontstyle0\">TECHNISCHE EIGENSCHAFTEN<\/span><\/h2>\n<p><strong><span class=\"fontstyle0\">Dosiersystem<\/span><br \/>\n<\/strong> <span class=\"fontstyle0\">Gravimetrisch und kombiniert<\/span><\/p>\n<p><strong> <span class=\"fontstyle0\">Anzahl der Schaltungen<\/span> <\/strong><br \/>\n<span class=\"fontstyle0\">Bis zu 24<\/span><\/p>\n<p><strong><span class=\"fontstyle0\">Dosierprinzip<\/span><br \/>\n<\/strong><span class=\"fontstyle0\">Zahnradpumpen<\/span><\/p>\n<p><strong><span class=\"fontstyle0\">Kanisterkapazit\u00e4t<\/span><br \/>\n<\/strong>3-5-9-22 Liter<\/p>\n<p><strong><span class=\"fontstyle0\">Maximale Durch\ufb02ussmenge<\/span><br \/>\n<\/strong>1,1 L\/min*<\/p>\n<p><strong><span class=\"fontstyle0\">Durchschnittliche Pr\u00e4zision<\/span><br \/>\n<\/strong>+\/-1%\u00a0*<\/p>\n<p><strong><span class=\"fontstyle0\">Mindestdosierungsmenge<\/span><br \/>\n<\/strong>1\/384 fl. oz. (0,077 ml)*<\/p>\n<p><strong> <span class=\"fontstyle0\">D\u00fcsenverschlussystem<\/span> <\/strong><br \/>\n<span class=\"fontstyle0\">Automatische Luftbefeuchterkappe<\/span><\/p>\n<p><strong><span class=\"fontstyle0\">Dosenanwesenheitszeiger<\/span><br \/>\n<\/strong> <span class=\"fontstyle0\">Fotozelle<\/span><\/p>\n<p><strong><span class=\"fontstyle0\">Dosenpositionierung<\/span><br \/>\n<\/strong> <span class=\"fontstyle0\">Automatischer Heber<\/span><\/p>\n<p><strong><span class=\"fontstyle0\">Dosenmindesth\u00f6he<\/span><br \/>\n<\/strong>70 mm<\/p>\n<p><strong><span class=\"fontstyle0\">Maximale Dosenh\u00f6he<\/span><br \/>\n<\/strong>620 mm<\/p>\n<p><strong><span class=\"fontstyle0\">Hubweg<\/span><br \/>\n<\/strong>300 mm<\/p>\n<p><strong> <span class=\"fontstyle0\">Maximum-Dimensionen<\/span> <\/strong><br \/>\n<span class=\"fontstyle0\">Entsprechend der Konfguration und der<br \/>\nAnzahl der Speichermodule<\/span><\/p>\n<p><strong><span class=\"fontstyle0\">Gewicht<\/span><br \/>\n<\/strong> <span class=\"fontstyle0\">Entsprechend der Konfguration und der<br \/>\nAnzahl der Speichermodule<\/span><\/p>\n<p><strong><span class=\"fontstyle0\">Elektrische Versorgung<\/span><br \/>\n<\/strong>230\/115 V AC-50\/60 Hz<\/p>\n<p>&nbsp;<\/p>\n<p>* <span class=\"fontstyle0\">(Daten beeinfu\u00dft von der Z\u00e4h\ufb02\u00fcssigkeit der F\u00e4rbemittel)<\/span><\/p>\n<p>[\/et_pb_text][\/et_pb_column][et_pb_column type=&#8220;1_2&#8243;][\/et_pb_column][\/et_pb_row][\/et_pb_section]<\/p>\n","protected":false},"excerpt":{"rendered":"<p>A850 &#8211; R\u00dcCKLAUF TECHNISCHE EIGENSCHAFTEN automatischer Farbmischer, ausgestattet mit Zahnpumpen. F\u00fcr eine gro\u00dfe Verkaufsstelle geeignet und kann dank seiner modulbasierten Struktur auf die Bed\u00fcrfnisse der Kunden angepasst werden. Sie kann f\u00fcr die kombinierte gravimetrische Dosierung konfiguriert werden und eignet sich daher f\u00fcr den industriellen Einsatz und\/oder zur Verwaltung von kleinen Fabrikproduktionen. PLUS \u2022 Gesamtr\u00fccklaufsystem mit [&hellip;]<\/p>\n","protected":false},"author":1,"featured_media":0,"parent":0,"menu_order":0,"comment_status":"closed","ping_status":"closed","template":"","meta":{"_et_pb_use_builder":"on","_et_pb_old_content":"","_et_gb_content_width":"","footnotes":""},"class_list":["post-6394","page","type-page","status-publish","hentry"],"_links":{"self":[{"href":"https:\/\/eu.hero.ca\/de\/wp-json\/wp\/v2\/pages\/6394","targetHints":{"allow":["GET"]}}],"collection":[{"href":"https:\/\/eu.hero.ca\/de\/wp-json\/wp\/v2\/pages"}],"about":[{"href":"https:\/\/eu.hero.ca\/de\/wp-json\/wp\/v2\/types\/page"}],"author":[{"embeddable":true,"href":"https:\/\/eu.hero.ca\/de\/wp-json\/wp\/v2\/users\/1"}],"replies":[{"embeddable":true,"href":"https:\/\/eu.hero.ca\/de\/wp-json\/wp\/v2\/comments?post=6394"}],"version-history":[{"count":0,"href":"https:\/\/eu.hero.ca\/de\/wp-json\/wp\/v2\/pages\/6394\/revisions"}],"wp:attachment":[{"href":"https:\/\/eu.hero.ca\/de\/wp-json\/wp\/v2\/media?parent=6394"}],"curies":[{"name":"wp","href":"https:\/\/api.w.org\/{rel}","templated":true}]}}