
{"id":6402,"date":"2017-11-10T10:14:58","date_gmt":"2017-11-10T10:14:58","guid":{"rendered":"http:\/\/eu.hero.ca\/ctm\/"},"modified":"2017-12-11T17:46:00","modified_gmt":"2017-12-11T17:46:00","slug":"ctm","status":"publish","type":"page","link":"https:\/\/eu.hero.ca\/de\/ctm\/","title":{"rendered":"CTM"},"content":{"rendered":"<p>[et_pb_section bb_built=&#8220;1&#8243; admin_label=&#8220;Sezione&#8220; fullwidth=&#8220;on&#8220; specialty=&#8220;off&#8220;][et_pb_fullwidth_header admin_label=&#8220;Intestazione a Larghezza Piena&#8220; title=&#8220;IN PLANT&#8220; subhead=&#8220;CTM &#8211; Der smarte&#8220; background_layout=&#8220;dark&#8220; text_orientation=&#8220;left&#8220; header_fullscreen=&#8220;off&#8220; header_scroll_down=&#8220;off&#8220; background_url=&#8220;https:\/\/eu.hero.ca\/wp-content\/uploads\/2017\/03\/sfondo-low-poly-rosso.jpg&#8220; content_orientation=&#8220;center&#8220; image_orientation=&#8220;center&#8220; custom_button_one=&#8220;off&#8220; button_one_letter_spacing=&#8220;0&#8243; button_one_icon_placement=&#8220;right&#8220; button_one_letter_spacing_hover=&#8220;0&#8243; custom_button_two=&#8220;off&#8220; button_two_letter_spacing=&#8220;0&#8243; button_two_icon_placement=&#8220;right&#8220; button_two_letter_spacing_hover=&#8220;0&#8243; _builder_version=&#8220;3.0.51&#8243; background_image=&#8220;https:\/\/eu.hero.ca\/wp-content\/uploads\/2017\/05\/sfondo-magenta-1.jpg&#8220; \/][\/et_pb_section][et_pb_section bb_built=&#8220;1&#8243; admin_label=&#8220;section&#8220; transparent_background=&#8220;off&#8220; allow_player_pause=&#8220;off&#8220; inner_shadow=&#8220;off&#8220; parallax=&#8220;off&#8220; parallax_method=&#8220;off&#8220; custom_padding=&#8220;||0px|&#8220; make_fullwidth=&#8220;off&#8220; use_custom_width=&#8220;off&#8220; width_unit=&#8220;on&#8220; make_equal=&#8220;off&#8220; use_custom_gutter=&#8220;off&#8220;][et_pb_row admin_label=&#8220;Riga&#8220; background_position=&#8220;top_left&#8220; background_repeat=&#8220;repeat&#8220; background_size=&#8220;initial&#8220;][et_pb_column type=&#8220;4_4&#8243;][et_pb_text admin_label=&#8220;Testo&#8220; background_layout=&#8220;light&#8220; text_orientation=&#8220;left&#8220; border_style=&#8220;solid&#8220; _builder_version=&#8220;3.0.51&#8243; module_alignment=&#8220;left&#8220; border_style_all=&#8220;solid&#8220;]<\/p>\n<h1>CTM &#8211; Smart<\/h1>\n<p>[\/et_pb_text][\/et_pb_column][\/et_pb_row][et_pb_row admin_label=&#8220;Riga&#8220; background_position=&#8220;top_left&#8220; background_repeat=&#8220;repeat&#8220; background_size=&#8220;initial&#8220; _builder_version=&#8220;3.0.51&#8243;][et_pb_column type=&#8220;1_2&#8243;][et_pb_image admin_label=&#8220;Immagine&#8220; src=&#8220;https:\/\/eu.hero.ca\/wp-content\/uploads\/2017\/06\/CTM.jpg&#8220; show_in_lightbox=&#8220;off&#8220; url_new_window=&#8220;off&#8220; use_overlay=&#8220;off&#8220; sticky=&#8220;off&#8220; align=&#8220;left&#8220; force_fullwidth=&#8220;off&#8220; always_center_on_mobile=&#8220;on&#8220; border_style=&#8220;solid&#8220; _builder_version=&#8220;3.0.51&#8243; animation_style=&#8220;slide&#8220; animation_duration=&#8220;500ms&#8220; animation_intensity_slide=&#8220;10%&#8220; animation_direction=&#8220;left&#8220; border_style_all=&#8220;solid&#8220; show_bottom_space=&#8220;off&#8220; \/][\/et_pb_column][et_pb_column type=&#8220;1_2&#8243;][et_pb_text admin_label=&#8220;Testo&#8220; background_layout=&#8220;light&#8220; text_orientation=&#8220;left&#8220; use_border_color=&#8220;off&#8220; border_color=&#8220;#ffffff&#8220; border_style=&#8220;solid&#8220; _builder_version=&#8220;3.0.51&#8243; module_alignment=&#8220;left&#8220; border_color_all=&#8220;off&#8220; border_style_all=&#8220;solid&#8220;]<\/p>\n<h3>TECHNICAL FEATURES<\/h3>\n<p>[\/et_pb_text][et_pb_text admin_label=&#8220;Testo&#8220; background_layout=&#8220;light&#8220; text_orientation=&#8220;left&#8220; border_style=&#8220;solid&#8220; _builder_version=&#8220;3.0.51&#8243; module_alignment=&#8220;left&#8220; border_style_all=&#8220;solid&#8220;]<\/p>\n<p><span class=\"fontstyle0\">HERO entwickelt und realisiert Fabrikanlagen zur Dosierung und Mischung, sowohl in Dosen- als auch in Losfertigung, je nach dem Bedarf ihrer Kunden, um den Bed\u00fcrfnissen von kleinen und mittleren Produktionen entgegenzukommen.<\/span><\/p>\n<p><strong>PLUS<br \/>\n<\/strong> <span class=\"fontstyle0\">\u2022 sequenzielle gravimetrische Dosierung mit beweglichem Kopf<br \/>\n\u2022 extreme Benutzer\ufb02exibilit\u00e4t<br \/>\n\u2022 Dosierung in allen Dosen- oder Losformaten<br \/>\n\u2022 gro\u00dfe Leistungen auf kleinem Raum<br \/>\n\u2022 Einbau in Automatiklinien<br \/>\n\u2022 M\u00f6glichkeit der Ausr\u00fcstung der Maschine mit einer Doppelwaage zur Dosierung f\u00fcr Dosen- oder Losfertigung<br \/>\n\u2022 kundenangepasste Abmessungen in Funktion der<br \/>\nStandortbed\u00fcrfnisse<br \/>\n\u2022 auch im Bereich der Tintenproduktion verwendbar<br \/>\n\u2022 in der Kompaktversion mit bis zu 16 Kreisen erh\u00e4ltlich<\/span><\/p>\n<p>[\/et_pb_text][et_pb_button _builder_version=&#8220;3.0.51&#8243; button_text=&#8220;Download data sheet&#8220; button_url=&#8220;https:\/\/eu.hero.ca\/wp-content\/uploads\/PDF\/ENG_CTM.pdf&#8220; url_new_window=&#8220;on&#8220; button_alignment=&#8220;left&#8220; background_layout=&#8220;dark&#8220; custom_button=&#8220;off&#8220; button_letter_spacing=&#8220;0&#8243; button_icon_placement=&#8220;right&#8220; button_letter_spacing_hover=&#8220;0&#8243; \/][\/et_pb_column][\/et_pb_row][\/et_pb_section][et_pb_section bb_built=&#8220;1&#8243; fullwidth=&#8220;off&#8220; specialty=&#8220;off&#8220;][et_pb_row admin_label=&#8220;Riga&#8220; custom_padding=&#8220;2px|||&#8220; parallax_method_1=&#8220;off&#8220; background_position=&#8220;top_left&#8220; background_repeat=&#8220;repeat&#8220; background_size=&#8220;initial&#8220; _builder_version=&#8220;3.0.51&#8243; background_position_1=&#8220;top_left&#8220; background_repeat_1=&#8220;no-repeat&#8220;][et_pb_column type=&#8220;4_4&#8243;][et_pb_text _builder_version=&#8220;3.0.51&#8243; background_layout=&#8220;light&#8220; text_orientation=&#8220;left&#8220; border_style=&#8220;solid&#8220; module_alignment=&#8220;left&#8220; border_style_all=&#8220;solid&#8220;]<\/p>\n<p>Um unser Portfolio zu vervollst\u00e4ndigen, konstruieren und fertigen wir \u201eIn-Plant\u201c-Systeme f\u00fcr In-Can- und In-Batch-Dosierung und -Mischung.<\/p>\n<p>Dank unserer Flexibilit\u00e4t sind wir in der Lage, die Bed\u00fcrfnisse unserer Kunden zu erf\u00fcllen und bieten auch\u00a0 f\u00fcr kleine und mittlere Produktionen kundenspezifische L\u00f6sungen an.<\/p>\n<p>In diesem Abschnitt finden Sie einige Detailfotos unserer, in der ganzen Welt realisierten, Anlagen.<\/p>\n<p>[\/et_pb_text][et_pb_gallery admin_label=&#8220;Galleria&#8220; gallery_ids=&#8220;4626,4621,4627,4628,4630,4665,4631,3960&#8243; fullwidth=&#8220;off&#8220; orientation=&#8220;landscape&#8220; show_title_and_caption=&#8220;off&#8220; show_pagination=&#8220;on&#8220; background_layout=&#8220;light&#8220; hover_overlay_color=&#8220;rgba(255,255,255,0.9)&#8220; border_style=&#8220;solid&#8220; _builder_version=&#8220;3.0.87&#8243; zoom_icon_color=&#8220;#545454&#8243; posts_number=&#8220;12&#8243; pagination_font_size_tablet=&#8220;51&#8243; pagination_line_height_tablet=&#8220;2&#8243; border_style_top_image=&#8220;solid&#8220; border_style_right_image=&#8220;solid&#8220; border_style_bottom_image=&#8220;solid&#8220; border_style_left_image=&#8220;solid&#8220; \/][\/et_pb_column][\/et_pb_row][\/et_pb_section][et_pb_section bb_built=&#8220;1&#8243; admin_label=&#8220;Sezione&#8220; fullwidth=&#8220;off&#8220; specialty=&#8220;off&#8220; transparent_background=&#8220;off&#8220; background_color=&#8220;#e0e0e0&#8243; allow_player_pause=&#8220;off&#8220; inner_shadow=&#8220;off&#8220; parallax=&#8220;off&#8220; parallax_method=&#8220;off&#8220; custom_padding=&#8220;0px|||&#8220; make_fullwidth=&#8220;off&#8220; use_custom_width=&#8220;off&#8220; width_unit=&#8220;on&#8220; make_equal=&#8220;off&#8220; use_custom_gutter=&#8220;off&#8220;][et_pb_row admin_label=&#8220;Riga&#8220; make_fullwidth=&#8220;off&#8220; use_custom_width=&#8220;off&#8220; width_unit=&#8220;on&#8220; use_custom_gutter=&#8220;off&#8220; allow_player_pause=&#8220;off&#8220; parallax=&#8220;off&#8220; parallax_method=&#8220;off&#8220; make_equal=&#8220;off&#8220; parallax_1=&#8220;off&#8220; parallax_method_1=&#8220;off&#8220; gutter_width=&#8220;0&#8243; parallax_2=&#8220;off&#8220; parallax_method_2=&#8220;off&#8220; background_position=&#8220;top_left&#8220; background_repeat=&#8220;repeat&#8220; background_size=&#8220;initial&#8220;][et_pb_column type=&#8220;1_2&#8243;][et_pb_text admin_label=&#8220;Testo&#8220; background_layout=&#8220;light&#8220; text_orientation=&#8220;left&#8220; border_style=&#8220;solid&#8220; custom_padding=&#8220;|||5px&#8220; background_position=&#8220;top_left&#8220; background_repeat=&#8220;repeat&#8220; background_size=&#8220;initial&#8220; _builder_version=&#8220;3.0.51&#8243; module_alignment=&#8220;left&#8220; border_style_all=&#8220;solid&#8220;]<\/p>\n<h2>TECHNICAL FEATURES<\/h2>\n<p><strong>Dosage<\/strong><br \/>\nGravimetric and sequential<\/p>\n<p><strong>Number of circuits<\/strong><br \/>\nUp to 26 per dosing head<\/p>\n<p><strong>Flow rate<\/strong><br \/>\n20 L\/min (with 3\/4\u201d valves and 1\u201d membrane pumps)(*)<\/p>\n<p><strong>Accuracy<\/strong><br \/>\n+\/- 0,1 g (*)<\/p>\n<p><strong>Dosing head<\/strong><br \/>\nMobile head with valves positioned on an arch<br \/>\nValves on 2 concentric radius<br \/>\nAutomatic positioning by the rotation of the head<br \/>\nHigh positioning speed<\/p>\n<p><strong>Dispensing valves<\/strong><br \/>\n3\/4\u201d or 1 1\/2\u201d with double concentric shutter and recirculation<\/p>\n<p><strong>Valves actuator<\/strong><br \/>\nTriple linear pneumatic cylinder-8 different positionings management<\/p>\n<p><strong>Pumps<\/strong><br \/>\nPneumatic diaphragm with double membrane<br \/>\nElectric with double membrane<br \/>\nEletcric progressive cavity<br \/>\nElectric gear<\/p>\n<p><strong>Dispensing containers<\/strong><br \/>\nFrom 1 Kg to 3.000 Kg<\/p>\n<p><strong>Storage<\/strong><br \/>\n200 L drums<br \/>\nPalletizable IBC<br \/>\nINOX tanks on project<br \/>\nInterface with exisisting tanks<br \/>\nArmed lids with suction and recirculation<br \/>\nLevel sensors and agitation system available on request<\/p>\n<p><strong>External tanks agitation<\/strong><br \/>\nBy the recirculation or by a programmable speedimmersion agitator<\/p>\n<p><strong>Scale<\/strong><br \/>\nAccording to the need of capacity and precision<br \/>\nPossibility of multiple scales installations to optimize the precision on different ranges (35-600-1.500-3.000 Kg).<br \/>\nAvailable both in standard and ATEX version<\/p>\n<p>&nbsp;<\/p>\n<p>*<em>(data influenced by the viscosity of the products and by the precision of the scale)<\/em><\/p>\n<p>[\/et_pb_text][\/et_pb_column][et_pb_column type=&#8220;1_2&#8243;][\/et_pb_column][\/et_pb_row][\/et_pb_section]<\/p>\n","protected":false},"excerpt":{"rendered":"<p>CTM &#8211; Smart TECHNICAL FEATURES HERO entwickelt und realisiert Fabrikanlagen zur Dosierung und Mischung, sowohl in Dosen- als auch in Losfertigung, je nach dem Bedarf ihrer Kunden, um den Bed\u00fcrfnissen von kleinen und mittleren Produktionen entgegenzukommen. PLUS \u2022 sequenzielle gravimetrische Dosierung mit beweglichem Kopf \u2022 extreme Benutzer\ufb02exibilit\u00e4t \u2022 Dosierung in allen Dosen- oder Losformaten \u2022 [&hellip;]<\/p>\n","protected":false},"author":1,"featured_media":0,"parent":0,"menu_order":0,"comment_status":"closed","ping_status":"closed","template":"","meta":{"_et_pb_use_builder":"on","_et_pb_old_content":"","_et_gb_content_width":"","footnotes":""},"class_list":["post-6402","page","type-page","status-publish","hentry"],"_links":{"self":[{"href":"https:\/\/eu.hero.ca\/de\/wp-json\/wp\/v2\/pages\/6402","targetHints":{"allow":["GET"]}}],"collection":[{"href":"https:\/\/eu.hero.ca\/de\/wp-json\/wp\/v2\/pages"}],"about":[{"href":"https:\/\/eu.hero.ca\/de\/wp-json\/wp\/v2\/types\/page"}],"author":[{"embeddable":true,"href":"https:\/\/eu.hero.ca\/de\/wp-json\/wp\/v2\/users\/1"}],"replies":[{"embeddable":true,"href":"https:\/\/eu.hero.ca\/de\/wp-json\/wp\/v2\/comments?post=6402"}],"version-history":[{"count":0,"href":"https:\/\/eu.hero.ca\/de\/wp-json\/wp\/v2\/pages\/6402\/revisions"}],"wp:attachment":[{"href":"https:\/\/eu.hero.ca\/de\/wp-json\/wp\/v2\/media?parent=6402"}],"curies":[{"name":"wp","href":"https:\/\/api.w.org\/{rel}","templated":true}]}}