
{"id":6411,"date":"2017-11-10T10:16:18","date_gmt":"2017-11-10T10:16:18","guid":{"rendered":"http:\/\/eu.hero.ca\/newton-twin\/"},"modified":"2017-11-10T10:16:19","modified_gmt":"2017-11-10T10:16:19","slug":"newton-twin","status":"publish","type":"page","link":"https:\/\/eu.hero.ca\/de\/newton-twin\/","title":{"rendered":"NEWTON TWIN"},"content":{"rendered":"<p>[et_pb_section bb_built=&#8220;1&#8243; admin_label=&#8220;Sezione&#8220; fullwidth=&#8220;on&#8220; specialty=&#8220;off&#8220;][et_pb_fullwidth_header admin_label=&#8220;Intestazione a Larghezza Piena&#8220; title=&#8220;IN PLANT | CUSTOM&#8220; subhead=&#8220;NETWON TWIN &#8211; Von A bis Z&#8220; background_layout=&#8220;dark&#8220; text_orientation=&#8220;left&#8220; header_fullscreen=&#8220;off&#8220; header_scroll_down=&#8220;off&#8220; background_url=&#8220;https:\/\/eu.hero.ca\/wp-content\/uploads\/2017\/03\/sfondo-low-poly-rosso.jpg&#8220; content_orientation=&#8220;center&#8220; image_orientation=&#8220;center&#8220; custom_button_one=&#8220;off&#8220; button_one_letter_spacing=&#8220;0&#8243; button_one_icon_placement=&#8220;right&#8220; button_one_letter_spacing_hover=&#8220;0&#8243; custom_button_two=&#8220;off&#8220; button_two_letter_spacing=&#8220;0&#8243; button_two_icon_placement=&#8220;right&#8220; button_two_letter_spacing_hover=&#8220;0&#8243; _builder_version=&#8220;3.0.51&#8243; background_image=&#8220;https:\/\/eu.hero.ca\/wp-content\/uploads\/2017\/05\/sfondo-magenta.jpg&#8220; \/][\/et_pb_section][et_pb_section bb_built=&#8220;1&#8243; admin_label=&#8220;section&#8220; transparent_background=&#8220;off&#8220; allow_player_pause=&#8220;off&#8220; inner_shadow=&#8220;off&#8220; parallax=&#8220;off&#8220; parallax_method=&#8220;off&#8220; custom_padding=&#8220;||0px|&#8220; make_fullwidth=&#8220;off&#8220; use_custom_width=&#8220;off&#8220; width_unit=&#8220;on&#8220; make_equal=&#8220;off&#8220; use_custom_gutter=&#8220;off&#8220;][et_pb_row admin_label=&#8220;Riga&#8220; background_position=&#8220;top_left&#8220; background_repeat=&#8220;repeat&#8220; background_size=&#8220;initial&#8220;][et_pb_column type=&#8220;4_4&#8243;][et_pb_text admin_label=&#8220;Testo&#8220; background_layout=&#8220;light&#8220; text_orientation=&#8220;left&#8220; border_style=&#8220;solid&#8220; _builder_version=&#8220;3.0.51&#8243; module_alignment=&#8220;left&#8220;]<\/p>\n<h1>NEWTON TWIN &#8211; Von A bis Z<\/h1>\n<p>[\/et_pb_text][\/et_pb_column][\/et_pb_row][et_pb_row admin_label=&#8220;Riga&#8220; background_position=&#8220;top_left&#8220; background_repeat=&#8220;repeat&#8220; background_size=&#8220;initial&#8220;][et_pb_column type=&#8220;1_2&#8243;][et_pb_image admin_label=&#8220;Immagine&#8220; src=&#8220;https:\/\/eu.hero.ca\/wp-content\/uploads\/2017\/06\/NewtonTWIN.jpg&#8220; show_in_lightbox=&#8220;off&#8220; url_new_window=&#8220;off&#8220; use_overlay=&#8220;off&#8220; sticky=&#8220;off&#8220; align=&#8220;left&#8220; force_fullwidth=&#8220;off&#8220; always_center_on_mobile=&#8220;on&#8220; border_style=&#8220;solid&#8220; _builder_version=&#8220;3.0.51&#8243; animation_style=&#8220;slide&#8220; animation_duration=&#8220;500ms&#8220; animation_intensity_slide=&#8220;10%&#8220; animation_direction=&#8220;left&#8220; \/][\/et_pb_column][et_pb_column type=&#8220;1_2&#8243;][et_pb_text admin_label=&#8220;Testo&#8220; background_layout=&#8220;light&#8220; text_orientation=&#8220;left&#8220; use_border_color=&#8220;off&#8220; border_color=&#8220;#ffffff&#8220; border_style=&#8220;solid&#8220; background_position=&#8220;top_left&#8220; background_repeat=&#8220;repeat&#8220; background_size=&#8220;initial&#8220; module_alignment=&#8220;left&#8220;]<\/p>\n<h3><span class=\"fontstyle0\">TECHNISCHE EIGENSCHAFTEN<\/span><\/h3>\n<p>[\/et_pb_text][et_pb_text admin_label=&#8220;Testo&#8220; background_layout=&#8220;light&#8220; text_orientation=&#8220;left&#8220; border_style=&#8220;solid&#8220; _builder_version=&#8220;3.0.51&#8243; module_alignment=&#8220;left&#8220;]<\/p>\n<p><span class=\"fontstyle0\">HERO entwickelt und realisiert Fabrikanlagen zur Dosierung und Mischung, sowohl in Dosen- als auch in Losfertigung, je nach dem Bedarf ihrer Kunden, um den Bed\u00fcrfnissen von kleinen und mittleren Produktionen entgegenzukommen.<\/span><\/p>\n<p><span class=\"fontstyle0\"><strong>PLUS<\/strong><br \/>\n\u2022 gravimetrische BASI-Dosierung mit feststehendem Kopf<br \/>\n\u2022 Anzahl der konfgurierbaren Farbkreise<br \/>\n\u2022 F\u00c4RBEMITTEL-Dosierung bis 32 Farbkreise<br \/>\n\u2022 Dosenfertigung<br \/>\n\u2022 Gesamtr\u00fccklaufsystem mit Aktuator an der Dosierstelle (HEROPATENT)<br \/>\n\u2022 Einbau in Automatiklinien<\/span><\/p>\n<p>[\/et_pb_text][et_pb_button _builder_version=&#8220;3.0.51&#8243; button_text=&#8220;Download data sheet&#8220; button_url=&#8220;https:\/\/eu.hero.ca\/wp-content\/uploads\/PDF\/TEDESCO\/Newton-twin-TED.pdf&#8220; url_new_window=&#8220;on&#8220; button_alignment=&#8220;left&#8220; background_layout=&#8220;dark&#8220; custom_button=&#8220;off&#8220; button_letter_spacing=&#8220;0&#8243; button_icon_placement=&#8220;right&#8220; button_letter_spacing_hover=&#8220;0&#8243; \/][\/et_pb_column][\/et_pb_row][\/et_pb_section][et_pb_section bb_built=&#8220;1&#8243; fullwidth=&#8220;off&#8220; specialty=&#8220;off&#8220;][et_pb_row admin_label=&#8220;Riga&#8220; make_fullwidth=&#8220;off&#8220; use_custom_width=&#8220;off&#8220; width_unit=&#8220;on&#8220; use_custom_gutter=&#8220;off&#8220; custom_padding=&#8220;0px|||&#8220; allow_player_pause=&#8220;off&#8220; parallax=&#8220;off&#8220; parallax_method=&#8220;on&#8220; make_equal=&#8220;off&#8220; parallax_1=&#8220;off&#8220; parallax_method_1=&#8220;off&#8220; background_position=&#8220;top_left&#8220; background_repeat=&#8220;repeat&#8220; background_size=&#8220;initial&#8220;][et_pb_column type=&#8220;4_4&#8243;][et_pb_text _builder_version=&#8220;3.0.74&#8243; background_layout=&#8220;light&#8220; border_style=&#8220;solid&#8220; module_alignment=&#8220;left&#8220;]<br \/>\nUm unser Portfolio zu vervollst\u00e4ndigen, konstruieren und fertigen wir \u201eIn-Plant\u201c-Systeme f\u00fcr In-Can- und In-Batch-Dosierung und -Mischung.<\/p>\n<p>Dank unserer Flexibilit\u00e4t sind wir in der Lage, die Bed\u00fcrfnisse unserer Kunden zu erf\u00fcllen und bieten auch\u00a0 f\u00fcr kleine und mittlere Produktionen kundenspezifische L\u00f6sungen an.<\/p>\n<p>In diesem Abschnitt finden Sie einige Detailfotos unserer, in der ganzen Welt realisierten, Anlagen.<br \/>\n[\/et_pb_text][et_pb_gallery admin_label=&#8220;Galleria&#8220; gallery_ids=&#8220;4803,4804,4806,4805,3969,4932,4933,4934&#8243; fullwidth=&#8220;off&#8220; orientation=&#8220;landscape&#8220; show_title_and_caption=&#8220;off&#8220; show_pagination=&#8220;on&#8220; background_layout=&#8220;light&#8220; hover_overlay_color=&#8220;rgba(255,255,255,0.9)&#8220; border_style=&#8220;solid&#8220; _builder_version=&#8220;3.0.76&#8243; zoom_icon_color=&#8220;#545454&#8243; posts_number=&#8220;12&#8243; pagination_font_size_tablet=&#8220;51&#8243; pagination_line_height_tablet=&#8220;2&#8243; \/][\/et_pb_column][\/et_pb_row][\/et_pb_section][et_pb_section bb_built=&#8220;1&#8243; admin_label=&#8220;Sezione&#8220; fullwidth=&#8220;off&#8220; specialty=&#8220;off&#8220; transparent_background=&#8220;off&#8220; background_color=&#8220;#e0e0e0&#8243; allow_player_pause=&#8220;off&#8220; inner_shadow=&#8220;off&#8220; parallax=&#8220;off&#8220; parallax_method=&#8220;off&#8220; custom_padding=&#8220;0px|||&#8220; make_fullwidth=&#8220;off&#8220; use_custom_width=&#8220;off&#8220; width_unit=&#8220;on&#8220; make_equal=&#8220;off&#8220; use_custom_gutter=&#8220;off&#8220;][et_pb_row admin_label=&#8220;Riga&#8220; make_fullwidth=&#8220;off&#8220; use_custom_width=&#8220;off&#8220; width_unit=&#8220;on&#8220; use_custom_gutter=&#8220;off&#8220; allow_player_pause=&#8220;off&#8220; parallax=&#8220;off&#8220; parallax_method=&#8220;off&#8220; make_equal=&#8220;off&#8220; parallax_1=&#8220;off&#8220; parallax_method_1=&#8220;off&#8220; gutter_width=&#8220;0&#8243; parallax_2=&#8220;off&#8220; parallax_method_2=&#8220;off&#8220; background_position=&#8220;top_left&#8220; background_repeat=&#8220;repeat&#8220; background_size=&#8220;initial&#8220;][et_pb_column type=&#8220;1_2&#8243;][et_pb_text admin_label=&#8220;Testo&#8220; background_layout=&#8220;light&#8220; text_orientation=&#8220;left&#8220; border_style=&#8220;solid&#8220; custom_padding=&#8220;|||5px&#8220; _builder_version=&#8220;3.0.51&#8243; module_alignment=&#8220;left&#8220;]<\/p>\n<h2><span class=\"fontstyle0\">TECHNISCHE EIGENSCHAFTEN<\/span><\/h2>\n<p><strong><span class=\"fontstyle0\">Dosierung<\/span><br \/>\n<\/strong> <span class=\"fontstyle0\">Gravimetrisch sequentiell<\/span><\/p>\n<p><strong><span class=\"fontstyle0\">Anzahl der Schaltungen<\/span><br \/>\n<\/strong> <span class=\"fontstyle0\">12 (personalisierbar auf spezielle Anfrage)<\/span><\/p>\n<p><strong><span class=\"fontstyle0\">Durch\ufb02ussmenge<\/span><br \/>\n<\/strong> <span class=\"fontstyle0\">10 lt\/min (mit Ventilen von 1\/2&#8243; und Membranpumpen von 1&#8243;) <\/span>(*)<\/p>\n<p><strong><span class=\"fontstyle0\">Pr\u00e4zision<\/span><br \/>\n<\/strong> <span class=\"fontstyle0\">\u00b12 g (*) (h\u00f6here Pr\u00e4zision auf spezielle Anfrage)<\/span><\/p>\n<p><strong><span class=\"fontstyle0\">Dosierkopf<\/span><br \/>\n<\/strong> <span class=\"fontstyle0\">Fester Kopf mit Ventilbefestigung mit 3 G\u00e4ngen und kompletter Rezirkulation (Patent HERO)<\/span><\/p>\n<p><strong><span class=\"fontstyle0\">Pumpen<\/span><br \/>\n<\/strong> <span class=\"fontstyle0\">Pneumatische Pumpe mit Doppelmembran<br \/>\nElektrische Pumpe mit Doppelmembran<br \/>\nElektrische Exzenterschneckenpumpe<br \/>\nElektrische Zahnrahdpumpen<\/span><\/p>\n<p><strong><span class=\"fontstyle0\">Minimale Eimerh\u00f6he<\/span><br \/>\n<\/strong>70 mm<\/p>\n<p><strong><span class=\"fontstyle0\">Maximale Eimerh\u00f6he<\/span><br \/>\n<\/strong>620 mm<\/p>\n<p><strong><span class=\"fontstyle0\">Lagerung<\/span><br \/>\n<\/strong> <span class=\"fontstyle0\">200 lt-Fass.<br \/>\nIBC palettierbar.<br \/>\nTanks in Edelstahl, nach Zeichnung.<br \/>\nSchnittstelle mit bestehenden Tanks.<br \/>\nDeckel mit Absaug-und Rezirkulationsbefestigungen.<br \/>\nAuf Anfrage: F\u00fcllsensoren und Mischsystem<\/span><\/p>\n<p><strong><span class=\"fontstyle0\">R\u00fchren der Tanks<\/span><br \/>\n<\/strong> <span class=\"fontstyle0\">Durch die Rezirkulation oder durch R\u00fchrwerk mit programmierbarer Geschwindigkeit<\/span><br \/>\n*<em>( <span class=\"fontstyle0\">die Werte h\u00e4ngen von der Z\u00e4h\ufb02\u00fcssigkeitder Produkte und der Pr\u00e4zision der Waage ab<\/span>)<\/em><\/p>\n<p><em> <span class=\"fontstyle0\">Die Newton Twin wird durch die Zuordnung des Twin-Moduls mit einer Mischmaschine der Newton-Familie (A950-A850) komplettiert (siehe technische Tabellen A950-A850)<\/span><br \/>\n<\/em><\/p>\n<p>[\/et_pb_text][\/et_pb_column][et_pb_column type=&#8220;1_2&#8243;][\/et_pb_column][\/et_pb_row][\/et_pb_section]<\/p>\n","protected":false},"excerpt":{"rendered":"<p>NEWTON TWIN &#8211; Von A bis Z TECHNISCHE EIGENSCHAFTEN HERO entwickelt und realisiert Fabrikanlagen zur Dosierung und Mischung, sowohl in Dosen- als auch in Losfertigung, je nach dem Bedarf ihrer Kunden, um den Bed\u00fcrfnissen von kleinen und mittleren Produktionen entgegenzukommen. PLUS \u2022 gravimetrische BASI-Dosierung mit feststehendem Kopf \u2022 Anzahl der konfgurierbaren Farbkreise \u2022 F\u00c4RBEMITTEL-Dosierung bis [&hellip;]<\/p>\n","protected":false},"author":1,"featured_media":0,"parent":0,"menu_order":0,"comment_status":"closed","ping_status":"closed","template":"","meta":{"_et_pb_use_builder":"on","_et_pb_old_content":"","_et_gb_content_width":"","footnotes":""},"class_list":["post-6411","page","type-page","status-publish","hentry"],"_links":{"self":[{"href":"https:\/\/eu.hero.ca\/de\/wp-json\/wp\/v2\/pages\/6411","targetHints":{"allow":["GET"]}}],"collection":[{"href":"https:\/\/eu.hero.ca\/de\/wp-json\/wp\/v2\/pages"}],"about":[{"href":"https:\/\/eu.hero.ca\/de\/wp-json\/wp\/v2\/types\/page"}],"author":[{"embeddable":true,"href":"https:\/\/eu.hero.ca\/de\/wp-json\/wp\/v2\/users\/1"}],"replies":[{"embeddable":true,"href":"https:\/\/eu.hero.ca\/de\/wp-json\/wp\/v2\/comments?post=6411"}],"version-history":[{"count":0,"href":"https:\/\/eu.hero.ca\/de\/wp-json\/wp\/v2\/pages\/6411\/revisions"}],"wp:attachment":[{"href":"https:\/\/eu.hero.ca\/de\/wp-json\/wp\/v2\/media?parent=6411"}],"curies":[{"name":"wp","href":"https:\/\/api.w.org\/{rel}","templated":true}]}}