
{"id":6419,"date":"2017-11-10T10:22:49","date_gmt":"2017-11-10T10:22:49","guid":{"rendered":"http:\/\/eu.hero.ca\/anwendungen\/"},"modified":"2017-11-10T11:17:42","modified_gmt":"2017-11-10T11:17:42","slug":"anwendungen","status":"publish","type":"page","link":"https:\/\/eu.hero.ca\/de\/anwendungen\/","title":{"rendered":"ANWENDUNGEN"},"content":{"rendered":"<p>[et_pb_section bb_built=&#8220;1&#8243; admin_label=&#8220;Section&#8220; fullwidth=&#8220;on&#8220; specialty=&#8220;off&#8220; _builder_version=&#8220;3.0.51&#8243; global_module=&#8220;4602&#8243;][et_pb_fullwidth_image admin_label=&#8220;Banda intestazione&#8220; global_parent=&#8220;4602&#8243; _builder_version=&#8220;3.0.51&#8243; src=&#8220;https:\/\/eu.hero.ca\/wp-content\/uploads\/2017\/03\/colors_slim.jpg&#8220; show_in_lightbox=&#8220;off&#8220; url_new_window=&#8220;off&#8220; use_overlay=&#8220;off&#8220; border_style=&#8220;solid&#8220; animation=&#8220;left&#8220; \/][\/et_pb_section][et_pb_section bb_built=&#8220;1&#8243; admin_label=&#8220;Sezione&#8220; fullwidth=&#8220;on&#8220; specialty=&#8220;off&#8220;][et_pb_fullwidth_header admin_label=&#8220;Intestazione a Larghezza Piena&#8220; title=&#8220;ANWENDUNGEN&#8220; background_layout=&#8220;dark&#8220; text_orientation=&#8220;center&#8220; header_fullscreen=&#8220;off&#8220; header_scroll_down=&#8220;off&#8220; background_url=&#8220;https:\/\/eu.hero.ca\/wp-content\/uploads\/2017\/03\/TARGET.jpg&#8220; background_overlay_color=&#8220;rgba(0,0,0,0.68)&#8220; parallax=&#8220;off&#8220; parallax_method=&#8220;off&#8220; content_orientation=&#8220;center&#8220; image_orientation=&#8220;center&#8220; custom_button_one=&#8220;off&#8220; button_one_letter_spacing=&#8220;0&#8243; button_one_use_icon=&#8220;default&#8220; button_one_icon_placement=&#8220;right&#8220; button_one_on_hover=&#8220;on&#8220; button_one_letter_spacing_hover=&#8220;0&#8243; custom_button_two=&#8220;off&#8220; button_two_letter_spacing=&#8220;0&#8243; button_two_use_icon=&#8220;default&#8220; button_two_icon_placement=&#8220;right&#8220; button_two_on_hover=&#8220;on&#8220; button_two_letter_spacing_hover=&#8220;0&#8243; background_image=&#8220;https:\/\/eu.hero.ca\/wp-content\/uploads\/2017\/03\/TARGET.jpg&#8220; \/][\/et_pb_section][et_pb_section bb_built=&#8220;1&#8243; admin_label=&#8220;section&#8220;][et_pb_row admin_label=&#8220;row&#8220; background_position=&#8220;top_left&#8220; background_repeat=&#8220;repeat&#8220; background_size=&#8220;initial&#8220; _builder_version=&#8220;3.0.51&#8243;][et_pb_column type=&#8220;1_3&#8243;][et_pb_image admin_label=&#8220;Immagine&#8220; src=&#8220;https:\/\/eu.hero.ca\/wp-content\/uploads\/2017\/03\/TARGET-e1494520296623.jpg&#8220; show_in_lightbox=&#8220;off&#8220; url_new_window=&#8220;off&#8220; use_overlay=&#8220;off&#8220; animation=&#8220;left&#8220; sticky=&#8220;off&#8220; align=&#8220;left&#8220; force_fullwidth=&#8220;off&#8220; always_center_on_mobile=&#8220;on&#8220; use_border_color=&#8220;off&#8220; border_color=&#8220;#ffffff&#8220; border_style=&#8220;solid&#8220; \/][\/et_pb_column][et_pb_column type=&#8220;2_3&#8243;][et_pb_text admin_label=&#8220;Title&#8220; background_layout=&#8220;light&#8220; text_orientation=&#8220;left&#8220; use_border_color=&#8220;off&#8220; border_color=&#8220;#ffffff&#8220; border_style=&#8220;solid&#8220; background_position=&#8220;top_left&#8220; background_repeat=&#8220;repeat&#8220; background_size=&#8220;initial&#8220;]<\/p>\n<h1>UNSER ANWENDUNGSBEREICH<\/h1>\n<p>[\/et_pb_text][et_pb_text admin_label=&#8220;Testo&#8220; background_layout=&#8220;light&#8220; text_orientation=&#8220;left&#8220; use_border_color=&#8220;off&#8220; border_color=&#8220;#ffffff&#8220; border_style=&#8220;solid&#8220; background_position=&#8220;top_left&#8220; background_repeat=&#8220;repeat&#8220; background_size=&#8220;initial&#8220;]<\/p>\n<p>HERO ist, mit seinen mehr als 1.200 Kunden weltweit dazu in der Lage, Innovation und Zuverl\u00e4ssigkeit bei der Lieferung von L\u00f6sungen f\u00fcr Dosier- und Mischanlagen Mischmaschinen in zahlreichen Sektoren anzubieten.<\/p>\n<p>[\/et_pb_text][et_pb_text admin_label=&#8220;Testo&#8220; background_layout=&#8220;light&#8220; text_orientation=&#8220;left&#8220; border_style=&#8220;solid&#8220; background_position=&#8220;top_left&#8220; background_repeat=&#8220;repeat&#8220; background_size=&#8220;initial&#8220; _builder_version=&#8220;3.0.51&#8243; text_line_height=&#8220;2.8em&#8220; text_font_size=&#8220;21&#8243;]<\/p>\n<p><strong>&#8211; <span class=\"fontstyle0\">ANSTRICHE, LACKE UND FARBEN<\/span> <\/strong><\/p>\n<p><strong>&#8211; <span class=\"fontstyle0\">FARBT\u00d6NE<\/span><br \/>\n<\/strong><\/p>\n<p><strong>&#8211; <span class=\"fontstyle0\">CHEMISCHE VERBINDUNGEN ZUR BEHANDLUNG VON LEDER<\/span><br \/>\n<\/strong><\/p>\n<p><strong>&#8211; <span class=\"fontstyle0\">HARZE F\u00dcR FUSSB\u00d6DEN UND SPEZIALANWENDUNGEN<\/span><br \/>\n<\/strong><\/p>\n<p><strong>&#8211; <span class=\"fontstyle0\">FAHRZEUGINDUSTRIE<\/span><br \/>\n<\/strong><\/p>\n<p><strong>&#8211; <span class=\"fontstyle0\">HOLZIMPR\u00c4GNIERMITTEL<\/span><\/strong><\/p>\n<p>&nbsp;<\/p>\n<p>[\/et_pb_text][\/et_pb_column][\/et_pb_row][\/et_pb_section]<\/p>\n","protected":false},"excerpt":{"rendered":"<p>UNSER ANWENDUNGSBEREICH HERO ist, mit seinen mehr als 1.200 Kunden weltweit dazu in der Lage, Innovation und Zuverl\u00e4ssigkeit bei der Lieferung von L\u00f6sungen f\u00fcr Dosier- und Mischanlagen Mischmaschinen in zahlreichen Sektoren anzubieten. &#8211; ANSTRICHE, LACKE UND FARBEN &#8211; FARBT\u00d6NE &#8211; CHEMISCHE VERBINDUNGEN ZUR BEHANDLUNG VON LEDER &#8211; HARZE F\u00dcR FUSSB\u00d6DEN UND SPEZIALANWENDUNGEN &#8211; FAHRZEUGINDUSTRIE &#8211; [&hellip;]<\/p>\n","protected":false},"author":1,"featured_media":0,"parent":0,"menu_order":0,"comment_status":"closed","ping_status":"closed","template":"","meta":{"_et_pb_use_builder":"on","_et_pb_old_content":"","_et_gb_content_width":"","footnotes":""},"class_list":["post-6419","page","type-page","status-publish","hentry"],"_links":{"self":[{"href":"https:\/\/eu.hero.ca\/de\/wp-json\/wp\/v2\/pages\/6419","targetHints":{"allow":["GET"]}}],"collection":[{"href":"https:\/\/eu.hero.ca\/de\/wp-json\/wp\/v2\/pages"}],"about":[{"href":"https:\/\/eu.hero.ca\/de\/wp-json\/wp\/v2\/types\/page"}],"author":[{"embeddable":true,"href":"https:\/\/eu.hero.ca\/de\/wp-json\/wp\/v2\/users\/1"}],"replies":[{"embeddable":true,"href":"https:\/\/eu.hero.ca\/de\/wp-json\/wp\/v2\/comments?post=6419"}],"version-history":[{"count":0,"href":"https:\/\/eu.hero.ca\/de\/wp-json\/wp\/v2\/pages\/6419\/revisions"}],"wp:attachment":[{"href":"https:\/\/eu.hero.ca\/de\/wp-json\/wp\/v2\/media?parent=6419"}],"curies":[{"name":"wp","href":"https:\/\/api.w.org\/{rel}","templated":true}]}}