
{"id":6437,"date":"2017-11-10T10:37:56","date_gmt":"2017-11-10T10:37:56","guid":{"rendered":"http:\/\/eu.hero.ca\/technologie-innovation\/"},"modified":"2017-11-10T10:37:57","modified_gmt":"2017-11-10T10:37:57","slug":"technologie-innovation","status":"publish","type":"page","link":"https:\/\/eu.hero.ca\/de\/technologie-innovation\/","title":{"rendered":"TECHNOLOGIE INNOVATION"},"content":{"rendered":"<p>[et_pb_section bb_built=&#8220;1&#8243; fullwidth=&#8220;on&#8220; specialty=&#8220;off&#8220; _builder_version=&#8220;3.0.51&#8243; global_module=&#8220;4602&#8243;][et_pb_fullwidth_image admin_label=&#8220;Banda intestazione&#8220; global_parent=&#8220;4602&#8243; _builder_version=&#8220;3.0.51&#8243; src=&#8220;https:\/\/eu.hero.ca\/wp-content\/uploads\/2017\/03\/colors_slim.jpg&#8220; show_in_lightbox=&#8220;off&#8220; url_new_window=&#8220;off&#8220; use_overlay=&#8220;off&#8220; border_style=&#8220;solid&#8220; animation=&#8220;left&#8220; \/][\/et_pb_section][et_pb_section bb_built=&#8220;1&#8243; admin_label=&#8220;Sezione&#8220; fullwidth=&#8220;on&#8220; specialty=&#8220;off&#8220;][et_pb_fullwidth_header admin_label=&#8220;Intestazione a Larghezza Piena&#8220; title=&#8220;TECHNOLOGIE INNOVATION&#8220; background_layout=&#8220;dark&#8220; text_orientation=&#8220;center&#8220; header_fullscreen=&#8220;off&#8220; header_scroll_down=&#8220;off&#8220; background_url=&#8220;https:\/\/eu.hero.ca\/wp-content\/uploads\/2017\/02\/NIK_2073.jpg&#8220; background_overlay_color=&#8220;rgba(38,38,38,0.81)&#8220; parallax=&#8220;off&#8220; parallax_method=&#8220;off&#8220; content_orientation=&#8220;center&#8220; image_orientation=&#8220;center&#8220; custom_button_one=&#8220;off&#8220; button_one_letter_spacing=&#8220;0&#8243; button_one_use_icon=&#8220;default&#8220; button_one_icon_placement=&#8220;right&#8220; button_one_on_hover=&#8220;on&#8220; button_one_letter_spacing_hover=&#8220;0&#8243; custom_button_two=&#8220;off&#8220; button_two_letter_spacing=&#8220;0&#8243; button_two_use_icon=&#8220;default&#8220; button_two_icon_placement=&#8220;right&#8220; button_two_on_hover=&#8220;on&#8220; button_two_letter_spacing_hover=&#8220;0&#8243; background_image=&#8220;https:\/\/eu.hero.ca\/wp-content\/uploads\/2017\/02\/NIK_2073.jpg&#8220; animation_style=&#8220;slide&#8220; animation_duration=&#8220;500ms&#8220; animation_intensity_slide=&#8220;10%&#8220; animation_direction=&#8220;left&#8220; \/][\/et_pb_section][et_pb_section bb_built=&#8220;1&#8243; admin_label=&#8220;section&#8220; inner_shadow=&#8220;off&#8220; parallax=&#8220;off&#8220;][et_pb_row admin_label=&#8220;row&#8220; background_position=&#8220;top_left&#8220; background_repeat=&#8220;repeat&#8220; background_size=&#8220;initial&#8220;][et_pb_column type=&#8220;1_2&#8243;][et_pb_image admin_label=&#8220;Immagine&#8220; src=&#8220;https:\/\/eu.hero.ca\/wp-content\/uploads\/2017\/02\/pcp_hero.jpg&#8220; show_in_lightbox=&#8220;off&#8220; url_new_window=&#8220;off&#8220; use_overlay=&#8220;off&#8220; animation=&#8220;left&#8220; sticky=&#8220;off&#8220; align=&#8220;left&#8220; force_fullwidth=&#8220;off&#8220; always_center_on_mobile=&#8220;on&#8220; use_border_color=&#8220;off&#8220; border_color=&#8220;#ffffff&#8220; border_style=&#8220;solid&#8220; animation_direction=&#8220;left&#8220; \/][\/et_pb_column][et_pb_column type=&#8220;1_2&#8243;][et_pb_text admin_label=&#8220;Testo&#8220; background_layout=&#8220;light&#8220; text_orientation=&#8220;left&#8220; use_border_color=&#8220;off&#8220; border_color=&#8220;#ffffff&#8220; border_style=&#8220;solid&#8220; background_position=&#8220;top_left&#8220; background_repeat=&#8220;repeat&#8220; background_size=&#8220;initial&#8220; module_alignment=&#8220;left&#8220;]<\/p>\n<h1>EXZENTERSCHNECKENPUMPEN<\/h1>\n<p>HERO wird der Verdienst zugeschrieben, dem Markt die Dosiertechnologie mit Exzenterschneckenpumpen (PCP) verf\u00fcgbar gemacht zu haben, die als eine der besten Technologien gilt, die derzeit in diesem Bereich besteht.<\/p>\n<p>Die Exzenterschneckenpumpen (PCP) erweisen sich bei der Behandlung von Fl\u00fcssigkeiten mit den typischen kritischen Punkten der F\u00e4rbemittel in Paste f\u00fcr Farben und Lacke, auch unter den h\u00e4rtesten Arbeitsbedingungen, als besonders pr\u00e4zise und zuverl\u00e4ssig.<\/p>\n<p>Das Funktionsprinzip gestattet die Vereinfachung des Dosierkreises, indem er auf eine einzige Komponente reduziert wird, welche die Doppelfunktion von Pumpe (Umkehrpumpe) und Ventil aus\u00fcbt.<\/p>\n<p>[\/et_pb_text][\/et_pb_column][\/et_pb_row][et_pb_row admin_label=&#8220;Riga&#8220; background_position=&#8220;top_left&#8220; background_repeat=&#8220;repeat&#8220; background_size=&#8220;initial&#8220;][et_pb_column type=&#8220;1_2&#8243;][et_pb_image admin_label=&#8220;Immagine&#8220; src=&#8220;https:\/\/eu.hero.ca\/wp-content\/uploads\/2017\/02\/tintwise_hero.jpg&#8220; show_in_lightbox=&#8220;off&#8220; url_new_window=&#8220;off&#8220; use_overlay=&#8220;off&#8220; animation=&#8220;left&#8220; sticky=&#8220;off&#8220; align=&#8220;left&#8220; force_fullwidth=&#8220;off&#8220; always_center_on_mobile=&#8220;on&#8220; use_border_color=&#8220;off&#8220; border_color=&#8220;#ffffff&#8220; border_style=&#8220;solid&#8220; animation_direction=&#8220;left&#8220; \/][\/et_pb_column][et_pb_column type=&#8220;1_2&#8243;][et_pb_text admin_label=&#8220;Testo&#8220; background_layout=&#8220;light&#8220; text_orientation=&#8220;left&#8220; border_style=&#8220;solid&#8220; background_position=&#8220;top_left&#8220; background_repeat=&#8220;repeat&#8220; background_size=&#8220;initial&#8220; _builder_version=&#8220;3.0.51&#8243; module_alignment=&#8220;left&#8220;]<\/p>\n<h2>SOFTWARE<\/h2>\n<p>HERO hat TintWise\u2122 entwickelt, das sowohl als Kontrollprogramm als auch als Maschinensteuerung fungiert, wobei es sich um eine der besten POS-Software-Programme handelt, was die Benutzerfreundlichkeit (userfriendly) betrifft.<\/p>\n<p>Es wurde intern entwickelt und bietet die komplette Verwaltung der Farbmischerstatistiken des Farbmessers sowie eine einfache Verwaltung der Datenbanken und der Formelaktualisierungen.<\/p>\n<p>Dar\u00fcber hinaus bietet sie die M\u00f6glichkeit, mit den meisten Softwareprogrammen zur Farbmessung, der Datenbank zur Formelverwaltung und der Steuersoftware f\u00fcr die auf dem Markt erh\u00e4ltlichen Farbmesser, verkn\u00fcpft zu werden.<\/p>\n<p>[\/et_pb_text][\/et_pb_column][\/et_pb_row][et_pb_row admin_label=&#8220;Riga&#8220; background_position=&#8220;top_left&#8220; background_repeat=&#8220;repeat&#8220; background_size=&#8220;initial&#8220;][et_pb_column type=&#8220;1_2&#8243;][et_pb_image admin_label=&#8220;Immagine&#8220; src=&#8220;https:\/\/eu.hero.ca\/wp-content\/uploads\/2017\/02\/tco.jpg&#8220; show_in_lightbox=&#8220;off&#8220; url_new_window=&#8220;off&#8220; use_overlay=&#8220;off&#8220; animation=&#8220;left&#8220; sticky=&#8220;off&#8220; align=&#8220;left&#8220; force_fullwidth=&#8220;off&#8220; always_center_on_mobile=&#8220;on&#8220; border_style=&#8220;solid&#8220; animation_direction=&#8220;left&#8220; _builder_version=&#8220;3.0.74&#8243; show_bottom_space=&#8220;on&#8220; \/][\/et_pb_column][et_pb_column type=&#8220;1_2&#8243;][et_pb_divider admin_label=&#8220;Modulo Separatore&#8220; color=&#8220;#ffffff&#8220; show_divider=&#8220;off&#8220; height=&#8220;4&#8243; divider_style=&#8220;solid&#8220; divider_position=&#8220;top&#8220; hide_on_mobile=&#8220;on&#8220; disabled_on=&#8220;on&#8220; \/][et_pb_text admin_label=&#8220;Testo&#8220; background_layout=&#8220;light&#8220; text_orientation=&#8220;left&#8220; use_border_color=&#8220;off&#8220; border_color=&#8220;#ffffff&#8220; border_style=&#8220;solid&#8220; background_position=&#8220;top_left&#8220; background_repeat=&#8220;repeat&#8220; background_size=&#8220;initial&#8220; module_alignment=&#8220;left&#8220;]<\/p>\n<h2>TOTAL COST OF OWNERSHIP (TCO)<\/h2>\n<p>HERO war das erste Unternehmen auf dem Markt, das eine L\u00f6sung anbietet, n\u00e4mlich einen Wartungsservice, der im Maschinenpreis enthalten ist.<\/p>\n<p>Diese Technologie befindet sich in st\u00e4ndiger Evolution und gew\u00e4hrleistet ein optimales Ma\u00df an Zuverl\u00e4ssigkeit, Wiederholbarkeit und Pr\u00e4zision.<\/p>\n<p>Dank der Exzenterschneckenpumpen (PCP) erweist sich eine regelm\u00e4\u00dfige Rekalibrierung der Kreise als nicht mehr n\u00f6tig.<\/p>\n<p>[\/et_pb_text][\/et_pb_column][\/et_pb_row][\/et_pb_section]<\/p>\n","protected":false},"excerpt":{"rendered":"<p>EXZENTERSCHNECKENPUMPEN HERO wird der Verdienst zugeschrieben, dem Markt die Dosiertechnologie mit Exzenterschneckenpumpen (PCP) verf\u00fcgbar gemacht zu haben, die als eine der besten Technologien gilt, die derzeit in diesem Bereich besteht. Die Exzenterschneckenpumpen (PCP) erweisen sich bei der Behandlung von Fl\u00fcssigkeiten mit den typischen kritischen Punkten der F\u00e4rbemittel in Paste f\u00fcr Farben und Lacke, auch unter [&hellip;]<\/p>\n","protected":false},"author":1,"featured_media":0,"parent":0,"menu_order":0,"comment_status":"closed","ping_status":"closed","template":"","meta":{"_et_pb_use_builder":"on","_et_pb_old_content":"","_et_gb_content_width":"","footnotes":""},"class_list":["post-6437","page","type-page","status-publish","hentry"],"_links":{"self":[{"href":"https:\/\/eu.hero.ca\/de\/wp-json\/wp\/v2\/pages\/6437","targetHints":{"allow":["GET"]}}],"collection":[{"href":"https:\/\/eu.hero.ca\/de\/wp-json\/wp\/v2\/pages"}],"about":[{"href":"https:\/\/eu.hero.ca\/de\/wp-json\/wp\/v2\/types\/page"}],"author":[{"embeddable":true,"href":"https:\/\/eu.hero.ca\/de\/wp-json\/wp\/v2\/users\/1"}],"replies":[{"embeddable":true,"href":"https:\/\/eu.hero.ca\/de\/wp-json\/wp\/v2\/comments?post=6437"}],"version-history":[{"count":0,"href":"https:\/\/eu.hero.ca\/de\/wp-json\/wp\/v2\/pages\/6437\/revisions"}],"wp:attachment":[{"href":"https:\/\/eu.hero.ca\/de\/wp-json\/wp\/v2\/media?parent=6437"}],"curies":[{"name":"wp","href":"https:\/\/api.w.org\/{rel}","templated":true}]}}