
{"id":7829,"date":"2021-05-11T13:48:57","date_gmt":"2021-05-11T13:48:57","guid":{"rendered":"https:\/\/eu.hero.ca\/?page_id=7829"},"modified":"2021-10-26T10:33:36","modified_gmt":"2021-10-26T10:33:36","slug":"xf200","status":"publish","type":"page","link":"https:\/\/eu.hero.ca\/de\/xf200\/","title":{"rendered":"XF200"},"content":{"rendered":"<p>[et_pb_section fb_built=&#8220;1&#8243; fullwidth=&#8220;on&#8220; admin_label=&#8220;Sezione&#8220; _builder_version=&#8220;3.22&#8243;][et_pb_fullwidth_header title=&#8220;FAMILIE FARBPULVERDOSIERER&#8220; subhead=&#8220;XF200&#8243; content_max_width=&#8220;none&#8220; admin_label=&#8220;Intestazione a Larghezza Piena&#8220; _builder_version=&#8220;4.9.0&#8243; background_color=&#8220;rgba(255, 255, 255, 0)&#8220; background_image=&#8220;https:\/\/eu.hero.ca\/wp-content\/uploads\/2017\/05\/sfondo-acqua.jpg&#8220; background_url=&#8220;https:\/\/eu.hero.ca\/wp-content\/uploads\/2017\/03\/sfondo-low-poly-rosso.jpg&#8220; button_one_letter_spacing_hover=&#8220;0&#8243; button_two_letter_spacing_hover=&#8220;0&#8243; button_one_text_size__hover_enabled=&#8220;off&#8220; button_two_text_size__hover_enabled=&#8220;off&#8220; button_one_text_color__hover_enabled=&#8220;off&#8220; button_two_text_color__hover_enabled=&#8220;off&#8220; button_one_border_width__hover_enabled=&#8220;off&#8220; button_two_border_width__hover_enabled=&#8220;off&#8220; button_one_border_color__hover_enabled=&#8220;off&#8220; button_two_border_color__hover_enabled=&#8220;off&#8220; button_one_border_radius__hover_enabled=&#8220;off&#8220; button_two_border_radius__hover_enabled=&#8220;off&#8220; button_one_letter_spacing__hover_enabled=&#8220;on&#8220; button_one_letter_spacing__hover=&#8220;0&#8243; button_two_letter_spacing__hover_enabled=&#8220;on&#8220; button_two_letter_spacing__hover=&#8220;0&#8243; button_one_bg_color__hover_enabled=&#8220;off&#8220; button_two_bg_color__hover_enabled=&#8220;off&#8220;][\/et_pb_fullwidth_header][\/et_pb_section][et_pb_section fb_built=&#8220;1&#8243; _builder_version=&#8220;4.9.0&#8243; _module_preset=&#8220;default&#8220;][et_pb_row _builder_version=&#8220;4.9.0&#8243; _module_preset=&#8220;default&#8220;][et_pb_column type=&#8220;4_4&#8243; _builder_version=&#8220;4.9.0&#8243; _module_preset=&#8220;default&#8220;][et_pb_video src=&#8220;https:\/\/eu.hero.ca\/wp-content\/uploads\/2021\/05\/XF200-HERO-presentation-1.mp4&#8243; image_src=&#8220;https:\/\/eu.hero.ca\/wp-content\/uploads\/2021\/05\/xf200.jpg&#8220; _builder_version=&#8220;4.9.0&#8243; _module_preset=&#8220;default&#8220;][\/et_pb_video][\/et_pb_column][\/et_pb_row][\/et_pb_section][et_pb_section fb_built=&#8220;1&#8243; admin_label=&#8220;section&#8220; _builder_version=&#8220;3.22&#8243; custom_padding=&#8220;||0px|&#8220; transparent_background=&#8220;off&#8220; make_fullwidth=&#8220;off&#8220; use_custom_width=&#8220;off&#8220; width_unit=&#8220;on&#8220;][et_pb_row admin_label=&#8220;Riga&#8220; _builder_version=&#8220;3.25&#8243; background_size=&#8220;initial&#8220; background_position=&#8220;top_left&#8220; background_repeat=&#8220;repeat&#8220;][et_pb_column type=&#8220;4_4&#8243; _builder_version=&#8220;3.25&#8243; custom_padding=&#8220;|||&#8220; custom_padding__hover=&#8220;|||&#8220;][et_pb_text admin_label=&#8220;Testo&#8220; _builder_version=&#8220;4.9.0&#8243; module_alignment=&#8220;left&#8220; border_style=&#8220;solid&#8220;]<\/p>\n<h1>XF200<\/h1>\n<p>[\/et_pb_text][\/et_pb_column][\/et_pb_row][et_pb_row column_structure=&#8220;1_2,1_2&#8243; admin_label=&#8220;Riga&#8220; _builder_version=&#8220;3.25&#8243; background_size=&#8220;initial&#8220; background_position=&#8220;top_left&#8220; background_repeat=&#8220;repeat&#8220;][et_pb_column type=&#8220;1_2&#8243; _builder_version=&#8220;3.25&#8243; custom_padding=&#8220;|||&#8220; custom_padding__hover=&#8220;|||&#8220;][et_pb_image src=&#8220;https:\/\/eu.hero.ca\/wp-content\/uploads\/2021\/05\/XF200_1.jpg&#8220; title_text=&#8220;XF200_1&#8243; align_tablet=&#8220;center&#8220; align_phone=&#8220;&#8220; align_last_edited=&#8220;on|desktop&#8220; admin_label=&#8220;Immagine&#8220; _builder_version=&#8220;4.9.0&#8243; animation_style=&#8220;slide&#8220; animation_direction=&#8220;left&#8220; animation_duration=&#8220;500ms&#8220; animation_intensity_slide=&#8220;10%&#8220; border_style=&#8220;solid&#8220; sticky=&#8220;off&#8220; always_center_on_mobile=&#8220;on&#8220;][\/et_pb_image][\/et_pb_column][et_pb_column type=&#8220;1_2&#8243; _builder_version=&#8220;3.25&#8243; custom_padding=&#8220;|||&#8220; custom_padding__hover=&#8220;|||&#8220;][et_pb_text admin_label=&#8220;Testo&#8220; _builder_version=&#8220;4.9.0&#8243; background_size=&#8220;initial&#8220; background_position=&#8220;top_left&#8220; background_repeat=&#8220;repeat&#8220; module_alignment=&#8220;left&#8220; use_border_color=&#8220;off&#8220; border_color=&#8220;#ffffff&#8220; border_style=&#8220;solid&#8220;]<\/p>\n<div class=\"et_pb_module et_pb_text et_pb_text_1  et_pb_text_align_left et_pb_bg_layout_light\">\n<div class=\"et_pb_text_inner\">\n<h3><span class=\"fontstyle0\">TECHNISCHE EIGENSCHAFTEN<\/span><\/h3>\n<\/div>\n<\/div>\n<p>[\/et_pb_text][et_pb_text admin_label=&#8220;Testo&#8220; _builder_version=&#8220;4.9.0&#8243; module_alignment=&#8220;left&#8220;]<\/p>\n<p>Automatischer Pulverdosierer, der unter Verwendung eines innovativen Pulver-in-drop-Dosiersystems entwickelt wurden, welches durch internationale Patente gesch\u00fctzt ist.<br \/>XF100 ist die einzige L\u00f6sung auf dem Markt, die f\u00fcr die Installation in kleinen und mittleren Verkaufsstellen geeignet ist, um Trockenpulver in vielen verschiedenen Anwendungsbereichen wie zum Beispiel trockene Farbstoffe f\u00fcr Farben und Lacke.<br \/>Die Dosieranlage kann, mit Hilfe zwei elektronischen Hochpr\u00e4zisionswaagen, die von der TintWise &#x2122; -Software verwaltet wird, Trockenpulver mit einer unglaublichen Pr\u00e4zision dosieren.<br \/>Die Dosieranlage ist wartungsarm und erfordert keine Rekalibrierung nach der Inbetriebaufnahme.<\/p>\n<p><strong>PLUS<\/strong><\/p>\n<ul>\n<li>minimale Dosiermenge 0,02 g<\/li>\n<li>gravimetrische \u201cPulver-in-drop\u201d Dosierung<\/li>\n<li>bis zu 24 Kanister<\/li>\n<li>keine Rekalibrierung erforderlich<\/li>\n<li>schnelle und einfache Kanisterf\u00fcllung durch Einwegkanister<\/li>\n<li>Ethernetverbindung<\/li>\n<li>einfache Wartung<\/li>\n<li>integrierte elektronische Hochpr\u00e4zisionswaage<\/li>\n<\/ul>\n<ul><\/ul>\n<p>[\/et_pb_text][et_pb_button button_url=&#8220;https:\/\/eu.hero.ca\/wp-content\/uploads\/2021\/07\/XF200_de_web.pdf&#8220; url_new_window=&#8220;on&#8220; button_text=&#8220;Download data sheet&#8220; button_alignment=&#8220;left&#8220; _builder_version=&#8220;4.9.0&#8243; background_layout=&#8220;dark&#8220; button_letter_spacing_hover=&#8220;0&#8243; button_text_size__hover_enabled=&#8220;off&#8220; button_one_text_size__hover_enabled=&#8220;off&#8220; button_two_text_size__hover_enabled=&#8220;off&#8220; button_text_color__hover_enabled=&#8220;off&#8220; button_one_text_color__hover_enabled=&#8220;off&#8220; button_two_text_color__hover_enabled=&#8220;off&#8220; button_border_width__hover_enabled=&#8220;off&#8220; button_one_border_width__hover_enabled=&#8220;off&#8220; button_two_border_width__hover_enabled=&#8220;off&#8220; button_border_color__hover_enabled=&#8220;off&#8220; button_one_border_color__hover_enabled=&#8220;off&#8220; button_two_border_color__hover_enabled=&#8220;off&#8220; button_border_radius__hover_enabled=&#8220;off&#8220; button_one_border_radius__hover_enabled=&#8220;off&#8220; button_two_border_radius__hover_enabled=&#8220;off&#8220; button_letter_spacing__hover_enabled=&#8220;on&#8220; button_letter_spacing__hover=&#8220;0&#8243; button_one_letter_spacing__hover_enabled=&#8220;off&#8220; button_two_letter_spacing__hover_enabled=&#8220;off&#8220; button_bg_color__hover_enabled=&#8220;off&#8220; button_one_bg_color__hover_enabled=&#8220;off&#8220; button_two_bg_color__hover_enabled=&#8220;off&#8220;][\/et_pb_button][\/et_pb_column][\/et_pb_row][\/et_pb_section][et_pb_section fb_built=&#8220;1&#8243; _builder_version=&#8220;3.22&#8243;][et_pb_row admin_label=&#8220;Riga&#8220; _builder_version=&#8220;3.25&#8243; background_size=&#8220;initial&#8220; background_position=&#8220;top_left&#8220; background_repeat=&#8220;repeat&#8220; custom_padding=&#8220;0px|||&#8220; make_fullwidth=&#8220;off&#8220; use_custom_width=&#8220;off&#8220; width_unit=&#8220;on&#8220;][et_pb_column type=&#8220;4_4&#8243; _builder_version=&#8220;3.25&#8243; custom_padding=&#8220;|||&#8220; custom_padding__hover=&#8220;|||&#8220;][et_pb_gallery gallery_ids=&#8220;7740,7755,7773,7770,7767,7749,7761,7764,7758,7752,7746&#8243; posts_number=&#8220;16&#8243; show_title_and_caption=&#8220;off&#8220; zoom_icon_color=&#8220;#545454&#8243; admin_label=&#8220;Galleria&#8220; _builder_version=&#8220;4.9.0&#8243; pagination_font_size_tablet=&#8220;51&#8243; pagination_line_height_tablet=&#8220;2&#8243; border_style=&#8220;solid&#8220;][\/et_pb_gallery][\/et_pb_column][\/et_pb_row][\/et_pb_section][et_pb_section fb_built=&#8220;1&#8243; admin_label=&#8220;Sezione&#8220; _builder_version=&#8220;3.22&#8243; background_color=&#8220;#e0e0e0&#8243; custom_padding=&#8220;0px|||&#8220; transparent_background=&#8220;off&#8220; make_fullwidth=&#8220;off&#8220; use_custom_width=&#8220;off&#8220; width_unit=&#8220;on&#8220;][et_pb_row admin_label=&#8220;Riga&#8220; _builder_version=&#8220;3.25&#8243; background_size=&#8220;initial&#8220; background_position=&#8220;top_left&#8220; background_repeat=&#8220;repeat&#8220; make_fullwidth=&#8220;off&#8220; use_custom_width=&#8220;off&#8220; width_unit=&#8220;on&#8220;][et_pb_column type=&#8220;4_4&#8243; _builder_version=&#8220;3.25&#8243; custom_padding=&#8220;|||&#8220; custom_padding__hover=&#8220;|||&#8220;][et_pb_text admin_label=&#8220;Testo&#8220; _builder_version=&#8220;4.9.0&#8243; module_alignment=&#8220;left&#8220; custom_padding=&#8220;|||5px&#8220; border_style_all=&#8220;solid&#8220; border_style=&#8220;solid&#8220;]<\/p>\n<div class=\"et_pb_module et_pb_text et_pb_text_1  et_pb_text_align_left et_pb_bg_layout_light\">\n<p>&nbsp;<\/p>\n<div class=\"et_pb_text_inner\">\n<h3><span class=\"fontstyle0\">TECHNISCHE EIGENSCHAFTEN<\/span><\/h3>\n<\/div>\n<\/div>\n<p><strong>Dosiersystem<\/strong> <br \/>Sequentiell gravimetrisch<\/p>\n<p><strong>Anzahl der Colorants <\/strong><br \/>Bis zu 24<\/p>\n<p><strong>Kanister<\/strong> <br \/>3 Liter Flaschen f\u00fcr trockene Pigment\u00a0Pr\u00e4parationen. Der Dispenser ist mit<br \/>Adaptern f\u00fcr eine schnelle Bef\u00fcllung mit\u00a0trockenen Pigment Pr\u00e4parationen best\u00fcckt.<\/p>\n<p><strong>Elektronische Waagen <\/strong><br \/>Kleine Waage: 6,2 kg +\/- 0,01 g<br \/>Gro\u00dfe Waage: 35 kg +\/- 0,1 g<\/p>\n<p><strong>Standard Gebinde <\/strong><br \/>Kleine Gebinde bis zu 6 kg, Gro\u00dfe Gebinde\/\u00a0Eimer bis zu 35 kg<\/p>\n<p><strong>Kleinste Dosiermenge <\/strong><br \/>0,02 g<\/p>\n<p><strong>Genauigkeit der kleinen Waage\u00a0(bis zu 6,2 kg)<\/strong><br \/>Bereich 0,01 g \u00f7 1,00 g: +\/- 0,01 g<br \/>\u00dcber 1,00 g: +\/- 1%<\/p>\n<p><strong>Genauigkeit der gro\u00dfen Waage\u00a0(bis zu 35 kg)<\/strong><br \/>Bereich 0,1 g \u00f7 10,00 g: +\/- 0,1 g<br \/>\u00dcber 10,00 g: +\/- 1%<\/p>\n<p><strong>Maximale\u00a0Dosiergeschwindigkeit<\/strong><br \/>1.500 g\/min (abh\u00e4ngig von der gew\u00fcnschten\u00a0Genauigkeit)<\/p>\n<p><strong>Dispenser Ma\u00dfe <\/strong><br \/>L 900 \u00d7 P 755 \u00d7 A 1.480<\/p>\n<p><strong>Gewicht (ohne Kanister) <\/strong><br \/>155 kg<\/p>\n<p><strong>Energieversorgung <\/strong><br \/>230\/115 V AC 50\/60 Hz<\/p>\n<p>[\/et_pb_text][\/et_pb_column][\/et_pb_row][\/et_pb_section]<\/p>\n","protected":false},"excerpt":{"rendered":"<p>XF200 TECHNISCHE EIGENSCHAFTEN Automatischer Pulverdosierer, der unter Verwendung eines innovativen Pulver-in-drop-Dosiersystems entwickelt wurden, welches durch internationale Patente gesch\u00fctzt ist.XF100 ist die einzige L\u00f6sung auf dem Markt, die f\u00fcr die Installation in kleinen und mittleren Verkaufsstellen geeignet ist, um Trockenpulver in vielen verschiedenen Anwendungsbereichen wie zum Beispiel trockene Farbstoffe f\u00fcr Farben und Lacke.Die Dosieranlage kann, mit [&hellip;]<\/p>\n","protected":false},"author":1,"featured_media":0,"parent":0,"menu_order":0,"comment_status":"closed","ping_status":"closed","template":"","meta":{"_et_pb_use_builder":"on","_et_pb_old_content":"<p>[et_pb_section fb_built=\"1\" fullwidth=\"on\" admin_label=\"Sezione\" _builder_version=\"3.22\"][et_pb_fullwidth_header title=\"FAMIGLIA DOSATORI POLVERI\" subhead=\"XF200\" content_max_width=\"none\" admin_label=\"Intestazione a Larghezza Piena\" _builder_version=\"4.9.0\" background_color=\"rgba(255, 255, 255, 0)\" background_image=\"https:\/\/eu.hero.ca\/wp-content\/uploads\/2017\/05\/sfondo-acqua.jpg\" hover_enabled=\"0\" background_url=\"https:\/\/eu.hero.ca\/wp-content\/uploads\/2017\/03\/sfondo-low-poly-rosso.jpg\" button_one_letter_spacing_hover=\"0\" button_two_letter_spacing_hover=\"0\" button_one_text_size__hover_enabled=\"off\" button_two_text_size__hover_enabled=\"off\" button_one_text_color__hover_enabled=\"off\" button_two_text_color__hover_enabled=\"off\" button_one_border_width__hover_enabled=\"off\" button_two_border_width__hover_enabled=\"off\" button_one_border_color__hover_enabled=\"off\" button_two_border_color__hover_enabled=\"off\" button_one_border_radius__hover_enabled=\"off\" button_two_border_radius__hover_enabled=\"off\" button_one_letter_spacing__hover_enabled=\"on\" button_one_letter_spacing__hover=\"0\" button_two_letter_spacing__hover_enabled=\"on\" button_two_letter_spacing__hover=\"0\" button_one_bg_color__hover_enabled=\"off\" button_two_bg_color__hover_enabled=\"off\" sticky_enabled=\"0\"][\/et_pb_fullwidth_header][\/et_pb_section][et_pb_section fb_built=\"1\" _builder_version=\"4.9.0\" _module_preset=\"default\"][et_pb_row _builder_version=\"4.9.0\" _module_preset=\"default\"][et_pb_column type=\"4_4\" _builder_version=\"4.9.0\" _module_preset=\"default\"][et_pb_video src=\"https:\/\/eu.hero.ca\/wp-content\/uploads\/2021\/05\/XF200-HERO-presentation-1.mp4\" image_src=\"https:\/\/eu.hero.ca\/wp-content\/uploads\/2021\/05\/xf200.jpg\" _builder_version=\"4.9.0\" _module_preset=\"default\"][\/et_pb_video][\/et_pb_column][\/et_pb_row][\/et_pb_section][et_pb_section fb_built=\"1\" admin_label=\"section\" _builder_version=\"3.22\" custom_padding=\"||0px|\" transparent_background=\"off\" make_fullwidth=\"off\" use_custom_width=\"off\" width_unit=\"on\"][et_pb_row admin_label=\"Riga\" _builder_version=\"3.25\" background_size=\"initial\" background_position=\"top_left\" background_repeat=\"repeat\"][et_pb_column type=\"4_4\" _builder_version=\"3.25\" custom_padding=\"|||\" custom_padding__hover=\"|||\"][et_pb_text admin_label=\"Testo\" _builder_version=\"4.9.0\" module_alignment=\"left\" border_style=\"solid\"]<\/p><h1>XF200<\/h1><p>[\/et_pb_text][\/et_pb_column][\/et_pb_row][et_pb_row column_structure=\"1_2,1_2\" admin_label=\"Riga\" _builder_version=\"3.25\" background_size=\"initial\" background_position=\"top_left\" background_repeat=\"repeat\"][et_pb_column type=\"1_2\" _builder_version=\"3.25\" custom_padding=\"|||\" custom_padding__hover=\"|||\"][et_pb_image src=\"https:\/\/eu.hero.ca\/wp-content\/uploads\/2021\/05\/XF200_1.jpg\" title_text=\"XF200_1\" align_tablet=\"center\" align_phone=\"\" align_last_edited=\"on|desktop\" admin_label=\"Immagine\" _builder_version=\"4.9.0\" animation_style=\"slide\" animation_direction=\"left\" animation_duration=\"500ms\" animation_intensity_slide=\"10%\" border_style=\"solid\" sticky=\"off\" always_center_on_mobile=\"on\"][\/et_pb_image][\/et_pb_column][et_pb_column type=\"1_2\" _builder_version=\"3.25\" custom_padding=\"|||\" custom_padding__hover=\"|||\"][et_pb_text admin_label=\"Testo\" _builder_version=\"4.9.0\" background_size=\"initial\" background_position=\"top_left\" background_repeat=\"repeat\" module_alignment=\"left\" hover_enabled=\"0\" use_border_color=\"off\" border_color=\"#ffffff\" border_style=\"solid\" sticky_enabled=\"0\"]<\/p><h3>CARATTERISTICHE TECNICHE<\/h3><p>[\/et_pb_text][et_pb_text admin_label=\"Testo\" _builder_version=\"4.9.0\" module_alignment=\"left\" hover_enabled=\"0\" sticky_enabled=\"0\"]<\/p><p>Dosatori automatici di polvere, sviluppati utilizzando un innovativo sistema di dosaggio in polvere, coperto da brevetti internazionali. Adatto per l\u2019installazione in punti di vendita di piccole e medie dimensioni, XF200 \u00e8 l\u2019unica soluzione disponibile sul mercato per distribuire polveri secche in diversi campi di applicazione come coloranti a secco per pitture e rivestimenti.<\/p><p>L\u2019erogatore pu\u00f2 dosare polveri secche raggiungendo un incredibile livello di precisione attraverso due bilance elettroniche ad alta precisione, gestite dal software TintWise \u2122.<\/p><p>Il dosatore \u00e8 privo di manutenzione e non richiede alcuna calibrazione dopo l\u2019installazione.<\/p><p><strong>PLUS<br \/><\/strong><\/p><ul><li>quantit\u00e0 minima di dosaggio 0,01 g<\/li><li>dosaggio gravimetrico in polvere<\/li><li>fino a 24 canestri<\/li><li>ricalibrazione NON \u00e8 necessaria<\/li><li>ricarica rapida e facile con i canestri monouso<\/li><li>connessione Ethernet e wireless compatibile<\/li><li>facilit\u00e0 di manutenzione<\/li><li>bilancia elettronica ad alta precisione integrata<\/li><\/ul><p>[\/et_pb_text][et_pb_button button_url=\"https:\/\/eu.hero.ca\/wp-content\/uploads\/2021\/05\/XF200.pdf\" url_new_window=\"on\" button_text=\"Download data sheet\" button_alignment=\"left\" _builder_version=\"4.9.0\" background_layout=\"dark\" hover_enabled=\"0\" button_letter_spacing_hover=\"0\" button_text_size__hover_enabled=\"off\" button_one_text_size__hover_enabled=\"off\" button_two_text_size__hover_enabled=\"off\" button_text_color__hover_enabled=\"off\" button_one_text_color__hover_enabled=\"off\" button_two_text_color__hover_enabled=\"off\" button_border_width__hover_enabled=\"off\" button_one_border_width__hover_enabled=\"off\" button_two_border_width__hover_enabled=\"off\" button_border_color__hover_enabled=\"off\" button_one_border_color__hover_enabled=\"off\" button_two_border_color__hover_enabled=\"off\" button_border_radius__hover_enabled=\"off\" button_one_border_radius__hover_enabled=\"off\" button_two_border_radius__hover_enabled=\"off\" button_letter_spacing__hover_enabled=\"on\" button_letter_spacing__hover=\"0\" button_one_letter_spacing__hover_enabled=\"off\" button_two_letter_spacing__hover_enabled=\"off\" button_bg_color__hover_enabled=\"off\" button_one_bg_color__hover_enabled=\"off\" button_two_bg_color__hover_enabled=\"off\" sticky_enabled=\"0\"][\/et_pb_button][\/et_pb_column][\/et_pb_row][\/et_pb_section][et_pb_section fb_built=\"1\" _builder_version=\"3.22\"][et_pb_row admin_label=\"Riga\" _builder_version=\"3.25\" background_size=\"initial\" background_position=\"top_left\" background_repeat=\"repeat\" custom_padding=\"0px|||\" make_fullwidth=\"off\" use_custom_width=\"off\" width_unit=\"on\"][et_pb_column type=\"4_4\" _builder_version=\"3.25\" custom_padding=\"|||\" custom_padding__hover=\"|||\"][et_pb_gallery gallery_ids=\"7740,7755,7773,7770,7767,7749,7761,7764,7758,7752,7746\" posts_number=\"16\" show_title_and_caption=\"off\" zoom_icon_color=\"#545454\" admin_label=\"Galleria\" _builder_version=\"4.9.0\" pagination_font_size_tablet=\"51\" pagination_line_height_tablet=\"2\" border_style=\"solid\"][\/et_pb_gallery][\/et_pb_column][\/et_pb_row][\/et_pb_section][et_pb_section fb_built=\"1\" admin_label=\"Sezione\" _builder_version=\"3.22\" background_color=\"#e0e0e0\" custom_padding=\"0px|||\" transparent_background=\"off\" make_fullwidth=\"off\" use_custom_width=\"off\" width_unit=\"on\"][et_pb_row admin_label=\"Riga\" _builder_version=\"3.25\" background_size=\"initial\" background_position=\"top_left\" background_repeat=\"repeat\" make_fullwidth=\"off\" use_custom_width=\"off\" width_unit=\"on\"][et_pb_column type=\"4_4\" _builder_version=\"3.25\" custom_padding=\"|||\" custom_padding__hover=\"|||\"][et_pb_text admin_label=\"Testo\" _builder_version=\"4.9.0\" module_alignment=\"left\" custom_padding=\"|||5px\" hover_enabled=\"0\" border_style_all=\"solid\" border_style=\"solid\" sticky_enabled=\"0\"]<\/p><h2>CARATTERISTICHE TECNICHE<\/h2><p>\u00a0<\/p><p><strong>Sistema di dosaggio <\/strong><br \/>Sequenziale gravimetrico<\/p><p><strong>Numero circuiti <\/strong><br \/>Fino a 24<\/p><p><strong>Canestri <\/strong><br \/>Bottiglie da 3 litri per i coloranti in polvere. <br \/>La macchina \u00e8 dotata di adattori per le bottiglie per un facile carico e sostituzione dei coloranti in polvere<\/p><p><strong>Bilance elettroniche <\/strong><br \/>Bilancia piccola: 6,2 kg +\/- 0,01 g<br \/>Bilancia grande: 35 kg +\/- 0,1 g<\/p><p><strong>Recipienti di destinazione <\/strong><br \/>Barattoli fino a 6 kg, Secchi \/ Latte fino a 35 kg<\/p><p><strong>Quantit\u00e0 minima di dosaggio <\/strong><br \/>0,02 g<\/p><p><strong>Precisione bilancia piccola (fino a 6,2 kg)<\/strong><br \/>Intervallo 0,01 g \u00f7 1,00 g: +\/- 0,01 g<br \/>Oltre 1,00 g: +\/- 1%<\/p><p><strong>Precisione bilancia grande (fino a 35 kg)<\/strong><br \/>Intervallo 0,01 g \u00f7 10,00 g: +\/- 0,01 g<br \/>Oltre 10,00 g: +\/- 1%<\/p><p><strong>Velocit\u00e0 massima di dosaggio <\/strong><br \/>1.500 g\/min (a seconda della precisione richiesta)<\/p><p><strong>Dimensioni macchina <\/strong><br \/>L 900 \u00d7 P 755 \u00d7 A 1.480<\/p><p><strong>Peso senza canestri <\/strong><br \/>155 kg<\/p><p><strong>Alimentazione elettrica <\/strong><br \/>230\/115 V AC 50\/60 Hz<\/p><p>[\/et_pb_text][\/et_pb_column][\/et_pb_row][\/et_pb_section]<\/p>","_et_gb_content_width":"","footnotes":""},"class_list":["post-7829","page","type-page","status-publish","hentry"],"_links":{"self":[{"href":"https:\/\/eu.hero.ca\/de\/wp-json\/wp\/v2\/pages\/7829","targetHints":{"allow":["GET"]}}],"collection":[{"href":"https:\/\/eu.hero.ca\/de\/wp-json\/wp\/v2\/pages"}],"about":[{"href":"https:\/\/eu.hero.ca\/de\/wp-json\/wp\/v2\/types\/page"}],"author":[{"embeddable":true,"href":"https:\/\/eu.hero.ca\/de\/wp-json\/wp\/v2\/users\/1"}],"replies":[{"embeddable":true,"href":"https:\/\/eu.hero.ca\/de\/wp-json\/wp\/v2\/comments?post=7829"}],"version-history":[{"count":0,"href":"https:\/\/eu.hero.ca\/de\/wp-json\/wp\/v2\/pages\/7829\/revisions"}],"wp:attachment":[{"href":"https:\/\/eu.hero.ca\/de\/wp-json\/wp\/v2\/media?parent=7829"}],"curies":[{"name":"wp","href":"https:\/\/api.w.org\/{rel}","templated":true}]}}