
{"id":4997,"date":"2017-10-02T14:17:38","date_gmt":"2017-10-02T14:17:38","guid":{"rendered":"http:\/\/eu.hero.ca\/?page_id=4997"},"modified":"2017-10-06T11:07:45","modified_gmt":"2017-10-06T11:07:45","slug":"innovation-technology","status":"publish","type":"page","link":"https:\/\/eu.hero.ca\/it\/innovation-technology\/","title":{"rendered":"INNOVATION TECHNOLOGY"},"content":{"rendered":"<p>[et_pb_section bb_built=&#8221;1&#8243; fullwidth=&#8221;on&#8221; specialty=&#8221;off&#8221; _builder_version=&#8221;3.0.51&#8243; global_module=&#8221;4602&#8243;][et_pb_fullwidth_image admin_label=&#8221;Banda intestazione&#8221; global_parent=&#8221;4602&#8243; _builder_version=&#8221;3.0.51&#8243; src=&#8221;https:\/\/eu.hero.ca\/wp-content\/uploads\/2017\/03\/colors_slim.jpg&#8221; show_in_lightbox=&#8221;off&#8221; url_new_window=&#8221;off&#8221; use_overlay=&#8221;off&#8221; border_style=&#8221;solid&#8221; animation=&#8221;left&#8221; \/][\/et_pb_section][et_pb_section bb_built=&#8221;1&#8243; admin_label=&#8221;Sezione&#8221; fullwidth=&#8221;on&#8221; specialty=&#8221;off&#8221;][et_pb_fullwidth_header admin_label=&#8221;Intestazione a Larghezza Piena&#8221; title=&#8221;INNOVATION TECHNOLOGY&#8221; background_layout=&#8221;dark&#8221; text_orientation=&#8221;center&#8221; header_fullscreen=&#8221;off&#8221; header_scroll_down=&#8221;off&#8221; background_url=&#8221;https:\/\/eu.hero.ca\/wp-content\/uploads\/2017\/02\/NIK_2073.jpg&#8221; background_overlay_color=&#8221;rgba(38,38,38,0.81)&#8221; parallax=&#8221;off&#8221; parallax_method=&#8221;off&#8221; content_orientation=&#8221;center&#8221; image_orientation=&#8221;center&#8221; custom_button_one=&#8221;off&#8221; button_one_letter_spacing=&#8221;0&#8243; button_one_use_icon=&#8221;default&#8221; button_one_icon_placement=&#8221;right&#8221; button_one_on_hover=&#8221;on&#8221; button_one_letter_spacing_hover=&#8221;0&#8243; custom_button_two=&#8221;off&#8221; button_two_letter_spacing=&#8221;0&#8243; button_two_use_icon=&#8221;default&#8221; button_two_icon_placement=&#8221;right&#8221; button_two_on_hover=&#8221;on&#8221; button_two_letter_spacing_hover=&#8221;0&#8243; background_image=&#8221;https:\/\/eu.hero.ca\/wp-content\/uploads\/2017\/02\/NIK_2073.jpg&#8221; animation_style=&#8221;slide&#8221; animation_duration=&#8221;500ms&#8221; animation_intensity_slide=&#8221;10%&#8221; animation_direction=&#8221;left&#8221; \/][\/et_pb_section][et_pb_section bb_built=&#8221;1&#8243; admin_label=&#8221;section&#8221; inner_shadow=&#8221;off&#8221; parallax=&#8221;off&#8221;][et_pb_row admin_label=&#8221;row&#8221; background_position=&#8221;top_left&#8221; background_repeat=&#8221;repeat&#8221; background_size=&#8221;initial&#8221;][et_pb_column type=&#8221;1_2&#8243;][et_pb_image admin_label=&#8221;Immagine&#8221; src=&#8221;https:\/\/eu.hero.ca\/wp-content\/uploads\/2017\/02\/pcp_hero.jpg&#8221; show_in_lightbox=&#8221;off&#8221; url_new_window=&#8221;off&#8221; use_overlay=&#8221;off&#8221; animation=&#8221;left&#8221; sticky=&#8221;off&#8221; align=&#8221;left&#8221; force_fullwidth=&#8221;off&#8221; always_center_on_mobile=&#8221;on&#8221; use_border_color=&#8221;off&#8221; border_color=&#8221;#ffffff&#8221; border_style=&#8221;solid&#8221; animation_direction=&#8221;left&#8221; \/][\/et_pb_column][et_pb_column type=&#8221;1_2&#8243;][et_pb_text admin_label=&#8221;Testo&#8221; background_layout=&#8221;light&#8221; text_orientation=&#8221;left&#8221; use_border_color=&#8221;off&#8221; border_color=&#8221;#ffffff&#8221; border_style=&#8221;solid&#8221; background_position=&#8221;top_left&#8221; background_repeat=&#8221;repeat&#8221; background_size=&#8221;initial&#8221; module_alignment=&#8221;left&#8221;]<\/p>\n<h1>POMPA A CAVIT\u00c0 PROGRESSIVA<\/h1>\n<p><span class=\"fontstyle0\">Ad HERO si attribuisce il merito di aver reso disponibile sul mercato la tecnologia di dosaggio con pompe a cavit\u00e0 progressiva (PCP), ritenuta una delle migliori tecnologie attualmente esistenti in questo ambito.<br \/>\nLe pompe a cavit\u00e0 progressiva (PCP), si rivelano<br \/>\nparticolarmente precise ed affidabili nella gestione dei fluidi con le criticit\u00e0 tipiche dei coloranti in pasta per vernici, anche nelle condizioni di lavoro pi\u00f9 severe.<br \/>\nIl principio di funzionamento permette di semplificare il circuito di dosaggio riducendolo ad un unico componente che svolge la doppia funzione di pompa (reversibile) e valvola.<\/span><\/p>\n<p>[\/et_pb_text][\/et_pb_column][\/et_pb_row][et_pb_row admin_label=&#8221;Riga&#8221; background_position=&#8221;top_left&#8221; background_repeat=&#8221;repeat&#8221; background_size=&#8221;initial&#8221;][et_pb_column type=&#8221;1_2&#8243;][et_pb_image admin_label=&#8221;Immagine&#8221; src=&#8221;https:\/\/eu.hero.ca\/wp-content\/uploads\/2017\/02\/tintwise_hero.jpg&#8221; show_in_lightbox=&#8221;off&#8221; url_new_window=&#8221;off&#8221; use_overlay=&#8221;off&#8221; animation=&#8221;left&#8221; sticky=&#8221;off&#8221; align=&#8221;left&#8221; force_fullwidth=&#8221;off&#8221; always_center_on_mobile=&#8221;on&#8221; use_border_color=&#8221;off&#8221; border_color=&#8221;#ffffff&#8221; border_style=&#8221;solid&#8221; animation_direction=&#8221;left&#8221; \/][\/et_pb_column][et_pb_column type=&#8221;1_2&#8243;][et_pb_text admin_label=&#8221;Testo&#8221; background_layout=&#8221;light&#8221; text_orientation=&#8221;left&#8221; border_style=&#8221;solid&#8221; background_position=&#8221;top_left&#8221; background_repeat=&#8221;repeat&#8221; background_size=&#8221;initial&#8221; _builder_version=&#8221;3.0.51&#8243; module_alignment=&#8221;left&#8221;]<\/p>\n<h2>SOFTWARE<\/h2>\n<p><span class=\"fontstyle0\">HERO ha creato il TintWise\u2122 che, oltre ad agire come programma di controllo e gestione della macchina, \u00e8 uno dei migliori software da POS per semplicit\u00e0 di utilizzo (user friendly).<br \/>\nSviluppato internamente, offre la completa gestione delle statistiche di utilizzo del tintometro, una facile gestione dei database e degli aggiornamenti formule.Inoltre offre la possibilit\u00e0 di essere interfacciato con la maggior parte dei software di colorimetria, gestione database formule e software di gestione tintometri automatici presenti sul mercato.<\/span><\/p>\n<p>[\/et_pb_text][\/et_pb_column][\/et_pb_row][et_pb_row admin_label=&#8221;Riga&#8221; background_position=&#8221;top_left&#8221; background_repeat=&#8221;repeat&#8221; background_size=&#8221;initial&#8221;][et_pb_column type=&#8221;1_2&#8243;][et_pb_image admin_label=&#8221;Immagine&#8221; src=&#8221;https:\/\/eu.hero.ca\/wp-content\/uploads\/2017\/02\/tco.jpg&#8221; show_in_lightbox=&#8221;off&#8221; url_new_window=&#8221;off&#8221; use_overlay=&#8221;off&#8221; animation=&#8221;left&#8221; sticky=&#8221;off&#8221; align=&#8221;left&#8221; force_fullwidth=&#8221;off&#8221; always_center_on_mobile=&#8221;on&#8221; border_style=&#8221;solid&#8221; animation_direction=&#8221;left&#8221; _builder_version=&#8221;3.0.74&#8243; show_bottom_space=&#8221;on&#8221; \/][\/et_pb_column][et_pb_column type=&#8221;1_2&#8243;][et_pb_divider admin_label=&#8221;Modulo Separatore&#8221; color=&#8221;#ffffff&#8221; show_divider=&#8221;off&#8221; height=&#8221;4&#8243; divider_style=&#8221;solid&#8221; divider_position=&#8221;top&#8221; hide_on_mobile=&#8221;on&#8221; disabled_on=&#8221;on&#8221; \/][et_pb_text admin_label=&#8221;Testo&#8221; background_layout=&#8221;light&#8221; text_orientation=&#8221;left&#8221; use_border_color=&#8221;off&#8221; border_color=&#8221;#ffffff&#8221; border_style=&#8221;solid&#8221; background_position=&#8221;top_left&#8221; background_repeat=&#8221;repeat&#8221; background_size=&#8221;initial&#8221; module_alignment=&#8221;left&#8221;]<\/p>\n<h2>TOTAL COST OF OWNERSHIP (TCO)<\/h2>\n<p><span class=\"fontstyle0\">HERO \u00e8 stata la prima azienda sul mercato a fornire una soluzione che integrasse la gestione pluriennale della manutenzione nel costo delle macchine.<\/span><span class=\"fontstyle0\"><br \/>\nQuesta tecnologia in continua evoluzione, garantisce un ottimo livello di affdabilit\u00e0, ripetibilit\u00e0 e precisione.<br \/>\nGrazie alle pompe a cavit\u00e0 progressiva (PCP) la ricalibrazione periodica dei circuiti non \u00e8 pi\u00f9 necessaria.<\/span><\/p>\n<p>[\/et_pb_text][\/et_pb_column][\/et_pb_row][\/et_pb_section]<\/p>\n","protected":false},"excerpt":{"rendered":"<p>POMPA A CAVIT\u00c0 PROGRESSIVA Ad HERO si attribuisce il merito di aver reso disponibile sul mercato la tecnologia di dosaggio con pompe a cavit\u00e0 progressiva (PCP), ritenuta una delle migliori tecnologie attualmente esistenti in questo ambito. Le pompe a cavit\u00e0 progressiva (PCP), si rivelano particolarmente precise ed affidabili nella gestione dei fluidi con le criticit\u00e0 [&hellip;]<\/p>\n","protected":false},"author":1,"featured_media":0,"parent":0,"menu_order":0,"comment_status":"closed","ping_status":"closed","template":"","meta":{"_et_pb_use_builder":"on","_et_pb_old_content":"","_et_gb_content_width":"","footnotes":""},"class_list":["post-4997","page","type-page","status-publish","hentry"],"_links":{"self":[{"href":"https:\/\/eu.hero.ca\/it\/wp-json\/wp\/v2\/pages\/4997","targetHints":{"allow":["GET"]}}],"collection":[{"href":"https:\/\/eu.hero.ca\/it\/wp-json\/wp\/v2\/pages"}],"about":[{"href":"https:\/\/eu.hero.ca\/it\/wp-json\/wp\/v2\/types\/page"}],"author":[{"embeddable":true,"href":"https:\/\/eu.hero.ca\/it\/wp-json\/wp\/v2\/users\/1"}],"replies":[{"embeddable":true,"href":"https:\/\/eu.hero.ca\/it\/wp-json\/wp\/v2\/comments?post=4997"}],"version-history":[{"count":0,"href":"https:\/\/eu.hero.ca\/it\/wp-json\/wp\/v2\/pages\/4997\/revisions"}],"wp:attachment":[{"href":"https:\/\/eu.hero.ca\/it\/wp-json\/wp\/v2\/media?parent=4997"}],"curies":[{"name":"wp","href":"https:\/\/api.w.org\/{rel}","templated":true}]}}