
{"id":5983,"date":"2017-10-05T15:29:50","date_gmt":"2017-10-05T15:29:50","guid":{"rendered":"http:\/\/eu.hero.ca\/cookies-info\/"},"modified":"2017-10-05T15:29:50","modified_gmt":"2017-10-05T15:29:50","slug":"cookies-info","status":"publish","type":"page","link":"https:\/\/eu.hero.ca\/it\/cookies-info\/","title":{"rendered":"Cookies info"},"content":{"rendered":"<div class=\" et_pb_row et_pb_row_0\">\n<div class=\"et_pb_column et_pb_column_4_4  et_pb_column_0\">\n<div class=\"et_pb_text et_pb_module et_pb_bg_layout_light et_pb_text_align_left  et_pb_text_0\">\n<h1>Informativa sui cookie<\/h1>\n<p>&nbsp;<\/p>\n<p>In base alla legislazione europea in vigore, l\u2019utilizzo di cookie all\u2019interno di un sito internet \u00e8 soggetto a una precisa regolamentazione.<br \/>\nQuesto documento nasce dall\u2019esigenza di uniformarsi a tale regolamentazione.<\/p>\n<h2>Cosa \u00e8 un cookie<\/h2>\n<p>Un cookie \u00e8 una stringa di testo che il sito visitato manda all\u2019utente (generalmente al browser) per vari scopi.<br \/>\nSecondo le direttive del garante della privacy i cookie possono essere suddivisi in <strong>tecnici<\/strong> e <strong>di profilatura<\/strong>.<br \/>\nRientrano nella <strong>prima categoria<\/strong> i cookie inviati dal sito stesso per finalit\u00e0 strettamente connesse alla navigazione.<br \/>\nPu\u00f2 trattarsi di <em>cookie di navigazione o di sessione<\/em>, che garantiscono la normale navigazione e fruizione del sito, oppure di <em>cookie analytics<\/em>, che vengono utilizzati per raccogliere informazioni aggregate sul numero degli utenti o su come questi visitano il sito web, oppure di <em>cookie di funzionalit\u00e0<\/em>, utilizzati per migliorare la visione del sito in funzione di determinati criteri (ad esempio la lingua).<br \/>\nPer questo genere di cookie non \u00e8 richiesto il preventivo consenso da parte dell\u2019utente alla loro installazione n\u00e9 \u00e8 richiesta la comunicazione al garante della privacy, ma \u00e8 necessario formulare la presente informativa.<\/p>\n<p>Nella <strong>seconda categoria <\/strong>rientrano i cookie utilizzati con il fine profilare l\u2019utente allo scopo di fornirgli pubblicit\u00e0 mirata in base alle sue abitudini di navigazione.<\/p>\n<p>&nbsp;<\/p>\n<h2>Chi invia i cookie<\/h2>\n<p>I cookie possono essere inviati dal sito stesso oppure da servizi terzi a cui il sito stesso si appoggia. Il gestore del sito risponde dei cookie inviati direttamente, mentre per quelli inviati da soggetti terzi deve esserne indicata la provenienza e il link di riferimento in merito alla policy.<br \/>\nRientrano fra i siti terzi anche i cookie di Google Analytics, che servono per raccogliere dati non personalizzati sulla navigazione del sito, e rientrano fra i cookie tecnici.<\/p>\n<p>&nbsp;<\/p>\n<h2>Quali cookie utilizza questo sito?<\/h2>\n<p>In questo sito sono utilizzati cookie tecnici, di tipo sessione, e i cookie di terze parti di Google Analytics.<\/p>\n<p>I <strong>cookie di sessione<\/strong> servono per tenere traccia delle scelte operate dall\u2019utente nella visita effettuata.<\/p>\n<p><strong>Cookie di terze parti<\/strong><\/p>\n<p>Visitando un sito web si possono ricevere cookie sia dal sito visitato (proprietari), sia da siti gestiti da altre organizzazioni (terze parti).<\/p>\n<p>Un esempio notevole \u00e8 rappresentato dalla presenza dei \u201c<strong>social plugin<\/strong>\u201d per Facebook, Twitter, Google+ e LinkedIn. Si tratta di parti della pagina visitata generate direttamente dai suddetti siti ed integrati nella pagina del sito ospitante. L\u2019utilizzo pi\u00f9 comune dei <em>social plugin<\/em> \u00e8 finalizzato alla condivisione dei contenuti sui social network.<\/p>\n<p>La presenza di questi <em>plugin<\/em> comporta la trasmissione di cookie da e verso tutti i siti gestiti da terze parti. La gestione delle informazioni raccolte da \u201cterze parti\u201d \u00e8 disciplinata dalle relative informative cui si prega di fare riferimento. Per garantire una maggiore trasparenza e comodit\u00e0, si riportano qui di seguito gli indirizzi web delle diverse informative e delle modalit\u00e0 per la gestione dei cookie.<\/p>\n<p>Facebook informativa: <a href=\"https:\/\/www.facebook.com\/help\/cookies\/\">https:\/\/www.facebook.com\/help\/cookies\/<\/a><\/p>\n<p>Twitter informative: <a href=\"https:\/\/support.twitter.com\/articles\/20170514\">https:\/\/support.twitter.com\/articles\/20170514<\/a><\/p>\n<p>Linkedin informativa: <a href=\"https:\/\/www.linkedin.com\/legal\/cookie-policy\">https:\/\/www.linkedin.com\/legal\/cookie-policy<\/a><\/p>\n<p>Google+ informativa: <a href=\"http:\/\/www.google.it\/intl\/it\/policies\/technologies\/cookies\/\">http:\/\/www.google.it\/intl\/it\/policies\/technologies\/cookies\/<\/a><\/p>\n<p><strong>Google Analytics<\/strong><\/p>\n<p>Questo sito web utilizza Google Analytics, un servizio di analisi web fornito da Google , Inc. ( \u201cGoogle\u201d) . Google Analytics utilizza dei \u201ccookies\u201d , che sono file di testo depositati sul Vostro computer per consentire al sito web di analizzare come gli utenti utilizzano il sito . Le informazioni generate dal cookie sull\u2019utilizzo del sito web ( compreso il Vostro indirizzo IP anonimo ) verranno trasmesse e depositate presso i server di Google negli Stati Uniti. Google utilizzer\u00e0 queste informazioni allo scopo di esaminare il Vostro utilizzo del sito web, compilare report sulle attivit\u00e0 del sito per gli operatori dello stesso e fornire altri servizi relativi alle attivit\u00e0 del sito web e all\u2019utilizzo di internet. Google pu\u00f2 anche trasferire queste informazioni a terzi ove ci\u00f2 sia imposto dalla legge o laddove tali terzi trattino le suddette informazioni per conto di Google . Google non assocer\u00e0 il vostro indirizzo IP a nessun altro dato posseduto da Google. Potete rifiutarvi di usare i cookies selezionando l\u2019impostazione appropriata sul vostro browser, ma si prega di notare che se si fa questo non si pu\u00f2 essere in grado di utilizzare tutte le funzionalit\u00e0 di questo sito web . Utilizzando il presente sito web, voi acconsentite al trattamento dei Vostri dati da parte di Google per le modalit\u00e0 ed i fini sopraindicati .<\/p>\n<h2>Come posso controllare l\u2019installazione di Cookie?<\/h2>\n<p>I cookie non registrano alcuna informazione personale su un utente e gli eventuali dati identificabili non verranno memorizzati. Se si desidera disabilitare l\u2019uso dei cookie \u00e8 necessario personalizzare le impostazioni del proprio computer impostando la cancellazione di tutti i cookie o attivando un messaggio di avviso quando i cookie vengono memorizzati. Per procedere senza modificare l\u2019applicazione dei cookie \u00e8 sufficiente continuare con la navigazione.<\/p>\n<p>In aggiunta a quanto indicato in questo documento, l\u2019Utente pu\u00f2 gestire le preferenze relative ai Cookie direttamente all\u2019interno del proprio browser ed impedire \u2013 ad esempio \u2013 che terze parti possano installarne. Tramite le preferenze del browser \u00e8 inoltre possibile eliminare i Cookie installati in passato, incluso il Cookie in cui venga eventualmente salvato il consenso all\u2019installazione di Cookie da parte di questo sito.<\/p>\n<p>\u00c8 importante notare che disabilitando tutti i Cookie, il funzionamento di questo sito potrebbe essere compromesso.<\/p>\n<p>&nbsp;<\/p>\n<h2>Posso disabilitare i cookie?<\/h2>\n<p>Di default i cookie sono abilitati in ogni browser.<br \/>\nQuesto perch\u00e9 non utilizzarli limita l\u2019esperienza utente e impedisce, a volte, di poter accedere a qualche sito.<br \/>\nE\u2019 comunque possibile disabilitare l\u2019uso dei cookie agendo sulle impostazioni avanzate del browser.<br \/>\nE\u2019 possibile cliccare sui link seguenti per avere istruzioni dettagliate sulla rimozione e controllo dei cookie (i link riportano a siti esterni al presente sito).<\/p>\n<ul>\n<li><a href=\"http:\/\/www.aboutcookies.org\/\"><em>Aboutcookie.org<\/em><\/a><\/li>\n<li><a href=\"https:\/\/support.google.com\/chrome\/answer\/95582\"><em>Google Chrome \u2013 Eliminare i cookie<\/em><\/a><\/li>\n<li><a href=\"https:\/\/support.google.com\/chrome\/answer\/95647?hl=it\"><em>Google Chrome \u2013 Bloccare i cookie<\/em><\/a><\/li>\n<li><a href=\"http:\/\/windows.microsoft.com\/it-it\/internet-explorer\/delete-manage-cookies#ie=ie-11\"><em>Windows IE \u2013 Eliminare e gestire i cookie<\/em><\/a><\/li>\n<li><a href=\"https:\/\/support.mozilla.org\/it\/kb\/Eliminare%20i%20cookie\"><em>Firefox\u2013 Eliminare i cookie<\/em><\/a><\/li>\n<li><a href=\"https:\/\/support.mozilla.org\/it\/kb\/Bloccare%20i%20cookie\"><em>Firefox\u2013 Bloccare i cookie<\/em><\/a><\/li>\n<li><a href=\"https:\/\/support.apple.com\/it-it\/HT201265\"><em>Safari\u2013 Bloccare ed eliminare i cookie<\/em><\/a><\/li>\n<li><a href=\"http:\/\/help.opera.com\/Windows\/10.00\/it\/cookies.html\"><em>Opera\u2013 Gestione dei cookie<\/em><\/a><\/li>\n<\/ul>\n<p>&nbsp;<\/p>\n<p>E\u2019 possibile in oltre disattivare i cookie di Google Analytics nel browser in uso. Per ottenere questo \u00e8 necessario scaricare e installare un componente aggiuntivo per il browser usato (se si utilizzano pi\u00f9 browser l\u2019installazione deve essere effettuata su tutti). Tale componente \u00e8 scaricabile direttamente dai server di Google a questo indirizzo: <a href=\"https:\/\/tools.google.com\/dlpage\/gaoptout\/\">https:\/\/tools.google.com\/dlpage\/gaoptout\/<\/a><\/p>\n<p>&nbsp;<\/p>\n<p>Per ogni domanda di chiarimento, Vi preghiamo di contattare l\u2019amministratore del sito.<\/p>\n<\/div>\n<\/div>\n<\/div>\n","protected":false},"excerpt":{"rendered":"<p>Informativa sui cookie &nbsp; In base alla legislazione europea in vigore, l\u2019utilizzo di cookie all\u2019interno di un sito internet \u00e8 soggetto a una precisa regolamentazione. Questo documento nasce dall\u2019esigenza di uniformarsi a tale regolamentazione. Cosa \u00e8 un cookie Un cookie \u00e8 una stringa di testo che il sito visitato manda all\u2019utente (generalmente al browser) per [&hellip;]<\/p>\n","protected":false},"author":1,"featured_media":0,"parent":0,"menu_order":0,"comment_status":"closed","ping_status":"closed","template":"","meta":{"_et_pb_use_builder":"","_et_pb_old_content":"","_et_gb_content_width":"","footnotes":""},"class_list":["post-5983","page","type-page","status-publish","hentry"],"_links":{"self":[{"href":"https:\/\/eu.hero.ca\/it\/wp-json\/wp\/v2\/pages\/5983","targetHints":{"allow":["GET"]}}],"collection":[{"href":"https:\/\/eu.hero.ca\/it\/wp-json\/wp\/v2\/pages"}],"about":[{"href":"https:\/\/eu.hero.ca\/it\/wp-json\/wp\/v2\/types\/page"}],"author":[{"embeddable":true,"href":"https:\/\/eu.hero.ca\/it\/wp-json\/wp\/v2\/users\/1"}],"replies":[{"embeddable":true,"href":"https:\/\/eu.hero.ca\/it\/wp-json\/wp\/v2\/comments?post=5983"}],"version-history":[{"count":0,"href":"https:\/\/eu.hero.ca\/it\/wp-json\/wp\/v2\/pages\/5983\/revisions"}],"wp:attachment":[{"href":"https:\/\/eu.hero.ca\/it\/wp-json\/wp\/v2\/media?parent=5983"}],"curies":[{"name":"wp","href":"https:\/\/api.w.org\/{rel}","templated":true}]}}